{"id":91310,"date":"2025-03-19T08:55:42","date_gmt":"2025-03-19T00:55:42","guid":{"rendered":"https:\/\/bsghgranulator.com\/?post_type=product&#038;p=91310"},"modified":"2025-09-20T20:50:16","modified_gmt":"2025-09-20T12:50:16","slug":"bs-an130-automatic-cable-stripping-machine","status":"publish","type":"product","link":"https:\/\/bsghgranulator.com\/de\/product\/bs-an130-automatische-kabelabisoliermaschine\/","title":{"rendered":"BS-AN130 Automatische Kabelabisoliermaschine"},"content":{"rendered":"<div data-elementor-type=\"product-post\" data-elementor-id=\"91310\" class=\"elementor elementor-91310\" data-elementor-post-type=\"product\">\n\t\t\t\t\t\t<section class=\"elementor-section elementor-top-section elementor-element elementor-element-ae55eec custom-ele-section-css elementor-section-boxed elementor-section-height-default elementor-section-height-default\" data-id=\"ae55eec\" data-element_type=\"section\" data-e-type=\"section\">\n\t\t\t\t\t\t<div class=\"elementor-container elementor-column-gap-default\">\n\t\t\t\t\t<div class=\"elementor-column elementor-col-100 elementor-top-column elementor-element elementor-element-1f1cfb0\" data-id=\"1f1cfb0\" data-element_type=\"column\" data-e-type=\"column\">\n\t\t\t<div class=\"elementor-widget-wrap elementor-element-populated\">\n\t\t\t\t\t\t<div class=\"elementor-element elementor-element-29233bd elementor-widget elementor-widget-heading\" data-id=\"29233bd\" data-element_type=\"widget\" data-e-type=\"widget\" data-widget_type=\"heading.default\">\n\t\t\t\t<div class=\"elementor-widget-container\">\n\t\t\t\t\t<h2 class=\"elementor-heading-title elementor-size-default\">BS-AN130 Automatic Cable Stripping Machine Data<\/h2>\t\t\t\t<\/div>\n\t\t\t\t<\/div>\n\t\t\t\t<div class=\"elementor-element elementor-element-9bd5c24 elementor-widget elementor-widget-text-editor\" data-id=\"9bd5c24\" data-element_type=\"widget\" data-e-type=\"widget\" data-widget_type=\"text-editor.default\">\n\t\t\t\t<div class=\"elementor-widget-container\">\n\t\t\t\t\t\t\t\t\t<p>BS-AN130 is a multifunction model of industrial cable stripping machine, can strip scrap cables from small to big, durable and high effiency.<\/p>\t\t\t\t\t\t\t\t<\/div>\n\t\t\t\t<\/div>\n\t\t\t\t<div class=\"elementor-element elementor-element-98a8b41 eael-dt-th-align-center eael-table-align-center elementor-widget elementor-widget-eael-data-table\" data-id=\"98a8b41\" data-element_type=\"widget\" data-e-type=\"widget\" data-widget_type=\"eael-data-table.default\">\n\t\t\t\t<div class=\"elementor-widget-container\">\n\t\t\t\t\t\t\t<div class=\"eael-data-table-wrap\" data-table_id=\"98a8b41\" id=\"eael-data-table-wrapper-98a8b41\" data-custom_responsive=\"false\">\n\t\t\t<table class=\"tablesorter eael-data-table center\" id=\"eael-data-table-98a8b41\">\n\t\t\t    <thead>\n\t\t\t        <tr class=\"table-header\">\n\t\t\t\t\t\t\t\t\t            <th class=\"\" id=\"\" colspan=\"\">\n\t\t\t\t\t\t\t\t\t\t\t\t\t\t<span class=\"data-table-header-text\">Modell<\/span><\/th>\n\t\t\t        \t\t\t\t            <th class=\"\" id=\"\" colspan=\"\">\n\t\t\t\t\t\t\t\t\t\t\t\t\t\t<span class=\"data-table-header-text\">BS-AN130<\/span><\/th>\n\t\t\t        \t\t\t\t        <\/tr>\n\t\t\t    <\/thead>\n\t\t\t  \t<tbody>\n\t\t\t\t\t\t\t\t\t\t\t<tr>\n\t\t\t\t\t\t\t\t\t\t\t\t\t\t\t\t   \t\t\t\t\t\t\t\t\t\t\t<td colspan=\"\" rowspan=\"\" class=\"\" id=\"\">\n\t\t\t\t\t\t\t\t\t\t\t\t<div class=\"td-content-wrapper\"><div class=\"td-content\">\n\t\t\t\t\t\t\t\t\t\t\t\t\tAbmessungen (MM)\t\t\t\t\t\t\t\t\t\t\t\t<\/div><\/div>\n\t\t\t\t\t\t\t\t\t\t\t<\/td>\n\t\t\t\t\t\t\t\t\t\t\t\t\t\t\t\t\t\t\t\t\t\t\t\t\t\t\t\t\t   \t\t\t\t\t\t\t\t\t\t\t<td colspan=\"\" rowspan=\"\" class=\"\" id=\"\">\n\t\t\t\t\t\t\t\t\t\t\t\t<div class=\"td-content-wrapper\"><div class=\"td-content\">\n\t\t\t\t\t\t\t\t\t\t\t\t\t1320\u00d7650\u00d71250\t\t\t\t\t\t\t\t\t\t\t\t<\/div><\/div>\n\t\t\t\t\t\t\t\t\t\t\t<\/td>\n\t\t\t\t\t\t\t\t\t\t\t\t\t\t\t\t\t\t\t\t\t\t\t\t\t\t<\/tr>\n\t\t\t        \t\t\t\t\t\t<tr>\n\t\t\t\t\t\t\t\t\t\t\t\t\t\t\t\t   \t\t\t\t\t\t\t\t\t\t\t<td colspan=\"\" rowspan=\"\" class=\"\" id=\"\">\n\t\t\t\t\t\t\t\t\t\t\t\t<div class=\"td-content-wrapper\"><div class=\"td-content\">\n\t\t\t\t\t\t\t\t\t\t\t\t\tGewicht\t\t\t\t\t\t\t\t\t\t\t\t<\/div><\/div>\n\t\t\t\t\t\t\t\t\t\t\t<\/td>\n\t\t\t\t\t\t\t\t\t\t\t\t\t\t\t\t\t\t\t\t\t\t\t\t\t\t\t\t\t   \t\t\t\t\t\t\t\t\t\t\t<td colspan=\"\" rowspan=\"\" class=\"\" id=\"\">\n\t\t\t\t\t\t\t\t\t\t\t\t<div class=\"td-content-wrapper\"><div class=\"td-content\">\n\t\t\t\t\t\t\t\t\t\t\t\t\t475\/520 kg\t\t\t\t\t\t\t\t\t\t\t\t<\/div><\/div>\n\t\t\t\t\t\t\t\t\t\t\t<\/td>\n\t\t\t\t\t\t\t\t\t\t\t\t\t\t\t\t\t\t\t\t\t\t\t\t\t\t<\/tr>\n\t\t\t        \t\t\t\t\t\t<tr>\n\t\t\t\t\t\t\t\t\t\t\t\t\t\t\t\t   \t\t\t\t\t\t\t\t\t\t\t<td colspan=\"\" rowspan=\"\" class=\"\" id=\"\">\n\t\t\t\t\t\t\t\t\t\t\t\t<div class=\"td-content-wrapper\"><div class=\"td-content\">\n\t\t\t\t\t\t\t\t\t\t\t\t\tLeistung\t\t\t\t\t\t\t\t\t\t\t\t<\/div><\/div>\n\t\t\t\t\t\t\t\t\t\t\t<\/td>\n\t\t\t\t\t\t\t\t\t\t\t\t\t\t\t\t\t\t\t\t\t\t\t\t\t\t\t\t\t   \t\t\t\t\t\t\t\t\t\t\t<td colspan=\"\" rowspan=\"\" class=\"\" id=\"\">\n\t\t\t\t\t\t\t\t\t\t\t\t<div class=\"td-content-wrapper\"><div class=\"td-content\">\n\t\t\t\t\t\t\t\t\t\t\t\t\t5,5 kW mit Untersetzungsgetriebe\t\t\t\t\t\t\t\t\t\t\t\t<\/div><\/div>\n\t\t\t\t\t\t\t\t\t\t\t<\/td>\n\t\t\t\t\t\t\t\t\t\t\t\t\t\t\t\t\t\t\t\t\t\t\t\t\t\t<\/tr>\n\t\t\t        \t\t\t\t\t\t<tr>\n\t\t\t\t\t\t\t\t\t\t\t\t\t\t\t\t   \t\t\t\t\t\t\t\t\t\t\t<td colspan=\"\" rowspan=\"\" class=\"\" id=\"\">\n\t\t\t\t\t\t\t\t\t\t\t\t<div class=\"td-content-wrapper\"><div class=\"td-content\">\n\t\t\t\t\t\t\t\t\t\t\t\t\tKapazit\u00e4t\t\t\t\t\t\t\t\t\t\t\t\t<\/div><\/div>\n\t\t\t\t\t\t\t\t\t\t\t<\/td>\n\t\t\t\t\t\t\t\t\t\t\t\t\t\t\t\t\t\t\t\t\t\t\t\t\t\t\t\t\t   \t\t\t\t\t\t\t\t\t\t\t<td colspan=\"\" rowspan=\"\" class=\"\" id=\"\">\n\t\t\t\t\t\t\t\t\t\t\t\t<div class=\"td-content-wrapper\"><div class=\"td-content\">\n\t\t\t\t\t\t\t\t\t\t\t\t\t1500-4000 kg\/Tag\t\t\t\t\t\t\t\t\t\t\t\t<\/div><\/div>\n\t\t\t\t\t\t\t\t\t\t\t<\/td>\n\t\t\t\t\t\t\t\t\t\t\t\t\t\t\t\t\t\t\t\t\t\t\t\t\t\t<\/tr>\n\t\t\t        \t\t\t\t\t\t<tr>\n\t\t\t\t\t\t\t\t\t\t\t\t\t\t\t\t   \t\t\t\t\t\t\t\t\t\t\t<td colspan=\"\" rowspan=\"\" class=\"\" id=\"\">\n\t\t\t\t\t\t\t\t\t\t\t\t<div class=\"td-content-wrapper\"><div class=\"td-content\">\n\t\t\t\t\t\t\t\t\t\t\t\t\tVerarbeitungsbereich (MM)\t\t\t\t\t\t\t\t\t\t\t\t<\/div><\/div>\n\t\t\t\t\t\t\t\t\t\t\t<\/td>\n\t\t\t\t\t\t\t\t\t\t\t\t\t\t\t\t\t\t\t\t\t\t\t\t\t\t\t\t\t   \t\t\t\t\t\t\t\t\t\t\t<td colspan=\"\" rowspan=\"\" class=\"\" id=\"\">\n\t\t\t\t\t\t\t\t\t\t\t\t<div class=\"td-content-wrapper\"><div class=\"td-content\">\n\t\t\t\t\t\t\t\t\t\t\t\t\tLinker Teil: 15\u2013120 mm<br>\nRechter Teil: 1,5\u201338 mm\t\t\t\t\t\t\t\t\t\t\t\t<\/div><\/div>\n\t\t\t\t\t\t\t\t\t\t\t<\/td>\n\t\t\t\t\t\t\t\t\t\t\t\t\t\t\t\t\t\t\t\t\t\t\t\t\t\t<\/tr>\n\t\t\t        \t\t\t    <\/tbody>\n\t\t\t<\/table>\n\t\t<\/div>\n\t  \t\t\t\t\t<\/div>\n\t\t\t\t<\/div>\n\t\t\t\t\t<\/div>\n\t\t<\/div>\n\t\t\t\t\t<\/div>\n\t\t<\/section>\n\t\t<div class=\"elementor-element elementor-element-526b750 e-flex e-con-boxed e-con e-parent\" data-id=\"526b750\" data-element_type=\"container\" data-e-type=\"container\">\n\t\t\t\t\t<div class=\"e-con-inner\">\n\t\t\t\t<div class=\"elementor-element elementor-element-1fd8990 elementor-align-center elementor-widget elementor-widget-button\" data-id=\"1fd8990\" data-element_type=\"widget\" data-e-type=\"widget\" data-widget_type=\"button.default\">\n\t\t\t\t<div class=\"elementor-widget-container\">\n\t\t\t\t\t\t\t\t\t<div class=\"elementor-button-wrapper\">\n\t\t\t\t\t<a class=\"elementor-button elementor-button-link elementor-size-sm\" href=\"#elementor-action:action=popup:open&settings=eyJpZCI6IjkxNDA3IiwidG9nZ2xlIjpmYWxzZX0=\">\n\t\t\t\t\t\t<span class=\"elementor-button-content-wrapper\">\n\t\t\t\t\t\t\t\t\t<span class=\"elementor-button-text\">Kostenloses Angebot<\/span>\n\t\t\t\t\t<\/span>\n\t\t\t\t\t<\/a>\n\t\t\t\t<\/div>\n\t\t\t\t\t\t\t\t<\/div>\n\t\t\t\t<\/div>\n\t\t\t\t<div class=\"elementor-element elementor-element-3ecf710 elementor-widget elementor-widget-heading\" data-id=\"3ecf710\" data-element_type=\"widget\" data-e-type=\"widget\" data-widget_type=\"heading.default\">\n\t\t\t\t<div class=\"elementor-widget-container\">\n\t\t\t\t\t<h2 class=\"elementor-heading-title elementor-size-default\">Vorteile der automatischen Kabelabisoliermaschine BS-AN130<\/h2>\t\t\t\t<\/div>\n\t\t\t\t<\/div>\n\t\t\t\t<div class=\"elementor-element elementor-element-8673cb8 elementor-widget elementor-widget-text-editor\" data-id=\"8673cb8\" data-element_type=\"widget\" data-e-type=\"widget\" data-widget_type=\"text-editor.default\">\n\t\t\t\t<div class=\"elementor-widget-container\">\n\t\t\t\t\t\t\t\t\t<ol><li>Die Klingen bestehen aus hochfestem, verschlei\u00dffestem Stahl und werden mehrfach professionell w\u00e4rmebehandelt. Dadurch schneiden sie m\u00fchelos durch die Kabelisolierung, ohne den Kern zu besch\u00e4digen, und bieten selbst bei gepanzerten Kabeln eine hervorragende Abisolierleistung.<\/li><li>Unsere Maschinen verursachen nahezu keinen Kupferverlust und die R\u00fcckgewinnungsrate erreicht fast 100%. Sie erhalten komplette Kupferdr\u00e4hte und Kunststoffisolationsschichten. Hochwertiger Kupferdraht ist in der Regel rentabler als Kupferpartikel.<\/li><li>Wir verwenden zur Herstellung des Maschinenrahmens verdickten legierten Stahl, wodurch die strukturelle Festigkeit erheblich verbessert wird und die Maschine auch bei Langzeit- und Hochfrequenzbetrieb stets stabil bleibt.<\/li><li>Die Schl\u00fcsselkomponenten bestehen aus hochwertigen, verschlei\u00dffesten Materialien, sind robust und langlebig und reduzieren den Wartungsaufwand. Die t\u00e4gliche Wartung erfordert lediglich eine einfache Reinigung, Inspektion und den regelm\u00e4\u00dfigen Austausch der Klingen, wodurch eine stabile Leistung von \u00fcber zehn Jahren gew\u00e4hrleistet werden kann.<\/li><li>Die Maschine ist einfach zu bedienen und erfordert keine zus\u00e4tzliche Schulung. F\u00fcr die Materialzufuhr ist nur ein Bediener erforderlich. Der Recyclingprozess l\u00e4uft automatisch ab, was die Arbeitskosten deutlich senkt.<\/li><\/ol>\t\t\t\t\t\t\t\t<\/div>\n\t\t\t\t<\/div>\n\t\t\t\t\t<\/div>\n\t\t\t\t<\/div>\n\t\t<div class=\"elementor-element elementor-element-3251da5 e-flex e-con-boxed e-con e-parent\" data-id=\"3251da5\" data-element_type=\"container\" data-e-type=\"container\">\n\t\t\t\t\t<div class=\"e-con-inner\">\n\t\t<div class=\"elementor-element elementor-element-29d4725 e-con-full e-flex e-con e-child\" data-id=\"29d4725\" data-element_type=\"container\" data-e-type=\"container\">\n\t\t\t\t<div class=\"elementor-element elementor-element-35e7329 elementor-widget elementor-widget-heading\" data-id=\"35e7329\" data-element_type=\"widget\" data-e-type=\"widget\" data-widget_type=\"heading.default\">\n\t\t\t\t<div class=\"elementor-widget-container\">\n\t\t\t\t\t<h2 class=\"elementor-heading-title elementor-size-default\">Wie bedient man die automatische Kabelabisoliermaschine BS-AN130?<\/h2>\t\t\t\t<\/div>\n\t\t\t\t<\/div>\n\t\t\t\t<div class=\"elementor-element elementor-element-6d3f1ba elementor-widget elementor-widget-text-editor\" data-id=\"6d3f1ba\" data-element_type=\"widget\" data-e-type=\"widget\" data-widget_type=\"text-editor.default\">\n\t\t\t\t<div class=\"elementor-widget-container\">\n\t\t\t\t\t\t\t\t\t<p>Die automatische Kabelabisoliermaschine BS-AN130 besteht haupts\u00e4chlich aus zwei Teilen: links und rechts. Sie k\u00f6nnen sie gleichzeitig verwenden, um die Abisoliereffizienz zu verbessern.\u00a0<\/p><ul><li>Der rechte Teil kann d\u00fcnne Dr\u00e4hte von 1,5 bis 38 mm recyceln und verf\u00fcgt \u00fcber 11 Zuf\u00fchr\u00f6ffnungen. Im Betrieb muss der Bediener lediglich den Drahtrest in die Zuf\u00fchr\u00f6ffnung \u00e4hnlicher Gr\u00f6\u00dfe schieben, woraufhin die Maschine automatisch die Isolierschicht durchtrennt und das Endprodukt ausgibt.<\/li><li><p>Der linke Teil wird haupts\u00e4chlich zur Verarbeitung von 15 \u2013 120 mm dicken Dr\u00e4hten und Panzerkabeln verwendet. Bei der Verwendung m\u00fcssen Sie das Ger\u00e4t gem\u00e4\u00df den folgenden Schritten einstellen:<\/p><ol><li>Passen Sie die Breite der Zufuhr\u00f6ffnung entsprechend der Dicke des Kabels an.<\/li><li>Passen Sie die Klingenh\u00f6he entsprechend dem Kabeldurchmesser an.<\/li><\/ol><p>Sobald die Maschine eingestellt ist, k\u00f6nnen Sie den Drahtrest in den Spalt zwischen den beiden Klingen schieben und die Maschine schlie\u00dft den Abisoliervorgang automatisch ab.<\/p><\/li><\/ul>\t\t\t\t\t\t\t\t<\/div>\n\t\t\t\t<\/div>\n\t\t\t\t<div class=\"elementor-element elementor-element-f20bfb2 elementor-widget elementor-widget-heading\" data-id=\"f20bfb2\" data-element_type=\"widget\" data-e-type=\"widget\" data-widget_type=\"heading.default\">\n\t\t\t\t<div class=\"elementor-widget-container\">\n\t\t\t\t\t<h2 class=\"elementor-heading-title elementor-size-default\">Merkmale unserer BS-AN130-Struktur<\/h2>\t\t\t\t<\/div>\n\t\t\t\t<\/div>\n\t\t\t\t<\/div>\n\t\t\t\t<div class=\"elementor-element elementor-element-170d8fb elementor-widget elementor-widget-text-editor\" data-id=\"170d8fb\" data-element_type=\"widget\" data-e-type=\"widget\" data-widget_type=\"text-editor.default\">\n\t\t\t\t<div class=\"elementor-widget-container\">\n\t\t\t\t\t\t\t\t\t<p>Diese 3 Einl\u00e4sse k\u00f6nnen gleichzeitig betrieben werden, wodurch sich Ihre Arbeitseffizienz verdreifacht.<\/p>\t\t\t\t\t\t\t\t<\/div>\n\t\t\t\t<\/div>\n\t\t\t\t<div class=\"elementor-element elementor-element-7e99395 elementor-widget elementor-widget-image\" data-id=\"7e99395\" data-element_type=\"widget\" data-e-type=\"widget\" data-widget_type=\"image.default\">\n\t\t\t\t<div class=\"elementor-widget-container\">\n\t\t\t\t\t\t\t\t\t\t\t\t\t\t\t<img fetchpriority=\"high\" decoding=\"async\" width=\"800\" height=\"460\" src=\"https:\/\/bsghgranulator.com\/wp-content\/uploads\/2025\/03\/BS-AN130-automatic-cable-stripping-machine-structure-1024x589.jpg\" class=\"attachment-large size-large wp-image-91397\" alt=\"\" srcset=\"https:\/\/bsghgranulator.com\/wp-content\/uploads\/2025\/03\/BS-AN130-automatic-cable-stripping-machine-structure-1024x589.jpg 1024w, https:\/\/bsghgranulator.com\/wp-content\/uploads\/2025\/03\/BS-AN130-automatic-cable-stripping-machine-structure-300x173.jpg 300w, https:\/\/bsghgranulator.com\/wp-content\/uploads\/2025\/03\/BS-AN130-automatic-cable-stripping-machine-structure-768x442.jpg 768w, https:\/\/bsghgranulator.com\/wp-content\/uploads\/2025\/03\/BS-AN130-automatic-cable-stripping-machine-structure-18x10.jpg 18w, https:\/\/bsghgranulator.com\/wp-content\/uploads\/2025\/03\/BS-AN130-automatic-cable-stripping-machine-structure-600x345.jpg 600w, https:\/\/bsghgranulator.com\/wp-content\/uploads\/2025\/03\/BS-AN130-automatic-cable-stripping-machine-structure.jpg 1200w\" sizes=\"(max-width: 800px) 100vw, 800px\" \/>\t\t\t\t\t\t\t\t\t\t\t\t\t\t\t<\/div>\n\t\t\t\t<\/div>\n\t\t\t\t\t<\/div>\n\t\t\t\t<\/div>\n\t\t\t\t<section class=\"elementor-section elementor-top-section elementor-element elementor-element-561ff72 custom-ele-section-css elementor-section-boxed elementor-section-height-default elementor-section-height-default\" data-id=\"561ff72\" data-element_type=\"section\" data-e-type=\"section\">\n\t\t\t\t\t\t<div class=\"elementor-container elementor-column-gap-default\">\n\t\t\t\t\t<div class=\"elementor-column elementor-col-100 elementor-top-column elementor-element elementor-element-cb6de58\" data-id=\"cb6de58\" data-element_type=\"column\" data-e-type=\"column\">\n\t\t\t<div class=\"elementor-widget-wrap elementor-element-populated\">\n\t\t\t\t\t\t<div class=\"elementor-element elementor-element-09f0b72 elementor-widget elementor-widget-heading\" data-id=\"09f0b72\" data-element_type=\"widget\" data-e-type=\"widget\" data-widget_type=\"heading.default\">\n\t\t\t\t<div class=\"elementor-widget-container\">\n\t\t\t\t\t<h2 class=\"elementor-heading-title elementor-size-default\">Verpackung &amp; Lieferung<\/h2>\t\t\t\t<\/div>\n\t\t\t\t<\/div>\n\t\t\t\t<div class=\"elementor-element elementor-element-7b64e37 elementor-widget elementor-widget-text-editor\" data-id=\"7b64e37\" data-element_type=\"widget\" data-e-type=\"widget\" data-widget_type=\"text-editor.default\">\n\t\t\t\t<div class=\"elementor-widget-container\">\n\t\t\t\t\t\t\t\t\t<p>BS-AN130 wird in Sperrholzkisten verpackt und mit einem renommierten Unternehmen transportiert.<\/p>\t\t\t\t\t\t\t\t<\/div>\n\t\t\t\t<\/div>\n\t\t\t\t<div class=\"elementor-element elementor-element-ce37c97 elementor-widget elementor-widget-gallery\" data-id=\"ce37c97\" data-element_type=\"widget\" data-e-type=\"widget\" data-settings=\"{&quot;columns&quot;:3,&quot;gap&quot;:{&quot;unit&quot;:&quot;px&quot;,&quot;size&quot;:12,&quot;sizes&quot;:[]},&quot;aspect_ratio&quot;:&quot;4:3&quot;,&quot;lazyload&quot;:&quot;yes&quot;,&quot;gallery_layout&quot;:&quot;grid&quot;,&quot;columns_tablet&quot;:2,&quot;columns_mobile&quot;:1,&quot;gap_tablet&quot;:{&quot;unit&quot;:&quot;px&quot;,&quot;size&quot;:10,&quot;sizes&quot;:[]},&quot;gap_mobile&quot;:{&quot;unit&quot;:&quot;px&quot;,&quot;size&quot;:10,&quot;sizes&quot;:[]},&quot;link_to&quot;:&quot;file&quot;,&quot;overlay_background&quot;:&quot;yes&quot;,&quot;content_hover_animation&quot;:&quot;fade-in&quot;}\" data-widget_type=\"gallery.default\">\n\t\t\t\t<div class=\"elementor-widget-container\">\n\t\t\t\t\t\t\t<div class=\"elementor-gallery__container\">\n\t\t\t\t\t\t\t<a class=\"e-gallery-item elementor-gallery-item elementor-animated-content\" href=\"https:\/\/bsghgranulator.com\/wp-content\/uploads\/2022\/11\/packing.jpg\" data-elementor-open-lightbox=\"no\">\n\t\t\t\t\t<div class=\"e-gallery-image elementor-gallery-item__image\" data-thumbnail=\"https:\/\/bsghgranulator.com\/wp-content\/uploads\/2022\/11\/packing.jpg\" data-width=\"400\" data-height=\"500\" aria-label=\"Verpackung und Lieferung\" role=\"img\" ><\/div>\n\t\t\t\t\t\t\t\t\t\t\t<div class=\"elementor-gallery-item__overlay\"><\/div>\n\t\t\t\t\t\t\t\t\t\t\t\t\t\t<\/a>\n\t\t\t\t\t\t\t<a class=\"e-gallery-item elementor-gallery-item elementor-animated-content\" href=\"https:\/\/bsghgranulator.com\/wp-content\/uploads\/2024\/09\/BS-AN125-industrial-wire-stripping-machine-packing-picture-from-bsgh-granulator-factory.jpg\" data-elementor-open-lightbox=\"no\">\n\t\t\t\t\t<div class=\"e-gallery-image elementor-gallery-item__image\" data-thumbnail=\"https:\/\/bsghgranulator.com\/wp-content\/uploads\/2024\/09\/BS-AN125-industrial-wire-stripping-machine-packing-picture-from-bsgh-granulator-factory.jpg\" data-width=\"600\" data-height=\"500\" aria-label=\"BS-AN125 industrial wire stripping machine packing picture from bsgh granulator factory\" role=\"img\" ><\/div>\n\t\t\t\t\t\t\t\t\t\t\t<div class=\"elementor-gallery-item__overlay\"><\/div>\n\t\t\t\t\t\t\t\t\t\t\t\t\t\t<\/a>\n\t\t\t\t\t\t\t<a class=\"e-gallery-item elementor-gallery-item elementor-animated-content\" href=\"https:\/\/bsghgranulator.com\/wp-content\/uploads\/2024\/01\/bsgh-granulator-workshop-for-small-machine.jpg\" data-elementor-open-lightbox=\"no\">\n\t\t\t\t\t<div class=\"e-gallery-image elementor-gallery-item__image\" data-thumbnail=\"https:\/\/bsghgranulator.com\/wp-content\/uploads\/2024\/01\/bsgh-granulator-workshop-for-small-machine.jpg\" data-width=\"600\" data-height=\"500\" aria-label=\"BSGH-Granulator-Werkstatt f\u00fcr kleine Maschinen\" role=\"img\" ><\/div>\n\t\t\t\t\t\t\t\t\t\t\t<div class=\"elementor-gallery-item__overlay\"><\/div>\n\t\t\t\t\t\t\t\t\t\t\t\t\t\t<\/a>\n\t\t\t\t\t<\/div>\n\t\t\t\t\t<\/div>\n\t\t\t\t<\/div>\n\t\t\t\t\t<\/div>\n\t\t<\/div>\n\t\t\t\t\t<\/div>\n\t\t<\/section>\n\t\t<div class=\"elementor-element elementor-element-2d47a26 e-con-full e-flex e-con e-parent\" data-id=\"2d47a26\" data-element_type=\"container\" data-e-type=\"container\">\n\t\t\t\t<div class=\"elementor-element elementor-element-a549e04 elementor-widget elementor-widget-heading\" data-id=\"a549e04\" data-element_type=\"widget\" data-e-type=\"widget\" data-widget_type=\"heading.default\">\n\t\t\t\t<div class=\"elementor-widget-container\">\n\t\t\t\t\t<h2 class=\"elementor-heading-title elementor-size-default\">Jetzt kostenloses Angebot anfordern<\/h2>\t\t\t\t<\/div>\n\t\t\t\t<\/div>\n\t\t\t\t<div class=\"elementor-element elementor-element-6306da3 elementor-button-align-stretch elementor-widget elementor-widget-form\" data-id=\"6306da3\" data-element_type=\"widget\" data-e-type=\"widget\" data-settings=\"{&quot;step_next_label&quot;:&quot;Next&quot;,&quot;step_previous_label&quot;:&quot;Previous&quot;,&quot;button_width&quot;:&quot;100&quot;,&quot;step_type&quot;:&quot;number_text&quot;,&quot;step_icon_shape&quot;:&quot;circle&quot;}\" data-widget_type=\"form.default\">\n\t\t\t\t<div class=\"elementor-widget-container\">\n\t\t\t\t\t\t\t<form class=\"elementor-form\" method=\"post\" name=\"New Form\" aria-label=\"New Form\" action=\"\">\n\t\t\t<input type=\"hidden\" name=\"post_id\" value=\"91310\"\/>\n\t\t\t<input type=\"hidden\" name=\"form_id\" value=\"6306da3\"\/>\n\t\t\t<input type=\"hidden\" name=\"referer_title\" value=\"BS-AN130 Automatic Cable Stripping Machine\" \/>\n\n\t\t\t\t\t\t\t<input type=\"hidden\" name=\"queried_id\" value=\"91310\"\/>\n\t\t\t\n\t\t\t<div class=\"elementor-form-fields-wrapper elementor-labels-above\">\n\t\t\t\t\t\t\t\t<div class=\"elementor-field-type-text elementor-field-group elementor-column elementor-field-group-name elementor-col-50\">\n\t\t\t\t\t\t\t\t\t\t\t\t\t<input size=\"1\" type=\"text\" name=\"form_fields[name]\" id=\"form-field-name\" class=\"elementor-field elementor-size-sm  elementor-field-textual\" placeholder=\"*Name\">\n\t\t\t\t\t\t\t\t\t\t\t<\/div>\n\t\t\t\t\t\t\t\t<div class=\"elementor-field-type-email elementor-field-group elementor-column elementor-field-group-email elementor-col-50 elementor-field-required\">\n\t\t\t\t\t\t\t\t\t\t\t\t\t<input size=\"1\" type=\"email\" name=\"form_fields[email]\" id=\"form-field-email\" class=\"elementor-field elementor-size-sm  elementor-field-textual\" placeholder=\"*Whatsapp oder Telefonnummer\" required=\"required\">\n\t\t\t\t\t\t\t\t\t\t\t<\/div>\n\t\t\t\t\t\t\t\t<div class=\"elementor-field-type-email elementor-field-group elementor-column elementor-field-group-email elementor-col-100 elementor-field-required\">\n\t\t\t\t\t\t\t\t\t\t\t\t\t<input size=\"1\" type=\"email\" name=\"form_fields[email]\" id=\"form-field-email\" class=\"elementor-field elementor-size-sm  elementor-field-textual\" placeholder=\"*E-Mail\" required=\"required\">\n\t\t\t\t\t\t\t\t\t\t\t<\/div>\n\t\t\t\t\t\t\t\t<div class=\"elementor-field-type-textarea elementor-field-group elementor-column elementor-field-group-message elementor-col-100\">\n\t\t\t\t\t<textarea class=\"elementor-field-textual elementor-field  elementor-size-sm\" name=\"form_fields[message]\" id=\"form-field-message\" rows=\"4\" placeholder=\"*Nachricht\"><\/textarea>\t\t\t\t<\/div>\n\t\t\t\t\t\t\t\t<div class=\"elementor-field-group elementor-column elementor-field-type-submit elementor-col-100 e-form__buttons\">\n\t\t\t\t\t<button class=\"elementor-button elementor-size-sm\" type=\"submit\">\n\t\t\t\t\t\t<span class=\"elementor-button-content-wrapper\">\n\t\t\t\t\t\t\t\t\t\t\t\t\t\t\t\t\t\t\t\t\t\t<span class=\"elementor-button-text\">Schicken<\/span>\n\t\t\t\t\t\t\t\t\t\t\t\t\t<\/span>\n\t\t\t\t\t<\/button>\n\t\t\t\t<\/div>\n\t\t\t<\/div>\n\t\t<input type=\"hidden\" name=\"trp-form-language\" value=\"de\"\/><\/form>\n\t\t\t\t\t\t<\/div>\n\t\t\t\t<\/div>\n\t\t\t\t<\/div>\n\t\t\t\t<\/div>","protected":false},"excerpt":{"rendered":"<ul>\n<li>Die automatische Kabelabisoliermaschine BS-AN130 hat einen Durchmesserbereich von 1,5 mm bis 120 mm: Die rechte Seite kann d\u00fcnne Dr\u00e4hte mit einem Durchmesserbereich von 1,5 mm bis 38 mm abisolieren, und die linke Seite wird haupts\u00e4chlich zum Verarbeiten dicker Dr\u00e4hte mit einem Durchmesserbereich von 10 mm bis 120 mm verwendet.<\/li>\n<li>Ausgestattet mit einem 5,5-kW-Untersetzungsmotor verf\u00fcgt es \u00fcber viel Leistung und kann problemlos Panzerkabel, Unterseekabel und andere Kabelabf\u00e4lle mit Hartmetallgeh\u00e4usen verarbeiten.<\/li>\n<li>Die linke und rechte Seite k\u00f6nnen gleichzeitig betrieben werden, was Ihr Recyclinggesch\u00e4ft effizient steigert und mit halbem Aufwand die doppelte Effektivit\u00e4t liefert.<\/li>\n<\/ul>","protected":false},"featured_media":91545,"comment_status":"open","ping_status":"closed","template":"","meta":{"_seopress_robots_primary_cat":"none","_seopress_titles_title":"BS-AN130 Automatic Cable Stripping Machine, Triple Your Efficiency","_seopress_titles_desc":"","_seopress_robots_index":""},"product_brand":[],"product_cat":[85],"product_tag":[],"class_list":{"0":"post-91310","1":"product","2":"type-product","3":"status-publish","4":"has-post-thumbnail","6":"product_cat-wire-stripper-machine","8":"first","9":"instock","10":"shipping-taxable","11":"product-type-simple"},"_links":{"self":[{"href":"https:\/\/bsghgranulator.com\/de\/wp-json\/wp\/v2\/product\/91310","targetHints":{"allow":["GET"]}}],"collection":[{"href":"https:\/\/bsghgranulator.com\/de\/wp-json\/wp\/v2\/product"}],"about":[{"href":"https:\/\/bsghgranulator.com\/de\/wp-json\/wp\/v2\/types\/product"}],"replies":[{"embeddable":true,"href":"https:\/\/bsghgranulator.com\/de\/wp-json\/wp\/v2\/comments?post=91310"}],"version-history":[{"count":4,"href":"https:\/\/bsghgranulator.com\/de\/wp-json\/wp\/v2\/product\/91310\/revisions"}],"predecessor-version":[{"id":101643,"href":"https:\/\/bsghgranulator.com\/de\/wp-json\/wp\/v2\/product\/91310\/revisions\/101643"}],"wp:featuredmedia":[{"embeddable":true,"href":"https:\/\/bsghgranulator.com\/de\/wp-json\/wp\/v2\/media\/91545"}],"wp:attachment":[{"href":"https:\/\/bsghgranulator.com\/de\/wp-json\/wp\/v2\/media?parent=91310"}],"wp:term":[{"taxonomy":"product_brand","embeddable":true,"href":"https:\/\/bsghgranulator.com\/de\/wp-json\/wp\/v2\/product_brand?post=91310"},{"taxonomy":"product_cat","embeddable":true,"href":"https:\/\/bsghgranulator.com\/de\/wp-json\/wp\/v2\/product_cat?post=91310"},{"taxonomy":"product_tag","embeddable":true,"href":"https:\/\/bsghgranulator.com\/de\/wp-json\/wp\/v2\/product_tag?post=91310"}],"curies":[{"name":"wp","href":"https:\/\/api.w.org\/{rel}","templated":true}]}}