{"id":94551,"date":"2025-05-27T10:57:38","date_gmt":"2025-05-27T02:57:38","guid":{"rendered":"https:\/\/bsghgranulator.com\/?post_type=product&#038;p=94551"},"modified":"2025-09-21T12:58:13","modified_gmt":"2025-09-21T04:58:13","slug":"bs-30a-bx-wire-stripping-machine","status":"publish","type":"product","link":"https:\/\/bsghgranulator.com\/de\/product\/abisoliermaschine-bs-30a-bx\/","title":{"rendered":"BS-30A BX Abisoliermaschine"},"content":{"rendered":"<div data-elementor-type=\"product-post\" data-elementor-id=\"94551\" class=\"elementor elementor-94551\" data-elementor-post-type=\"product\">\n\t\t\t\t\t\t<section class=\"elementor-section elementor-top-section elementor-element elementor-element-c4f2b4a custom-ele-section-css elementor-section-boxed elementor-section-height-default elementor-section-height-default\" data-id=\"c4f2b4a\" data-element_type=\"section\" data-e-type=\"section\">\n\t\t\t\t\t\t<div class=\"elementor-container elementor-column-gap-default\">\n\t\t\t\t\t<div class=\"elementor-column elementor-col-100 elementor-top-column elementor-element elementor-element-f0c4d8e\" data-id=\"f0c4d8e\" data-element_type=\"column\" data-e-type=\"column\">\n\t\t\t<div class=\"elementor-widget-wrap elementor-element-populated\">\n\t\t\t\t\t\t<div class=\"elementor-element elementor-element-945d417 elementor-widget elementor-widget-heading\" data-id=\"945d417\" data-element_type=\"widget\" data-e-type=\"widget\" data-widget_type=\"heading.default\">\n\t\t\t\t<div class=\"elementor-widget-container\">\n\t\t\t\t\t<h2 class=\"elementor-heading-title elementor-size-default\">BS-30A wire stripping machine for sale<\/h2>\t\t\t\t<\/div>\n\t\t\t\t<\/div>\n\t\t\t\t<div class=\"elementor-element elementor-element-e8d190d elementor-widget elementor-widget-text-editor\" data-id=\"e8d190d\" data-element_type=\"widget\" data-e-type=\"widget\" data-widget_type=\"text-editor.default\">\n\t\t\t\t<div class=\"elementor-widget-container\">\n\t\t\t\t\t\t\t\t\t<p>Zum Abisolieren von BX-Kabeln reichen nur sehr wenige Abisolierer aus, da es sich um sehr spezielle Kabel handelt.<\/p>\t\t\t\t\t\t\t\t<\/div>\n\t\t\t\t<\/div>\n\t\t\t\t<div class=\"elementor-element elementor-element-ba7af1b elementor-widget elementor-widget-text-editor\" data-id=\"ba7af1b\" data-element_type=\"widget\" data-e-type=\"widget\" data-widget_type=\"text-editor.default\">\n\t\t\t\t<div class=\"elementor-widget-container\">\n\t\t\t\t\t\t\t\t\t<table><tbody><tr><td width=\"287\"><p><strong><b>Modell<\/b><\/strong><\/p><\/td><td width=\"287\"><p>BS-30A BX Abisoliermaschine<\/p><\/td><\/tr><tr><td width=\"287\"><p><strong><b>Leistung<\/b><\/strong><\/p><\/td><td width=\"287\"><p>3KW<\/p><\/td><\/tr><tr><td width=\"287\"><p><strong><b>Maschinengr\u00f6\u00dfe<\/b><\/strong><\/p><\/td><td width=\"287\"><p>L800mm*B650mm*H980mm<\/p><\/td><\/tr><tr><td width=\"287\"><p><strong><b>Gewicht<\/b><\/strong><\/p><\/td><td width=\"287\"><p>200 kg<\/p><\/td><\/tr><tr><td width=\"287\"><p><strong><b>Verarbeitungsbereich<\/b><\/strong><\/p><\/td><td width=\"287\"><p>&lt;\u03c630mm<\/p><\/td><\/tr><tr><td width=\"287\"><p><strong><b>Abisoliergeschwindigkeit<\/b><\/strong><\/p><\/td><td width=\"287\"><p>max.25m\/min<\/p><\/td><\/tr><\/tbody><\/table>\t\t\t\t\t\t\t\t<\/div>\n\t\t\t\t<\/div>\n\t\t\t\t<div class=\"elementor-element elementor-element-395ff29 elementor-widget elementor-widget-heading\" data-id=\"395ff29\" data-element_type=\"widget\" data-e-type=\"widget\" data-widget_type=\"heading.default\">\n\t\t\t\t<div class=\"elementor-widget-container\">\n\t\t\t\t\t<h2 class=\"elementor-heading-title elementor-size-default\">Wie isoliere ich ein BX-Kabel?<\/h2>\t\t\t\t<\/div>\n\t\t\t\t<\/div>\n\t\t\t\t<div class=\"elementor-element elementor-element-b2249ba elementor-widget elementor-widget-text-editor\" data-id=\"b2249ba\" data-element_type=\"widget\" data-e-type=\"widget\" data-widget_type=\"text-editor.default\">\n\t\t\t\t<div class=\"elementor-widget-container\">\n\t\t\t\t\t\t\t\t\t<p>Wir empfehlen Ihnen, die Abisoliermaschine BS-30A BX zusammen mit einer Kabelabisoliermaschine zu verwenden, um sicherzustellen, dass alle wertvollen Materialien in BX-Kabelschrott recycelt werden.<\/p><ul><li>Schritt 1: Verwenden Sie den BX-Kabelabisolierer BS-30A, um die Aluminium- oder Stahlpanzerung an der Au\u00dfenseite des BX-Kabels zu entfernen.<\/li><li>Metallgeh\u00e4use k\u00f6nnen 100% getrennt und die entfernten Aluminium- oder Stahlpartikel weiter recycelt werden.<\/li><\/ul>\t\t\t\t\t\t\t\t<\/div>\n\t\t\t\t<\/div>\n\t\t\t\t<div class=\"elementor-element elementor-element-11b120c elementor-widget elementor-widget-image\" data-id=\"11b120c\" data-element_type=\"widget\" data-e-type=\"widget\" data-widget_type=\"image.default\">\n\t\t\t\t<div class=\"elementor-widget-container\">\n\t\t\t\t\t\t\t\t\t\t\t\t\t\t\t<img fetchpriority=\"high\" decoding=\"async\" width=\"500\" height=\"500\" src=\"https:\/\/bsghgranulator.com\/wp-content\/uploads\/2025\/05\/bx-cable-stripping-amchine-details.jpg\" class=\"attachment-large size-large wp-image-94599\" alt=\"Details zur BX-Kabelabisoliermaschine\" srcset=\"https:\/\/bsghgranulator.com\/wp-content\/uploads\/2025\/05\/bx-cable-stripping-amchine-details.jpg 500w, https:\/\/bsghgranulator.com\/wp-content\/uploads\/2025\/05\/bx-cable-stripping-amchine-details-300x300.jpg 300w, https:\/\/bsghgranulator.com\/wp-content\/uploads\/2025\/05\/bx-cable-stripping-amchine-details-150x150.jpg 150w, https:\/\/bsghgranulator.com\/wp-content\/uploads\/2025\/05\/bx-cable-stripping-amchine-details-12x12.jpg 12w, https:\/\/bsghgranulator.com\/wp-content\/uploads\/2025\/05\/bx-cable-stripping-amchine-details-100x100.jpg 100w\" sizes=\"(max-width: 500px) 100vw, 500px\" \/>\t\t\t\t\t\t\t\t\t\t\t\t\t\t\t<\/div>\n\t\t\t\t<\/div>\n\t\t\t\t<div class=\"elementor-element elementor-element-676ae32 elementor-widget elementor-widget-text-editor\" data-id=\"676ae32\" data-element_type=\"widget\" data-e-type=\"widget\" data-widget_type=\"text-editor.default\">\n\t\t\t\t<div class=\"elementor-widget-container\">\n\t\t\t\t\t\t\t\t\t<p>Schritt 2: F\u00fchren Sie den Innenzug in eine <a href=\"https:\/\/bsghgranulator.com\/de\/revolutionare-automatische-wechselstrom-abisoliermaschine\/\">gew\u00f6hnliche Kabelabisoliermaschine<\/a> um die Kunststoffisolierung und den Kupferkern weiter zu trennen. Nach diesem Schritt erh\u00e4lt man komplette Kupferdr\u00e4hte, die oft zu einem h\u00f6heren Preis verkauft werden.<\/p><p>Oder wenn Sie eine h\u00f6here Effizienz und automatische Verarbeitung w\u00fcnschen, k\u00f6nnen Sie <a href=\"https:\/\/bsghgranulator.com\/de\/mittlere-kupferdraht-recyclingmaschine\/\">Kabelgranulatormaschine<\/a> um die inneren Schrottkabel zu verarbeiten und reines Kupfergranulat und reines Kunststoffgranulat zu erhalten.<\/p>\t\t\t\t\t\t\t\t<\/div>\n\t\t\t\t<\/div>\n\t\t\t\t\t<\/div>\n\t\t<\/div>\n\t\t\t\t\t<\/div>\n\t\t<\/section>\n\t\t<div class=\"elementor-element elementor-element-4e94f6c e-flex e-con-boxed e-con e-parent\" data-id=\"4e94f6c\" data-element_type=\"container\" data-e-type=\"container\">\n\t\t\t\t\t<div class=\"e-con-inner\">\n\t\t<div class=\"elementor-element elementor-element-4457e3f e-con-full e-flex e-con e-child\" data-id=\"4457e3f\" data-element_type=\"container\" data-e-type=\"container\">\n\t\t\t\t<div class=\"elementor-element elementor-element-d3e24a3 elementor-widget elementor-widget-heading\" data-id=\"d3e24a3\" data-element_type=\"widget\" data-e-type=\"widget\" data-widget_type=\"heading.default\">\n\t\t\t\t<div class=\"elementor-widget-container\">\n\t\t\t\t\t<h2 class=\"elementor-heading-title elementor-size-default\">Warum uns w\u00e4hlen<\/h2>\t\t\t\t<\/div>\n\t\t\t\t<\/div>\n\t\t\t\t<div class=\"elementor-element elementor-element-191cb10 e-n-tabs-mobile elementor-widget elementor-widget-n-tabs\" data-id=\"191cb10\" data-element_type=\"widget\" data-e-type=\"widget\" data-settings=\"{&quot;horizontal_scroll&quot;:&quot;disable&quot;}\" data-widget_type=\"nested-tabs.default\">\n\t\t\t\t<div class=\"elementor-widget-container\">\n\t\t\t\t\t\t\t<div class=\"e-n-tabs\" data-widget-number=\"26331920\" aria-label=\"Tabs. \u00d6ffnen Sie Elemente mit der Eingabetaste oder der Leertaste, schlie\u00dfen Sie sie mit Escape und navigieren Sie mit den Pfeiltasten.\">\n\t\t\t<div class=\"e-n-tabs-heading\" role=\"tablist\">\n\t\t\t\t\t<button id=\"e-n-tab-title-263319201\" data-tab-title-id=\"e-n-tab-title-263319201\" class=\"e-n-tab-title\" aria-selected=\"true\" data-tab-index=\"1\" role=\"tab\" tabindex=\"0\" aria-controls=\"e-n-tab-content-263319201\" style=\"--n-tabs-title-order: 1;\">\n\t\t\t\t\t\t<span class=\"e-n-tab-title-text\">\n\t\t\t\tStrenge Qualit\u00e4tskontrolle\t\t\t<\/span>\n\t\t<\/button>\n\t\t\t\t<button id=\"e-n-tab-title-263319202\" data-tab-title-id=\"e-n-tab-title-263319202\" class=\"e-n-tab-title\" aria-selected=\"false\" data-tab-index=\"2\" role=\"tab\" tabindex=\"-1\" aria-controls=\"e-n-tab-content-263319202\" style=\"--n-tabs-title-order: 2;\">\n\t\t\t\t\t\t<span class=\"e-n-tab-title-text\">\n\t\t\t\tPerfekter After-Sales-Service\t\t\t<\/span>\n\t\t<\/button>\n\t\t\t\t<button id=\"e-n-tab-title-263319203\" data-tab-title-id=\"e-n-tab-title-263319203\" class=\"e-n-tab-title\" aria-selected=\"false\" data-tab-index=\"3\" role=\"tab\" tabindex=\"-1\" aria-controls=\"e-n-tab-content-263319203\" style=\"--n-tabs-title-order: 3;\">\n\t\t\t\t\t\t<span class=\"e-n-tab-title-text\">\n\t\t\t\tkundenspezifischer Service\t\t\t<\/span>\n\t\t<\/button>\n\t\t\t\t\t<\/div>\n\t\t\t<div class=\"e-n-tabs-content\">\n\t\t\t\t<div id=\"e-n-tab-content-263319201\" role=\"tabpanel\" aria-labelledby=\"e-n-tab-title-263319201\" data-tab-index=\"1\" style=\"--n-tabs-title-order: 1;\" class=\"e-active elementor-element elementor-element-c1473e6 e-con-full e-flex e-con e-child\" data-id=\"c1473e6\" data-element_type=\"container\" data-e-type=\"container\">\n\t\t<div class=\"elementor-element elementor-element-fb50155 e-flex e-con-boxed e-con e-child\" data-id=\"fb50155\" data-element_type=\"container\" data-e-type=\"container\">\n\t\t\t\t\t<div class=\"e-con-inner\">\n\t\t\t\t<div class=\"elementor-element elementor-element-77423d8 elementor-widget elementor-widget-text-editor\" data-id=\"77423d8\" data-element_type=\"widget\" data-e-type=\"widget\" data-widget_type=\"text-editor.default\">\n\t\t\t\t<div class=\"elementor-widget-container\">\n\t\t\t\t\t\t\t\t\t<p><span style=\"color: var( --e-global-color-primary ); background-color: var( --e-global-color-52bdbc7 );\">BSGH Granulator kontrolliert jedes Detail im Produktionsprozess streng. Von der Teilefertigung bis zur Montage der gesamten Maschine wird jedes Teil nach h\u00f6chsten Qualit\u00e4tsstandards gefertigt und mehrfachen Qualit\u00e4tskontrollen unterzogen. Wir finden stets die perfekte Balance zwischen hoher Qualit\u00e4t und erschwinglichen Preisen. Egal ob BX-Abisoliermaschine oder herk\u00f6mmliche Abisoliermaschine \u2013 Sie k\u00f6nnen BSGH Granulator auch in Zukunft als Ihren zuverl\u00e4ssigen Partner vertrauen.<\/span><\/p>\t\t\t\t\t\t\t\t<\/div>\n\t\t\t\t<\/div>\n\t\t\t\t\t<\/div>\n\t\t\t\t<\/div>\n\t\t\t\t<\/div>\n\t\t<div id=\"e-n-tab-content-263319202\" role=\"tabpanel\" aria-labelledby=\"e-n-tab-title-263319202\" data-tab-index=\"2\" style=\"--n-tabs-title-order: 2;\" class=\"elementor-element elementor-element-32a125d e-con-full e-flex e-con e-child\" data-id=\"32a125d\" data-element_type=\"container\" data-e-type=\"container\">\n\t\t<div class=\"elementor-element elementor-element-d4e9c69 e-flex e-con-boxed e-con e-child\" data-id=\"d4e9c69\" data-element_type=\"container\" data-e-type=\"container\">\n\t\t\t\t\t<div class=\"e-con-inner\">\n\t\t\t\t<div class=\"elementor-element elementor-element-8e5c4ba elementor-widget elementor-widget-text-editor\" data-id=\"8e5c4ba\" data-element_type=\"widget\" data-e-type=\"widget\" data-widget_type=\"text-editor.default\">\n\t\t\t\t<div class=\"elementor-widget-container\">\n\t\t\t\t\t\t\t\t\t<p>Wir bieten Mitarbeiterschulungen, Nutzungsmethoden, Wartungsmethoden usw. an, damit Sie die Maschine besser nutzen k\u00f6nnen. Dar\u00fcber hinaus bieten wir technischen Online-Support in Echtzeit. Professionelle Techniker l\u00f6sen alle Probleme, die bei der Online-Nutzung auftreten.<\/p>\t\t\t\t\t\t\t\t<\/div>\n\t\t\t\t<\/div>\n\t\t\t\t\t<\/div>\n\t\t\t\t<\/div>\n\t\t\t\t<\/div>\n\t\t<div id=\"e-n-tab-content-263319203\" role=\"tabpanel\" aria-labelledby=\"e-n-tab-title-263319203\" data-tab-index=\"3\" style=\"--n-tabs-title-order: 3;\" class=\"elementor-element elementor-element-b500ee8 e-con-full e-flex e-con e-child\" data-id=\"b500ee8\" data-element_type=\"container\" data-e-type=\"container\">\n\t\t<div class=\"elementor-element elementor-element-2253e8d e-flex e-con-boxed e-con e-child\" data-id=\"2253e8d\" data-element_type=\"container\" data-e-type=\"container\">\n\t\t\t\t\t<div class=\"e-con-inner\">\n\t\t\t\t<div class=\"elementor-element elementor-element-5d24c8d elementor-widget elementor-widget-text-editor\" data-id=\"5d24c8d\" data-element_type=\"widget\" data-e-type=\"widget\" data-widget_type=\"text-editor.default\">\n\t\t\t\t<div class=\"elementor-widget-container\">\n\t\t\t\t\t\t\t\t\t<p>Wenn Sie spezielle Anforderungen an die Maschine haben, erstellt unser professionelles Designteam eine individuelle Recyclingl\u00f6sung f\u00fcr Sie. Wir unterst\u00fctzen die flexible Anpassung von Klingenmaterial, Spannung, Motormarke, Leistung, Maschinenfarbe usw.<\/p>\t\t\t\t\t\t\t\t<\/div>\n\t\t\t\t<\/div>\n\t\t\t\t\t<\/div>\n\t\t\t\t<\/div>\n\t\t\t\t<\/div>\n\t\t\t\t\t<\/div>\n\t\t<\/div>\n\t\t\t\t\t\t<\/div>\n\t\t\t\t<\/div>\n\t\t\t\t<\/div>\n\t\t\t\t\t<\/div>\n\t\t\t\t<\/div>\n\t\t\t\t<section class=\"elementor-section elementor-top-section elementor-element elementor-element-e4c03e9 custom-ele-section-css elementor-section-boxed elementor-section-height-default elementor-section-height-default\" data-id=\"e4c03e9\" data-element_type=\"section\" data-e-type=\"section\">\n\t\t\t\t\t\t<div class=\"elementor-container elementor-column-gap-default\">\n\t\t\t\t\t<div class=\"elementor-column elementor-col-100 elementor-top-column elementor-element elementor-element-57d6def\" data-id=\"57d6def\" data-element_type=\"column\" data-e-type=\"column\">\n\t\t\t<div class=\"elementor-widget-wrap elementor-element-populated\">\n\t\t\t\t\t\t<div class=\"elementor-element elementor-element-599521d elementor-widget elementor-widget-heading\" data-id=\"599521d\" data-element_type=\"widget\" data-e-type=\"widget\" data-widget_type=\"heading.default\">\n\t\t\t\t<div class=\"elementor-widget-container\">\n\t\t\t\t\t<h2 class=\"elementor-heading-title elementor-size-default\">bX Abisoliermaschine Verpackung<\/h2>\t\t\t\t<\/div>\n\t\t\t\t<\/div>\n\t\t\t\t<div class=\"elementor-element elementor-element-b5c3eb7 elementor-widget elementor-widget-text-editor\" data-id=\"b5c3eb7\" data-element_type=\"widget\" data-e-type=\"widget\" data-widget_type=\"text-editor.default\">\n\t\t\t\t<div class=\"elementor-widget-container\">\n\t\t\t\t\t\t\t\t\t<p>Genau wie andere Abisoliermaschinen wurde die BX-Abisoliermaschine in einer Sperrholzkiste verpackt.<\/p>\t\t\t\t\t\t\t\t<\/div>\n\t\t\t\t<\/div>\n\t\t\t\t<div class=\"elementor-element elementor-element-744587b elementor-widget elementor-widget-gallery\" data-id=\"744587b\" data-element_type=\"widget\" data-e-type=\"widget\" data-settings=\"{&quot;columns&quot;:3,&quot;gap&quot;:{&quot;unit&quot;:&quot;px&quot;,&quot;size&quot;:12,&quot;sizes&quot;:[]},&quot;aspect_ratio&quot;:&quot;4:3&quot;,&quot;lazyload&quot;:&quot;yes&quot;,&quot;gallery_layout&quot;:&quot;grid&quot;,&quot;columns_tablet&quot;:2,&quot;columns_mobile&quot;:1,&quot;gap_tablet&quot;:{&quot;unit&quot;:&quot;px&quot;,&quot;size&quot;:10,&quot;sizes&quot;:[]},&quot;gap_mobile&quot;:{&quot;unit&quot;:&quot;px&quot;,&quot;size&quot;:10,&quot;sizes&quot;:[]},&quot;link_to&quot;:&quot;file&quot;,&quot;overlay_background&quot;:&quot;yes&quot;,&quot;content_hover_animation&quot;:&quot;fade-in&quot;}\" data-widget_type=\"gallery.default\">\n\t\t\t\t<div class=\"elementor-widget-container\">\n\t\t\t\t\t\t\t<div class=\"elementor-gallery__container\">\n\t\t\t\t\t\t\t<a class=\"e-gallery-item elementor-gallery-item elementor-animated-content\" href=\"https:\/\/bsghgranulator.com\/wp-content\/uploads\/2025\/01\/shredder-packing-on-the-truck.jpg\" data-elementor-open-lightbox=\"no\">\n\t\t\t\t\t<div class=\"e-gallery-image elementor-gallery-item__image\" data-thumbnail=\"https:\/\/bsghgranulator.com\/wp-content\/uploads\/2025\/01\/shredder-packing-on-the-truck.jpg\" data-width=\"600\" data-height=\"400\" aria-label=\"motor dismantling machine packing on the truck\" role=\"img\" ><\/div>\n\t\t\t\t\t\t\t\t\t\t\t<div class=\"elementor-gallery-item__overlay\"><\/div>\n\t\t\t\t\t\t\t\t\t\t\t\t\t\t<\/a>\n\t\t\t\t\t\t\t<a class=\"e-gallery-item elementor-gallery-item elementor-animated-content\" href=\"https:\/\/bsghgranulator.com\/wp-content\/uploads\/2025\/01\/shredder-packing-from-bsgh-manufactory.jpg\" data-elementor-open-lightbox=\"no\">\n\t\t\t\t\t<div class=\"e-gallery-image elementor-gallery-item__image\" data-thumbnail=\"https:\/\/bsghgranulator.com\/wp-content\/uploads\/2025\/01\/shredder-packing-from-bsgh-manufactory.jpg\" data-width=\"500\" data-height=\"500\" aria-label=\"Aktenvernichterverpackung aus der bsgh Manufaktur\" role=\"img\" ><\/div>\n\t\t\t\t\t\t\t\t\t\t\t<div class=\"elementor-gallery-item__overlay\"><\/div>\n\t\t\t\t\t\t\t\t\t\t\t\t\t\t<\/a>\n\t\t\t\t\t\t\t<a class=\"e-gallery-item elementor-gallery-item elementor-animated-content\" href=\"https:\/\/bsghgranulator.com\/wp-content\/uploads\/2022\/11\/packing.jpg\" data-elementor-open-lightbox=\"no\">\n\t\t\t\t\t<div class=\"e-gallery-image elementor-gallery-item__image\" data-thumbnail=\"https:\/\/bsghgranulator.com\/wp-content\/uploads\/2022\/11\/packing.jpg\" data-width=\"400\" data-height=\"500\" aria-label=\"Verpackung und Lieferung\" role=\"img\" ><\/div>\n\t\t\t\t\t\t\t\t\t\t\t<div class=\"elementor-gallery-item__overlay\"><\/div>\n\t\t\t\t\t\t\t\t\t\t\t\t\t\t<\/a>\n\t\t\t\t\t<\/div>\n\t\t\t\t\t<\/div>\n\t\t\t\t<\/div>\n\t\t\t\t\t<\/div>\n\t\t<\/div>\n\t\t\t\t\t<\/div>\n\t\t<\/section>\n\t\t\t\t<section class=\"elementor-section elementor-top-section elementor-element elementor-element-920c1e2 custom-ele-section-css elementor-section-boxed elementor-section-height-default elementor-section-height-default\" data-id=\"920c1e2\" data-element_type=\"section\" data-e-type=\"section\">\n\t\t\t\t\t\t<div class=\"elementor-container elementor-column-gap-default\">\n\t\t\t\t\t<div class=\"elementor-column elementor-col-100 elementor-top-column elementor-element elementor-element-ebc86ec\" data-id=\"ebc86ec\" data-element_type=\"column\" data-e-type=\"column\">\n\t\t\t<div class=\"elementor-widget-wrap elementor-element-populated\">\n\t\t\t\t\t\t<div class=\"elementor-element elementor-element-54bd2c5 elementor-widget elementor-widget-heading\" data-id=\"54bd2c5\" data-element_type=\"widget\" data-e-type=\"widget\" data-widget_type=\"heading.default\">\n\t\t\t\t<div class=\"elementor-widget-container\">\n\t\t\t\t\t<h2 class=\"elementor-heading-title elementor-size-default\">FAQs<\/h2>\t\t\t\t<\/div>\n\t\t\t\t<\/div>\n\t\t\t\t<div class=\"elementor-element elementor-element-36ca822 elementor-widget elementor-widget-elementskit-faq\" data-id=\"36ca822\" data-element_type=\"widget\" data-e-type=\"widget\" data-widget_type=\"elementskit-faq.default\">\n\t\t\t\t<div class=\"elementor-widget-container\">\n\t\t\t\t\t<div class=\"ekit-wid-con\" >\n                <div class=\"elementskit-single-faq elementor-repeater-item-db6ae07\">\n            <div class=\"elementskit-faq-header\">\n                <h2 class=\"elementskit-faq-title\">Kann die Abisoliermaschine BS-30A BX g\u00e4ngige Kabeltypen verarbeiten?<\/h2>\n            <\/div>\n            <div class=\"elementskit-faq-body\">\n                Wir k\u00f6nnen es aber nicht empfehlen. Die Abisoliermaschine BS-30A BX ist ein Modell, das speziell f\u00fcr BX-Draht und metallummantelte Kabel entwickelt wurde. F\u00fcr herk\u00f6mmliche Kabel haben wir passendere, g\u00fcnstigere Modelle im Angebot.            <\/div>\n        <\/div>\n                <div class=\"elementskit-single-faq elementor-repeater-item-99d874e\">\n            <div class=\"elementskit-faq-header\">\n                <h2 class=\"elementskit-faq-title\">Welche Verschlei\u00dfteile gibt es bei der Maschine?<\/h2>\n            <\/div>\n            <div class=\"elementskit-faq-body\">\n                Klingen. F\u00fcr den Langzeitgebrauch empfehlen wir in der Regel den Kauf zus\u00e4tzlicher Klingen.            <\/div>\n        <\/div>\n                <div class=\"elementskit-single-faq elementor-repeater-item-852ea38\">\n            <div class=\"elementskit-faq-header\">\n                <h2 class=\"elementskit-faq-title\">Gibt es einen Rabatt, wenn ich mehr als eins kaufe?<\/h2>\n            <\/div>\n            <div class=\"elementskit-faq-body\">\n                Ja, je gr\u00f6\u00dfer die Menge, desto h\u00f6her der Rabatt. Bitte teilen Sie uns die gew\u00fcnschte Menge mit, dann nennen wir Ihnen den besten Preis.            <\/div>\n        <\/div>\n                <div class=\"elementskit-single-faq elementor-repeater-item-7610a55\">\n            <div class=\"elementskit-faq-header\">\n                <h2 class=\"elementskit-faq-title\">Wie oft sollte ich die Klinge wechseln?<\/h2>\n            <\/div>\n            <div class=\"elementskit-faq-body\">\n                Dies h\u00e4ngt von Ihrer Nutzung ab. Wenn die Klinge stumpf wird und der Abisoliereffekt nicht optimal ist, m\u00fcssen Sie die Klinge austauschen.            <\/div>\n        <\/div>\n                \n    <\/div>\t\t\t\t<\/div>\n\t\t\t\t<\/div>\n\t\t\t\t\t<\/div>\n\t\t<\/div>\n\t\t\t\t\t<\/div>\n\t\t<\/section>\n\t\t\t\t<\/div>","protected":false},"excerpt":{"rendered":"<ul>\n<li>Speziell zum Abisolieren von BX-Draht und metallummantelten Kabeln (MC-Kabel) entwickelt.<\/li>\n<li>Ausgestattet mit 4 Zufuhr\u00f6ffnungen unterschiedlicher Gr\u00f6\u00dfe muss der Bediener den BX-Draht nur von einer \u00e4hnlich gro\u00dfen \u00d6ffnung in die Maschine schieben. Die Bedienung ist bequem und einfach.<\/li>\n<li>Die Maschine ist mit Universalr\u00e4dern ausgestattet, die ein einfaches Bewegen erm\u00f6glichen.<\/li>\n<li>Der Not-Aus-Schalter erm\u00f6glicht in einer Notsituation ein schnelles Anhalten des Ger\u00e4ts und minimiert so Sicherheitsrisiken.<\/li>\n<li>Die Abisoliermaschine BS-30A BX verf\u00fcgt \u00fcber einen R\u00fcckw\u00e4rtsschalter, um zu verhindern, dass die Rohstoffe in der Maschine stecken bleiben, und um einen reibungslosen Betrieb zu gew\u00e4hrleisten.<\/li>\n<li>Wir gew\u00e4hren ein Jahr Garantie.<\/li>\n<\/ul>","protected":false},"featured_media":94598,"comment_status":"open","ping_status":"closed","template":"","meta":{"_seopress_robots_primary_cat":"none","_seopress_titles_title":"BS-30A BX Wire Stripping Machine, Industrial MC Cable Copper Wire Stripper","_seopress_titles_desc":"","_seopress_robots_index":""},"product_brand":[],"product_cat":[85],"product_tag":[],"class_list":{"0":"post-94551","1":"product","2":"type-product","3":"status-publish","4":"has-post-thumbnail","6":"product_cat-wire-stripper-machine","8":"first","9":"instock","10":"shipping-taxable","11":"product-type-simple"},"_links":{"self":[{"href":"https:\/\/bsghgranulator.com\/de\/wp-json\/wp\/v2\/product\/94551","targetHints":{"allow":["GET"]}}],"collection":[{"href":"https:\/\/bsghgranulator.com\/de\/wp-json\/wp\/v2\/product"}],"about":[{"href":"https:\/\/bsghgranulator.com\/de\/wp-json\/wp\/v2\/types\/product"}],"replies":[{"embeddable":true,"href":"https:\/\/bsghgranulator.com\/de\/wp-json\/wp\/v2\/comments?post=94551"}],"version-history":[{"count":4,"href":"https:\/\/bsghgranulator.com\/de\/wp-json\/wp\/v2\/product\/94551\/revisions"}],"predecessor-version":[{"id":101665,"href":"https:\/\/bsghgranulator.com\/de\/wp-json\/wp\/v2\/product\/94551\/revisions\/101665"}],"wp:featuredmedia":[{"embeddable":true,"href":"https:\/\/bsghgranulator.com\/de\/wp-json\/wp\/v2\/media\/94598"}],"wp:attachment":[{"href":"https:\/\/bsghgranulator.com\/de\/wp-json\/wp\/v2\/media?parent=94551"}],"wp:term":[{"taxonomy":"product_brand","embeddable":true,"href":"https:\/\/bsghgranulator.com\/de\/wp-json\/wp\/v2\/product_brand?post=94551"},{"taxonomy":"product_cat","embeddable":true,"href":"https:\/\/bsghgranulator.com\/de\/wp-json\/wp\/v2\/product_cat?post=94551"},{"taxonomy":"product_tag","embeddable":true,"href":"https:\/\/bsghgranulator.com\/de\/wp-json\/wp\/v2\/product_tag?post=94551"}],"curies":[{"name":"wp","href":"https:\/\/api.w.org\/{rel}","templated":true}]}}