{"id":27079,"date":"2022-09-25T11:31:51","date_gmt":"2022-09-25T03:31:51","guid":{"rendered":"https:\/\/bsghgranulator.com\/?page_id=27079"},"modified":"2023-04-13T11:04:38","modified_gmt":"2023-04-13T03:04:38","slug":"thank-you","status":"publish","type":"page","link":"https:\/\/bsghgranulator.com\/es\/gracias\/","title":{"rendered":"\u00a1Gracias!"},"content":{"rendered":"<div data-elementor-type=\"wp-page\" data-elementor-id=\"27079\" class=\"elementor elementor-27079\" data-elementor-post-type=\"page\">\n\t\t\t\t\t\t<section data-uael-partstyle=\"christmas\" data-uael-partcolor=\"\" data-uael-partopacity=\"\" data-uael-partdirection=\"bottom\" class=\"elementor-section elementor-top-section elementor-element elementor-element-7bae96c2 uael-particle-yes elementor-section-boxed elementor-section-height-default elementor-section-height-default uael-particle-adv-no\" data-id=\"7bae96c2\" data-element_type=\"section\" data-e-type=\"section\" data-settings=\"{&quot;background_background&quot;:&quot;classic&quot;}\">\n\t\t\t\t\t\t<div class=\"elementor-container elementor-column-gap-default\">\n\t\t\t\t\t<div class=\"elementor-column elementor-col-100 elementor-top-column elementor-element elementor-element-512648a0\" data-id=\"512648a0\" data-element_type=\"column\" data-e-type=\"column\">\n\t\t\t<div class=\"elementor-widget-wrap elementor-element-populated\">\n\t\t\t\t\t\t<div class=\"elementor-element elementor-element-aba39df elementor-widget elementor-widget-heading\" data-id=\"aba39df\" data-element_type=\"widget\" data-e-type=\"widget\" data-widget_type=\"heading.default\">\n\t\t\t\t<div class=\"elementor-widget-container\">\n\t\t\t\t\t<h2 class=\"elementor-heading-title elementor-size-default\">Gracias por tu apoyo, amigo m\u00edo.<br>El equipo de BSGH realmente aprecia su consulta.<br>Le brindaremos el mejor servicio con una m\u00e1quina de excelente calidad.<br>Les deseo a usted y a su familia un buen d\u00eda, gracias por su tiempo.<\/h2>\t\t\t\t<\/div>\n\t\t\t\t<\/div>\n\t\t\t\t<div class=\"elementor-element elementor-element-2cdca8a9 elementor-widget elementor-widget-text-editor\" data-id=\"2cdca8a9\" data-element_type=\"widget\" data-e-type=\"widget\" data-widget_type=\"text-editor.default\">\n\t\t\t\t<div class=\"elementor-widget-container\">\n\t\t\t\t\t\t\t\t\t<p><\/p>\n<p>Su correo electr\u00f3nico fue bien recibido, nuestros profesionales de ventas le responder\u00e1n dentro de media hora (durante el d\u00eda)\/5 horas (durante la noche), pero a la primera.<\/p>\n<p><\/p>\n<p>&nbsp; &nbsp; &nbsp; &nbsp; &nbsp; &nbsp; &nbsp; &nbsp; &nbsp; &nbsp; &nbsp; &nbsp; &nbsp; &nbsp; &nbsp; &nbsp; &nbsp; &nbsp; &nbsp; &nbsp; &nbsp; &nbsp; &nbsp; &nbsp; &nbsp; &nbsp; &nbsp; &nbsp; &nbsp; &nbsp; &nbsp; &nbsp; &nbsp; &nbsp; &nbsp; &nbsp; &nbsp; &nbsp; &nbsp; &nbsp; &nbsp; &nbsp; &nbsp; &nbsp; &nbsp; &nbsp; &nbsp; &nbsp; &nbsp; &nbsp; &nbsp; &nbsp; &nbsp; &nbsp; &nbsp; &nbsp; <span style=\"background-color: var( --e-global-color-52bdbc7 ); color: var( --e-global-color-primary ); letter-spacing: var( --e-global-typography-a28b461-letter-spacing ); word-spacing: var( --e-global-typography-a28b461-word-spacing );\">Equipo BSGH<\/span><\/p>\n<p><\/p>\t\t\t\t\t\t\t\t<\/div>\n\t\t\t\t<\/div>\n\t\t\t\t\t<\/div>\n\t\t<\/div>\n\t\t\t\t\t<\/div>\n\t\t<\/section>\n\t\t\t\t<\/div>","protected":false},"excerpt":{"rendered":"<p>Thank you for your support, my friend.BSGH team really appreciated your enquiry.we will provide you best service with excellent quality machine.wish you and your families have a good day, tks for ur time. Your email was well received, our professional sales will reply to you within half an hour(daytime)\/5Hours(night time) but at the first time. [&hellip;]<\/p>","protected":false},"author":1,"featured_media":36889,"parent":0,"menu_order":0,"comment_status":"closed","ping_status":"closed","template":"","meta":{"_seopress_robots_primary_cat":"","_seopress_titles_title":"","_seopress_titles_desc":"","_seopress_robots_index":"","footnotes":""},"class_list":["post-27079","page","type-page","status-publish","has-post-thumbnail","hentry"],"_links":{"self":[{"href":"https:\/\/bsghgranulator.com\/es\/wp-json\/wp\/v2\/pages\/27079","targetHints":{"allow":["GET"]}}],"collection":[{"href":"https:\/\/bsghgranulator.com\/es\/wp-json\/wp\/v2\/pages"}],"about":[{"href":"https:\/\/bsghgranulator.com\/es\/wp-json\/wp\/v2\/types\/page"}],"author":[{"embeddable":true,"href":"https:\/\/bsghgranulator.com\/es\/wp-json\/wp\/v2\/users\/1"}],"replies":[{"embeddable":true,"href":"https:\/\/bsghgranulator.com\/es\/wp-json\/wp\/v2\/comments?post=27079"}],"version-history":[{"count":0,"href":"https:\/\/bsghgranulator.com\/es\/wp-json\/wp\/v2\/pages\/27079\/revisions"}],"wp:featuredmedia":[{"embeddable":true,"href":"https:\/\/bsghgranulator.com\/es\/wp-json\/wp\/v2\/media\/36889"}],"wp:attachment":[{"href":"https:\/\/bsghgranulator.com\/es\/wp-json\/wp\/v2\/media?parent=27079"}],"curies":[{"name":"wp","href":"https:\/\/api.w.org\/{rel}","templated":true}]}}