{"id":94551,"date":"2025-05-27T10:57:38","date_gmt":"2025-05-27T02:57:38","guid":{"rendered":"https:\/\/bsghgranulator.com\/?post_type=product&#038;p=94551"},"modified":"2025-09-21T12:58:13","modified_gmt":"2025-09-21T04:58:13","slug":"bs-30a-bx-wire-stripping-machine","status":"publish","type":"product","link":"https:\/\/bsghgranulator.com\/es\/product\/pelacables-bs-30a-bx\/","title":{"rendered":"Pelacables BS-30A BX"},"content":{"rendered":"<div data-elementor-type=\"product-post\" data-elementor-id=\"94551\" class=\"elementor elementor-94551\" data-elementor-post-type=\"product\">\n\t\t\t\t\t\t<section class=\"elementor-section elementor-top-section elementor-element elementor-element-c4f2b4a custom-ele-section-css elementor-section-boxed elementor-section-height-default elementor-section-height-default\" data-id=\"c4f2b4a\" data-element_type=\"section\" data-e-type=\"section\">\n\t\t\t\t\t\t<div class=\"elementor-container elementor-column-gap-default\">\n\t\t\t\t\t<div class=\"elementor-column elementor-col-100 elementor-top-column elementor-element elementor-element-f0c4d8e\" data-id=\"f0c4d8e\" data-element_type=\"column\" data-e-type=\"column\">\n\t\t\t<div class=\"elementor-widget-wrap elementor-element-populated\">\n\t\t\t\t\t\t<div class=\"elementor-element elementor-element-945d417 elementor-widget elementor-widget-heading\" data-id=\"945d417\" data-element_type=\"widget\" data-e-type=\"widget\" data-widget_type=\"heading.default\">\n\t\t\t\t<div class=\"elementor-widget-container\">\n\t\t\t\t\t<h2 class=\"elementor-heading-title elementor-size-default\">BS-30A wire stripping machine for sale<\/h2>\t\t\t\t<\/div>\n\t\t\t\t<\/div>\n\t\t\t\t<div class=\"elementor-element elementor-element-e8d190d elementor-widget elementor-widget-text-editor\" data-id=\"e8d190d\" data-element_type=\"widget\" data-e-type=\"widget\" data-widget_type=\"text-editor.default\">\n\t\t\t\t<div class=\"elementor-widget-container\">\n\t\t\t\t\t\t\t\t\t<p>Para pelar cables BX, se necesita muy poco pelador, porque son cables muy especiales.<\/p>\t\t\t\t\t\t\t\t<\/div>\n\t\t\t\t<\/div>\n\t\t\t\t<div class=\"elementor-element elementor-element-ba7af1b elementor-widget elementor-widget-text-editor\" data-id=\"ba7af1b\" data-element_type=\"widget\" data-e-type=\"widget\" data-widget_type=\"text-editor.default\">\n\t\t\t\t<div class=\"elementor-widget-container\">\n\t\t\t\t\t\t\t\t\t<table><tbody><tr><td width=\"287\"><p><strong><b>Modelo<\/b><\/strong><\/p><\/td><td width=\"287\"><p>M\u00e1quina peladora de cables BS-30A BX<\/p><\/td><\/tr><tr><td width=\"287\"><p><strong><b>Fuerza<\/b><\/strong><\/p><\/td><td width=\"287\"><p>3KW<\/p><\/td><\/tr><tr><td width=\"287\"><p><strong><b>Tama\u00f1o de la m\u00e1quina<\/b><\/strong><\/p><\/td><td width=\"287\"><p>Largo 800 mm x Ancho 650 mm x Alto 980 mm<\/p><\/td><\/tr><tr><td width=\"287\"><p><strong><b>Peso<\/b><\/strong><\/p><\/td><td width=\"287\"><p>200 kilos<\/p><\/td><\/tr><tr><td width=\"287\"><p><strong><b>Rango de procesamiento<\/b><\/strong><\/p><\/td><td width=\"287\"><p>&lt;\u03c630 mm<\/p><\/td><\/tr><tr><td width=\"287\"><p><strong><b>Velocidad de pelado<\/b><\/strong><\/p><\/td><td width=\"287\"><p>m\u00e1x.25 m\/min<\/p><\/td><\/tr><\/tbody><\/table>\t\t\t\t\t\t\t\t<\/div>\n\t\t\t\t<\/div>\n\t\t\t\t<div class=\"elementor-element elementor-element-395ff29 elementor-widget elementor-widget-heading\" data-id=\"395ff29\" data-element_type=\"widget\" data-e-type=\"widget\" data-widget_type=\"heading.default\">\n\t\t\t\t<div class=\"elementor-widget-container\">\n\t\t\t\t\t<h2 class=\"elementor-heading-title elementor-size-default\">\u00bfC\u00f3mo pelar el cable BX?<\/h2>\t\t\t\t<\/div>\n\t\t\t\t<\/div>\n\t\t\t\t<div class=\"elementor-element elementor-element-b2249ba elementor-widget elementor-widget-text-editor\" data-id=\"b2249ba\" data-element_type=\"widget\" data-e-type=\"widget\" data-widget_type=\"text-editor.default\">\n\t\t\t\t<div class=\"elementor-widget-container\">\n\t\t\t\t\t\t\t\t\t<p>Le recomendamos que utilice la m\u00e1quina peladora de cables BS-30A BX junto con una m\u00e1quina peladora de cables para garantizar que se reciclen todos los materiales valiosos de los cables BX de desecho.<\/p><ul><li>Paso 1: Utilice el pelacables BS-30A BX para pelar la armadura de aluminio o acero en el exterior del cable BX.<\/li><li>La carcasa de metal 100% se puede separar y las part\u00edculas de aluminio o de acero peladas se pueden reciclar a\u00fan m\u00e1s.<\/li><\/ul>\t\t\t\t\t\t\t\t<\/div>\n\t\t\t\t<\/div>\n\t\t\t\t<div class=\"elementor-element elementor-element-11b120c elementor-widget elementor-widget-image\" data-id=\"11b120c\" data-element_type=\"widget\" data-e-type=\"widget\" data-widget_type=\"image.default\">\n\t\t\t\t<div class=\"elementor-widget-container\">\n\t\t\t\t\t\t\t\t\t\t\t\t\t\t\t<img fetchpriority=\"high\" decoding=\"async\" width=\"500\" height=\"500\" src=\"https:\/\/bsghgranulator.com\/wp-content\/uploads\/2025\/05\/bx-cable-stripping-amchine-details.jpg\" class=\"attachment-large size-large wp-image-94599\" alt=\"Detalles de la m\u00e1quina peladora de cables BX\" srcset=\"https:\/\/bsghgranulator.com\/wp-content\/uploads\/2025\/05\/bx-cable-stripping-amchine-details.jpg 500w, https:\/\/bsghgranulator.com\/wp-content\/uploads\/2025\/05\/bx-cable-stripping-amchine-details-300x300.jpg 300w, https:\/\/bsghgranulator.com\/wp-content\/uploads\/2025\/05\/bx-cable-stripping-amchine-details-150x150.jpg 150w, https:\/\/bsghgranulator.com\/wp-content\/uploads\/2025\/05\/bx-cable-stripping-amchine-details-12x12.jpg 12w, https:\/\/bsghgranulator.com\/wp-content\/uploads\/2025\/05\/bx-cable-stripping-amchine-details-100x100.jpg 100w\" sizes=\"(max-width: 500px) 100vw, 500px\" \/>\t\t\t\t\t\t\t\t\t\t\t\t\t\t\t<\/div>\n\t\t\t\t<\/div>\n\t\t\t\t<div class=\"elementor-element elementor-element-676ae32 elementor-widget elementor-widget-text-editor\" data-id=\"676ae32\" data-element_type=\"widget\" data-e-type=\"widget\" data-widget_type=\"text-editor.default\">\n\t\t\t\t<div class=\"elementor-widget-container\">\n\t\t\t\t\t\t\t\t\t<p>Paso 2: Introduzca el cable interior en un <a href=\"https:\/\/bsghgranulator.com\/es\/maquina-peladora-de-cables-automatica-revolucionaria-de-ca\/\">m\u00e1quina peladora de cables com\u00fan<\/a> Para separar a\u00fan m\u00e1s el aislamiento pl\u00e1stico y el n\u00facleo de cobre. Tras este paso, se pueden obtener cables de cobre completos, que suelen venderse a un precio m\u00e1s alto.<\/p><p>O si desea una mayor eficiencia y procesamiento autom\u00e1tico puede utilizar <a href=\"https:\/\/bsghgranulator.com\/es\/maquina-de-reciclaje-de-alambre-de-cobre-de-tamano-mediano\/\">m\u00e1quina granuladora de cable<\/a> Procesar los cables de desecho internos para obtener gr\u00e1nulos de cobre puro y gr\u00e1nulos de pl\u00e1stico puro.<\/p>\t\t\t\t\t\t\t\t<\/div>\n\t\t\t\t<\/div>\n\t\t\t\t\t<\/div>\n\t\t<\/div>\n\t\t\t\t\t<\/div>\n\t\t<\/section>\n\t\t<div class=\"elementor-element elementor-element-4e94f6c e-flex e-con-boxed e-con e-parent\" data-id=\"4e94f6c\" data-element_type=\"container\" data-e-type=\"container\">\n\t\t\t\t\t<div class=\"e-con-inner\">\n\t\t<div class=\"elementor-element elementor-element-4457e3f e-con-full e-flex e-con e-child\" data-id=\"4457e3f\" data-element_type=\"container\" data-e-type=\"container\">\n\t\t\t\t<div class=\"elementor-element elementor-element-d3e24a3 elementor-widget elementor-widget-heading\" data-id=\"d3e24a3\" data-element_type=\"widget\" data-e-type=\"widget\" data-widget_type=\"heading.default\">\n\t\t\t\t<div class=\"elementor-widget-container\">\n\t\t\t\t\t<h2 class=\"elementor-heading-title elementor-size-default\">\u00bfPor qu\u00e9 elegirnos?<\/h2>\t\t\t\t<\/div>\n\t\t\t\t<\/div>\n\t\t\t\t<div class=\"elementor-element elementor-element-191cb10 e-n-tabs-mobile elementor-widget elementor-widget-n-tabs\" data-id=\"191cb10\" data-element_type=\"widget\" data-e-type=\"widget\" data-settings=\"{&quot;horizontal_scroll&quot;:&quot;disable&quot;}\" data-widget_type=\"nested-tabs.default\">\n\t\t\t\t<div class=\"elementor-widget-container\">\n\t\t\t\t\t\t\t<div class=\"e-n-tabs\" data-widget-number=\"26331920\" aria-label=\"Tabs. Open items with Enter or Space, close with Escape and navigate using the Arrow keys.\">\n\t\t\t<div class=\"e-n-tabs-heading\" role=\"tablist\">\n\t\t\t\t\t<button id=\"e-n-tab-title-263319201\" data-tab-title-id=\"e-n-tab-title-263319201\" class=\"e-n-tab-title\" aria-selected=\"true\" data-tab-index=\"1\" role=\"tab\" tabindex=\"0\" aria-controls=\"e-n-tab-content-263319201\" style=\"--n-tabs-title-order: 1;\">\n\t\t\t\t\t\t<span class=\"e-n-tab-title-text\">\n\t\t\t\tControl de calidad estricto\t\t\t<\/span>\n\t\t<\/button>\n\t\t\t\t<button id=\"e-n-tab-title-263319202\" data-tab-title-id=\"e-n-tab-title-263319202\" class=\"e-n-tab-title\" aria-selected=\"false\" data-tab-index=\"2\" role=\"tab\" tabindex=\"-1\" aria-controls=\"e-n-tab-content-263319202\" style=\"--n-tabs-title-order: 2;\">\n\t\t\t\t\t\t<span class=\"e-n-tab-title-text\">\n\t\t\t\tServicio postventa perfecto\t\t\t<\/span>\n\t\t<\/button>\n\t\t\t\t<button id=\"e-n-tab-title-263319203\" data-tab-title-id=\"e-n-tab-title-263319203\" class=\"e-n-tab-title\" aria-selected=\"false\" data-tab-index=\"3\" role=\"tab\" tabindex=\"-1\" aria-controls=\"e-n-tab-content-263319203\" style=\"--n-tabs-title-order: 3;\">\n\t\t\t\t\t\t<span class=\"e-n-tab-title-text\">\n\t\t\t\tservicio personalizado\t\t\t<\/span>\n\t\t<\/button>\n\t\t\t\t\t<\/div>\n\t\t\t<div class=\"e-n-tabs-content\">\n\t\t\t\t<div id=\"e-n-tab-content-263319201\" role=\"tabpanel\" aria-labelledby=\"e-n-tab-title-263319201\" data-tab-index=\"1\" style=\"--n-tabs-title-order: 1;\" class=\"e-active elementor-element elementor-element-c1473e6 e-con-full e-flex e-con e-child\" data-id=\"c1473e6\" data-element_type=\"container\" data-e-type=\"container\">\n\t\t<div class=\"elementor-element elementor-element-fb50155 e-flex e-con-boxed e-con e-child\" data-id=\"fb50155\" data-element_type=\"container\" data-e-type=\"container\">\n\t\t\t\t\t<div class=\"e-con-inner\">\n\t\t\t\t<div class=\"elementor-element elementor-element-77423d8 elementor-widget elementor-widget-text-editor\" data-id=\"77423d8\" data-element_type=\"widget\" data-e-type=\"widget\" data-widget_type=\"text-editor.default\">\n\t\t\t\t<div class=\"elementor-widget-container\">\n\t\t\t\t\t\t\t\t\t<p><span style=\"color: var( --e-global-color-primary ); background-color: var( --e-global-color-52bdbc7 );\">BSGH Granulator controla estrictamente cada detalle del proceso de producci\u00f3n. Desde la fabricaci\u00f3n de las piezas hasta el ensamblaje de la m\u00e1quina completa, cada pieza se fabrica seg\u00fan los m\u00e1s altos est\u00e1ndares de calidad y se somete a m\u00faltiples inspecciones de calidad. Siempre buscamos el equilibrio perfecto entre alta calidad y precios asequibles. Ya sea una m\u00e1quina peladora de cables BX o una m\u00e1quina peladora com\u00fan, puede confiar en BSGH Granulator como su socio de confianza.<\/span><\/p>\t\t\t\t\t\t\t\t<\/div>\n\t\t\t\t<\/div>\n\t\t\t\t\t<\/div>\n\t\t\t\t<\/div>\n\t\t\t\t<\/div>\n\t\t<div id=\"e-n-tab-content-263319202\" role=\"tabpanel\" aria-labelledby=\"e-n-tab-title-263319202\" data-tab-index=\"2\" style=\"--n-tabs-title-order: 2;\" class=\"elementor-element elementor-element-32a125d e-con-full e-flex e-con e-child\" data-id=\"32a125d\" data-element_type=\"container\" data-e-type=\"container\">\n\t\t<div class=\"elementor-element elementor-element-d4e9c69 e-flex e-con-boxed e-con e-child\" data-id=\"d4e9c69\" data-element_type=\"container\" data-e-type=\"container\">\n\t\t\t\t\t<div class=\"e-con-inner\">\n\t\t\t\t<div class=\"elementor-element elementor-element-8e5c4ba elementor-widget elementor-widget-text-editor\" data-id=\"8e5c4ba\" data-element_type=\"widget\" data-e-type=\"widget\" data-widget_type=\"text-editor.default\">\n\t\t\t\t<div class=\"elementor-widget-container\">\n\t\t\t\t\t\t\t\t\t<p>Ofrecemos capacitaci\u00f3n para trabajadores, m\u00e9todos de uso y mantenimiento, etc., para ayudarle a utilizar mejor la m\u00e1quina. Adem\u00e1s, ofrecemos soporte t\u00e9cnico en l\u00ednea en tiempo real, y t\u00e9cnicos profesionales resolver\u00e1n cualquier problema que surja durante el uso en l\u00ednea.<\/p>\t\t\t\t\t\t\t\t<\/div>\n\t\t\t\t<\/div>\n\t\t\t\t\t<\/div>\n\t\t\t\t<\/div>\n\t\t\t\t<\/div>\n\t\t<div id=\"e-n-tab-content-263319203\" role=\"tabpanel\" aria-labelledby=\"e-n-tab-title-263319203\" data-tab-index=\"3\" style=\"--n-tabs-title-order: 3;\" class=\"elementor-element elementor-element-b500ee8 e-con-full e-flex e-con e-child\" data-id=\"b500ee8\" data-element_type=\"container\" data-e-type=\"container\">\n\t\t<div class=\"elementor-element elementor-element-2253e8d e-flex e-con-boxed e-con e-child\" data-id=\"2253e8d\" data-element_type=\"container\" data-e-type=\"container\">\n\t\t\t\t\t<div class=\"e-con-inner\">\n\t\t\t\t<div class=\"elementor-element elementor-element-5d24c8d elementor-widget elementor-widget-text-editor\" data-id=\"5d24c8d\" data-element_type=\"widget\" data-e-type=\"widget\" data-widget_type=\"text-editor.default\">\n\t\t\t\t<div class=\"elementor-widget-container\">\n\t\t\t\t\t\t\t\t\t<p>Si tiene requisitos especiales para la m\u00e1quina, nuestro equipo de dise\u00f1o profesional crear\u00e1 una soluci\u00f3n de reciclaje \u00fanica para usted. Ofrecemos personalizaci\u00f3n flexible del material de las cuchillas, el voltaje, la marca del motor, la potencia, el color de la m\u00e1quina, etc.<\/p>\t\t\t\t\t\t\t\t<\/div>\n\t\t\t\t<\/div>\n\t\t\t\t\t<\/div>\n\t\t\t\t<\/div>\n\t\t\t\t<\/div>\n\t\t\t\t\t<\/div>\n\t\t<\/div>\n\t\t\t\t\t\t<\/div>\n\t\t\t\t<\/div>\n\t\t\t\t<\/div>\n\t\t\t\t\t<\/div>\n\t\t\t\t<\/div>\n\t\t\t\t<section class=\"elementor-section elementor-top-section elementor-element elementor-element-e4c03e9 custom-ele-section-css elementor-section-boxed elementor-section-height-default elementor-section-height-default\" data-id=\"e4c03e9\" data-element_type=\"section\" data-e-type=\"section\">\n\t\t\t\t\t\t<div class=\"elementor-container elementor-column-gap-default\">\n\t\t\t\t\t<div class=\"elementor-column elementor-col-100 elementor-top-column elementor-element elementor-element-57d6def\" data-id=\"57d6def\" data-element_type=\"column\" data-e-type=\"column\">\n\t\t\t<div class=\"elementor-widget-wrap elementor-element-populated\">\n\t\t\t\t\t\t<div class=\"elementor-element elementor-element-599521d elementor-widget elementor-widget-heading\" data-id=\"599521d\" data-element_type=\"widget\" data-e-type=\"widget\" data-widget_type=\"heading.default\">\n\t\t\t\t<div class=\"elementor-widget-container\">\n\t\t\t\t\t<h2 class=\"elementor-heading-title elementor-size-default\">M\u00e1quina peladora de cables bX Embalaje<\/h2>\t\t\t\t<\/div>\n\t\t\t\t<\/div>\n\t\t\t\t<div class=\"elementor-element elementor-element-b5c3eb7 elementor-widget elementor-widget-text-editor\" data-id=\"b5c3eb7\" data-element_type=\"widget\" data-e-type=\"widget\" data-widget_type=\"text-editor.default\">\n\t\t\t\t<div class=\"elementor-widget-container\">\n\t\t\t\t\t\t\t\t\t<p>Al igual que otras m\u00e1quinas peladoras, la m\u00e1quina peladora de cables BX estaba empaquetada en una caja de madera contrachapada.<\/p>\t\t\t\t\t\t\t\t<\/div>\n\t\t\t\t<\/div>\n\t\t\t\t<div class=\"elementor-element elementor-element-744587b elementor-widget elementor-widget-gallery\" data-id=\"744587b\" data-element_type=\"widget\" data-e-type=\"widget\" data-settings=\"{&quot;columns&quot;:3,&quot;gap&quot;:{&quot;unit&quot;:&quot;px&quot;,&quot;size&quot;:12,&quot;sizes&quot;:[]},&quot;aspect_ratio&quot;:&quot;4:3&quot;,&quot;lazyload&quot;:&quot;yes&quot;,&quot;gallery_layout&quot;:&quot;grid&quot;,&quot;columns_tablet&quot;:2,&quot;columns_mobile&quot;:1,&quot;gap_tablet&quot;:{&quot;unit&quot;:&quot;px&quot;,&quot;size&quot;:10,&quot;sizes&quot;:[]},&quot;gap_mobile&quot;:{&quot;unit&quot;:&quot;px&quot;,&quot;size&quot;:10,&quot;sizes&quot;:[]},&quot;link_to&quot;:&quot;file&quot;,&quot;overlay_background&quot;:&quot;yes&quot;,&quot;content_hover_animation&quot;:&quot;fade-in&quot;}\" data-widget_type=\"gallery.default\">\n\t\t\t\t<div class=\"elementor-widget-container\">\n\t\t\t\t\t\t\t<div class=\"elementor-gallery__container\">\n\t\t\t\t\t\t\t<a class=\"e-gallery-item elementor-gallery-item elementor-animated-content\" href=\"https:\/\/bsghgranulator.com\/wp-content\/uploads\/2025\/01\/shredder-packing-on-the-truck.jpg\" data-elementor-open-lightbox=\"no\">\n\t\t\t\t\t<div class=\"e-gallery-image elementor-gallery-item__image\" data-thumbnail=\"https:\/\/bsghgranulator.com\/wp-content\/uploads\/2025\/01\/shredder-packing-on-the-truck.jpg\" data-width=\"600\" data-height=\"400\" aria-label=\"motor dismantling machine packing on the truck\" role=\"img\" ><\/div>\n\t\t\t\t\t\t\t\t\t\t\t<div class=\"elementor-gallery-item__overlay\"><\/div>\n\t\t\t\t\t\t\t\t\t\t\t\t\t\t<\/a>\n\t\t\t\t\t\t\t<a class=\"e-gallery-item elementor-gallery-item elementor-animated-content\" href=\"https:\/\/bsghgranulator.com\/wp-content\/uploads\/2025\/01\/shredder-packing-from-bsgh-manufactory.jpg\" data-elementor-open-lightbox=\"no\">\n\t\t\t\t\t<div class=\"e-gallery-image elementor-gallery-item__image\" data-thumbnail=\"https:\/\/bsghgranulator.com\/wp-content\/uploads\/2025\/01\/shredder-packing-from-bsgh-manufactory.jpg\" data-width=\"500\" data-height=\"500\" aria-label=\"Embalaje de trituradora de la f\u00e1brica BSGH\" role=\"img\" ><\/div>\n\t\t\t\t\t\t\t\t\t\t\t<div class=\"elementor-gallery-item__overlay\"><\/div>\n\t\t\t\t\t\t\t\t\t\t\t\t\t\t<\/a>\n\t\t\t\t\t\t\t<a class=\"e-gallery-item elementor-gallery-item elementor-animated-content\" href=\"https:\/\/bsghgranulator.com\/wp-content\/uploads\/2022\/11\/packing.jpg\" data-elementor-open-lightbox=\"no\">\n\t\t\t\t\t<div class=\"e-gallery-image elementor-gallery-item__image\" data-thumbnail=\"https:\/\/bsghgranulator.com\/wp-content\/uploads\/2022\/11\/packing.jpg\" data-width=\"400\" data-height=\"500\" aria-label=\"embalaje y entrega\" role=\"img\" ><\/div>\n\t\t\t\t\t\t\t\t\t\t\t<div class=\"elementor-gallery-item__overlay\"><\/div>\n\t\t\t\t\t\t\t\t\t\t\t\t\t\t<\/a>\n\t\t\t\t\t<\/div>\n\t\t\t\t\t<\/div>\n\t\t\t\t<\/div>\n\t\t\t\t\t<\/div>\n\t\t<\/div>\n\t\t\t\t\t<\/div>\n\t\t<\/section>\n\t\t\t\t<section class=\"elementor-section elementor-top-section elementor-element elementor-element-920c1e2 custom-ele-section-css elementor-section-boxed elementor-section-height-default elementor-section-height-default\" data-id=\"920c1e2\" data-element_type=\"section\" data-e-type=\"section\">\n\t\t\t\t\t\t<div class=\"elementor-container elementor-column-gap-default\">\n\t\t\t\t\t<div class=\"elementor-column elementor-col-100 elementor-top-column elementor-element elementor-element-ebc86ec\" data-id=\"ebc86ec\" data-element_type=\"column\" data-e-type=\"column\">\n\t\t\t<div class=\"elementor-widget-wrap elementor-element-populated\">\n\t\t\t\t\t\t<div class=\"elementor-element elementor-element-54bd2c5 elementor-widget elementor-widget-heading\" data-id=\"54bd2c5\" data-element_type=\"widget\" data-e-type=\"widget\" data-widget_type=\"heading.default\">\n\t\t\t\t<div class=\"elementor-widget-container\">\n\t\t\t\t\t<h2 class=\"elementor-heading-title elementor-size-default\">Preguntas frecuentes<\/h2>\t\t\t\t<\/div>\n\t\t\t\t<\/div>\n\t\t\t\t<div class=\"elementor-element elementor-element-36ca822 elementor-widget elementor-widget-elementskit-faq\" data-id=\"36ca822\" data-element_type=\"widget\" data-e-type=\"widget\" data-widget_type=\"elementskit-faq.default\">\n\t\t\t\t<div class=\"elementor-widget-container\">\n\t\t\t\t\t<div class=\"ekit-wid-con\" >\n                <div class=\"elementskit-single-faq elementor-repeater-item-db6ae07\">\n            <div class=\"elementskit-faq-header\">\n                <h2 class=\"elementskit-faq-title\">\u00bfPuede la m\u00e1quina peladora de cables BS-30A BX procesar tipos comunes de cables?<\/h2>\n            <\/div>\n            <div class=\"elementskit-faq-body\">\n                Aunque no la recomiendo, la m\u00e1quina peladora de cables BS-30A BX est\u00e1 dise\u00f1ada espec\u00edficamente para cables BX y cables con revestimiento met\u00e1lico. Para cables comunes, tenemos modelos m\u00e1s econ\u00f3micos y adecuados.            <\/div>\n        <\/div>\n                <div class=\"elementskit-single-faq elementor-repeater-item-99d874e\">\n            <div class=\"elementskit-faq-header\">\n                <h2 class=\"elementskit-faq-title\">\u00bfCuales son las partes consumibles de la maquina?<\/h2>\n            <\/div>\n            <div class=\"elementskit-faq-body\">\n                Cuchillas. Generalmente recomendamos comprar cuchillas adicionales para uso prolongado.            <\/div>\n        <\/div>\n                <div class=\"elementskit-single-faq elementor-repeater-item-852ea38\">\n            <div class=\"elementskit-faq-header\">\n                <h2 class=\"elementskit-faq-title\">\u00bfHabr\u00e1 alg\u00fan descuento si compro m\u00e1s de uno?<\/h2>\n            <\/div>\n            <div class=\"elementskit-faq-body\">\n                S\u00ed, a mayor cantidad, mayor descuento. Ind\u00edquenos la cantidad que desea pedir y le ofreceremos el mejor precio.            <\/div>\n        <\/div>\n                <div class=\"elementskit-single-faq elementor-repeater-item-7610a55\">\n            <div class=\"elementskit-faq-header\">\n                <h2 class=\"elementskit-faq-title\">\u00bfCon qu\u00e9 frecuencia debo cambiar la cuchilla?<\/h2>\n            <\/div>\n            <div class=\"elementskit-faq-body\">\n                Esto depende del uso que le d\u00e9. Si la cuchilla se desafila y el efecto de decapado no es \u00f3ptimo, deber\u00e1 reemplazarla.            <\/div>\n        <\/div>\n                \n    <\/div>\t\t\t\t<\/div>\n\t\t\t\t<\/div>\n\t\t\t\t\t<\/div>\n\t\t<\/div>\n\t\t\t\t\t<\/div>\n\t\t<\/section>\n\t\t\t\t<\/div>","protected":false},"excerpt":{"rendered":"<ul>\n<li>Especialmente dise\u00f1ado para pelar cables BX y cables revestidos de metal (cable MC).<\/li>\n<li>Equipado con 4 puertos de alimentaci\u00f3n de diferentes tama\u00f1os, el operador solo necesita empujar el cable BX hacia la m\u00e1quina desde un puerto de tama\u00f1o similar, es conveniente y f\u00e1cil de operar.<\/li>\n<li>La m\u00e1quina est\u00e1 equipada con ruedas universales, que permiten un f\u00e1cil movimiento.<\/li>\n<li>El bot\u00f3n de parada de emergencia permite que el equipo se detenga r\u00e1pidamente en una situaci\u00f3n de emergencia, minimizando los riesgos de seguridad.<\/li>\n<li>La m\u00e1quina peladora de cables BS-30A BX tiene un interruptor de inversi\u00f3n para evitar que las materias primas se atasquen en la m\u00e1quina y garantizar un funcionamiento suave.<\/li>\n<li>Ofrecemos un a\u00f1o de garant\u00eda.<\/li>\n<\/ul>","protected":false},"featured_media":94598,"comment_status":"open","ping_status":"closed","template":"","meta":{"_seopress_robots_primary_cat":"none","_seopress_titles_title":"BS-30A BX Wire Stripping Machine, Industrial MC Cable Copper Wire Stripper","_seopress_titles_desc":"","_seopress_robots_index":""},"product_brand":[],"product_cat":[85],"product_tag":[],"class_list":{"0":"post-94551","1":"product","2":"type-product","3":"status-publish","4":"has-post-thumbnail","6":"product_cat-wire-stripper-machine","8":"first","9":"instock","10":"shipping-taxable","11":"product-type-simple"},"_links":{"self":[{"href":"https:\/\/bsghgranulator.com\/es\/wp-json\/wp\/v2\/product\/94551","targetHints":{"allow":["GET"]}}],"collection":[{"href":"https:\/\/bsghgranulator.com\/es\/wp-json\/wp\/v2\/product"}],"about":[{"href":"https:\/\/bsghgranulator.com\/es\/wp-json\/wp\/v2\/types\/product"}],"replies":[{"embeddable":true,"href":"https:\/\/bsghgranulator.com\/es\/wp-json\/wp\/v2\/comments?post=94551"}],"version-history":[{"count":4,"href":"https:\/\/bsghgranulator.com\/es\/wp-json\/wp\/v2\/product\/94551\/revisions"}],"predecessor-version":[{"id":101665,"href":"https:\/\/bsghgranulator.com\/es\/wp-json\/wp\/v2\/product\/94551\/revisions\/101665"}],"wp:featuredmedia":[{"embeddable":true,"href":"https:\/\/bsghgranulator.com\/es\/wp-json\/wp\/v2\/media\/94598"}],"wp:attachment":[{"href":"https:\/\/bsghgranulator.com\/es\/wp-json\/wp\/v2\/media?parent=94551"}],"wp:term":[{"taxonomy":"product_brand","embeddable":true,"href":"https:\/\/bsghgranulator.com\/es\/wp-json\/wp\/v2\/product_brand?post=94551"},{"taxonomy":"product_cat","embeddable":true,"href":"https:\/\/bsghgranulator.com\/es\/wp-json\/wp\/v2\/product_cat?post=94551"},{"taxonomy":"product_tag","embeddable":true,"href":"https:\/\/bsghgranulator.com\/es\/wp-json\/wp\/v2\/product_tag?post=94551"}],"curies":[{"name":"wp","href":"https:\/\/api.w.org\/{rel}","templated":true}]}}