{"id":94551,"date":"2025-05-27T10:57:38","date_gmt":"2025-05-27T02:57:38","guid":{"rendered":"https:\/\/bsghgranulator.com\/?post_type=product&#038;p=94551"},"modified":"2025-09-21T12:58:13","modified_gmt":"2025-09-21T04:58:13","slug":"bs-30a-bx-wire-stripping-machine","status":"publish","type":"product","link":"https:\/\/bsghgranulator.com\/fr\/product\/machine-a-denuder-les-fils-bs-30a-bx\/","title":{"rendered":"Machine \u00e0 d\u00e9nuder les fils BS-30A BX"},"content":{"rendered":"<div data-elementor-type=\"product-post\" data-elementor-id=\"94551\" class=\"elementor elementor-94551\" data-elementor-post-type=\"product\">\n\t\t\t\t\t\t<section class=\"elementor-section elementor-top-section elementor-element elementor-element-c4f2b4a custom-ele-section-css elementor-section-boxed elementor-section-height-default elementor-section-height-default\" data-id=\"c4f2b4a\" data-element_type=\"section\" data-e-type=\"section\">\n\t\t\t\t\t\t<div class=\"elementor-container elementor-column-gap-default\">\n\t\t\t\t\t<div class=\"elementor-column elementor-col-100 elementor-top-column elementor-element elementor-element-f0c4d8e\" data-id=\"f0c4d8e\" data-element_type=\"column\" data-e-type=\"column\">\n\t\t\t<div class=\"elementor-widget-wrap elementor-element-populated\">\n\t\t\t\t\t\t<div class=\"elementor-element elementor-element-945d417 elementor-widget elementor-widget-heading\" data-id=\"945d417\" data-element_type=\"widget\" data-e-type=\"widget\" data-widget_type=\"heading.default\">\n\t\t\t\t<div class=\"elementor-widget-container\">\n\t\t\t\t\t<h2 class=\"elementor-heading-title elementor-size-default\">BS-30A wire stripping machine for sale<\/h2>\t\t\t\t<\/div>\n\t\t\t\t<\/div>\n\t\t\t\t<div class=\"elementor-element elementor-element-e8d190d elementor-widget elementor-widget-text-editor\" data-id=\"e8d190d\" data-element_type=\"widget\" data-e-type=\"widget\" data-widget_type=\"text-editor.default\">\n\t\t\t\t<div class=\"elementor-widget-container\">\n\t\t\t\t\t\t\t\t\t<p>Pour d\u00e9nuder le fil BX, tr\u00e8s peu de d\u00e9nudeur peut le d\u00e9nuder, car ce sont des c\u00e2bles tr\u00e8s sp\u00e9ciaux.<\/p>\t\t\t\t\t\t\t\t<\/div>\n\t\t\t\t<\/div>\n\t\t\t\t<div class=\"elementor-element elementor-element-ba7af1b elementor-widget elementor-widget-text-editor\" data-id=\"ba7af1b\" data-element_type=\"widget\" data-e-type=\"widget\" data-widget_type=\"text-editor.default\">\n\t\t\t\t<div class=\"elementor-widget-container\">\n\t\t\t\t\t\t\t\t\t<table><tbody><tr><td width=\"287\"><p><strong><b>Mod\u00e8le<\/b><\/strong><\/p><\/td><td width=\"287\"><p>Machine \u00e0 d\u00e9nuder les fils BS-30A BX<\/p><\/td><\/tr><tr><td width=\"287\"><p><strong><b>Pouvoir<\/b><\/strong><\/p><\/td><td width=\"287\"><p>3\u00a0kW<\/p><\/td><\/tr><tr><td width=\"287\"><p><strong><b>Taille de la machine<\/b><\/strong><\/p><\/td><td width=\"287\"><p>L800mm*L650mm*H980mm<\/p><\/td><\/tr><tr><td width=\"287\"><p><strong><b>Poids<\/b><\/strong><\/p><\/td><td width=\"287\"><p>200 kg<\/p><\/td><\/tr><tr><td width=\"287\"><p><strong><b>Gamme de traitement<\/b><\/strong><\/p><\/td><td width=\"287\"><p>&lt;\u03c630mm<\/p><\/td><\/tr><tr><td width=\"287\"><p><strong><b>Vitesse de d\u00e9capage<\/b><\/strong><\/p><\/td><td width=\"287\"><p>max.25 m\/min<\/p><\/td><\/tr><\/tbody><\/table>\t\t\t\t\t\t\t\t<\/div>\n\t\t\t\t<\/div>\n\t\t\t\t<div class=\"elementor-element elementor-element-395ff29 elementor-widget elementor-widget-heading\" data-id=\"395ff29\" data-element_type=\"widget\" data-e-type=\"widget\" data-widget_type=\"heading.default\">\n\t\t\t\t<div class=\"elementor-widget-container\">\n\t\t\t\t\t<h2 class=\"elementor-heading-title elementor-size-default\">Comment d\u00e9nuder un c\u00e2ble BX ?<\/h2>\t\t\t\t<\/div>\n\t\t\t\t<\/div>\n\t\t\t\t<div class=\"elementor-element elementor-element-b2249ba elementor-widget elementor-widget-text-editor\" data-id=\"b2249ba\" data-element_type=\"widget\" data-e-type=\"widget\" data-widget_type=\"text-editor.default\">\n\t\t\t\t<div class=\"elementor-widget-container\">\n\t\t\t\t\t\t\t\t\t<p>Nous vous recommandons d&#039;utiliser la machine \u00e0 d\u00e9nuder les fils BS-30A BX avec une machine \u00e0 d\u00e9nuder les c\u00e2bles pour garantir que tous les mat\u00e9riaux pr\u00e9cieux contenus dans les c\u00e2bles BX mis au rebut sont recycl\u00e9s.<\/p><ul><li>\u00c9tape 1 : Utilisez le d\u00e9nudeur de c\u00e2ble BS-30A BX pour d\u00e9nuder l&#039;armure en aluminium ou en acier \u00e0 l&#039;ext\u00e9rieur du c\u00e2ble BX.<\/li><li>Le bo\u00eetier m\u00e9tallique peut \u00eatre s\u00e9par\u00e9 100% et les particules d&#039;aluminium ou d&#039;acier d\u00e9nud\u00e9es peuvent \u00eatre recycl\u00e9es davantage.<\/li><\/ul>\t\t\t\t\t\t\t\t<\/div>\n\t\t\t\t<\/div>\n\t\t\t\t<div class=\"elementor-element elementor-element-11b120c elementor-widget elementor-widget-image\" data-id=\"11b120c\" data-element_type=\"widget\" data-e-type=\"widget\" data-widget_type=\"image.default\">\n\t\t\t\t<div class=\"elementor-widget-container\">\n\t\t\t\t\t\t\t\t\t\t\t\t\t\t\t<img fetchpriority=\"high\" decoding=\"async\" width=\"500\" height=\"500\" src=\"https:\/\/bsghgranulator.com\/wp-content\/uploads\/2025\/05\/bx-cable-stripping-amchine-details.jpg\" class=\"attachment-large size-large wp-image-94599\" alt=\"D\u00e9tails de la machine \u00e0 d\u00e9nuder les c\u00e2bles BX\" srcset=\"https:\/\/bsghgranulator.com\/wp-content\/uploads\/2025\/05\/bx-cable-stripping-amchine-details.jpg 500w, https:\/\/bsghgranulator.com\/wp-content\/uploads\/2025\/05\/bx-cable-stripping-amchine-details-300x300.jpg 300w, https:\/\/bsghgranulator.com\/wp-content\/uploads\/2025\/05\/bx-cable-stripping-amchine-details-150x150.jpg 150w, https:\/\/bsghgranulator.com\/wp-content\/uploads\/2025\/05\/bx-cable-stripping-amchine-details-12x12.jpg 12w, https:\/\/bsghgranulator.com\/wp-content\/uploads\/2025\/05\/bx-cable-stripping-amchine-details-100x100.jpg 100w\" sizes=\"(max-width: 500px) 100vw, 500px\" \/>\t\t\t\t\t\t\t\t\t\t\t\t\t\t\t<\/div>\n\t\t\t\t<\/div>\n\t\t\t\t<div class=\"elementor-element elementor-element-676ae32 elementor-widget elementor-widget-text-editor\" data-id=\"676ae32\" data-element_type=\"widget\" data-e-type=\"widget\" data-widget_type=\"text-editor.default\">\n\t\t\t\t<div class=\"elementor-widget-container\">\n\t\t\t\t\t\t\t\t\t<p>\u00c9tape 2 : Ins\u00e9rez le c\u00e2ble int\u00e9rieur dans un <a href=\"https:\/\/bsghgranulator.com\/fr\/machine-a-denuder-les-fils-automatique-revolutionnaire\/\">machine \u00e0 d\u00e9nuder les c\u00e2bles courants<\/a> pour s\u00e9parer davantage l&#039;isolant en plastique et l&#039;\u00e2me en cuivre. Apr\u00e8s cette \u00e9tape, on peut obtenir des fils de cuivre complets, souvent vendus \u00e0 un prix plus \u00e9lev\u00e9.<\/p><p>Ou si vous souhaitez une efficacit\u00e9 sup\u00e9rieure et un traitement automatique, vous pouvez utiliser <a href=\"https:\/\/bsghgranulator.com\/fr\/machine-de-recyclage-de-fils-de-cuivre-de-taille-moyenne\/\">machine \u00e0 granuler les c\u00e2bles<\/a> pour traiter les c\u00e2bles de rebut int\u00e9rieurs pour obtenir des granul\u00e9s de cuivre pur et des granul\u00e9s de plastique pur.<\/p>\t\t\t\t\t\t\t\t<\/div>\n\t\t\t\t<\/div>\n\t\t\t\t\t<\/div>\n\t\t<\/div>\n\t\t\t\t\t<\/div>\n\t\t<\/section>\n\t\t<div class=\"elementor-element elementor-element-4e94f6c e-flex e-con-boxed e-con e-parent\" data-id=\"4e94f6c\" data-element_type=\"container\" data-e-type=\"container\">\n\t\t\t\t\t<div class=\"e-con-inner\">\n\t\t<div class=\"elementor-element elementor-element-4457e3f e-con-full e-flex e-con e-child\" data-id=\"4457e3f\" data-element_type=\"container\" data-e-type=\"container\">\n\t\t\t\t<div class=\"elementor-element elementor-element-d3e24a3 elementor-widget elementor-widget-heading\" data-id=\"d3e24a3\" data-element_type=\"widget\" data-e-type=\"widget\" data-widget_type=\"heading.default\">\n\t\t\t\t<div class=\"elementor-widget-container\">\n\t\t\t\t\t<h2 class=\"elementor-heading-title elementor-size-default\">Pourquoi nous choisir<\/h2>\t\t\t\t<\/div>\n\t\t\t\t<\/div>\n\t\t\t\t<div class=\"elementor-element elementor-element-191cb10 e-n-tabs-mobile elementor-widget elementor-widget-n-tabs\" data-id=\"191cb10\" data-element_type=\"widget\" data-e-type=\"widget\" data-settings=\"{&quot;horizontal_scroll&quot;:&quot;disable&quot;}\" data-widget_type=\"nested-tabs.default\">\n\t\t\t\t<div class=\"elementor-widget-container\">\n\t\t\t\t\t\t\t<div class=\"e-n-tabs\" data-widget-number=\"26331920\" aria-label=\"Tabs. Open items with Enter or Space, close with Escape and navigate using the Arrow keys.\">\n\t\t\t<div class=\"e-n-tabs-heading\" role=\"tablist\">\n\t\t\t\t\t<button id=\"e-n-tab-title-263319201\" data-tab-title-id=\"e-n-tab-title-263319201\" class=\"e-n-tab-title\" aria-selected=\"true\" data-tab-index=\"1\" role=\"tab\" tabindex=\"0\" aria-controls=\"e-n-tab-content-263319201\" style=\"--n-tabs-title-order: 1;\">\n\t\t\t\t\t\t<span class=\"e-n-tab-title-text\">\n\t\t\t\tContr\u00f4le de qualit\u00e9 strict\t\t\t<\/span>\n\t\t<\/button>\n\t\t\t\t<button id=\"e-n-tab-title-263319202\" data-tab-title-id=\"e-n-tab-title-263319202\" class=\"e-n-tab-title\" aria-selected=\"false\" data-tab-index=\"2\" role=\"tab\" tabindex=\"-1\" aria-controls=\"e-n-tab-content-263319202\" style=\"--n-tabs-title-order: 2;\">\n\t\t\t\t\t\t<span class=\"e-n-tab-title-text\">\n\t\t\t\tService apr\u00e8s-vente parfait\t\t\t<\/span>\n\t\t<\/button>\n\t\t\t\t<button id=\"e-n-tab-title-263319203\" data-tab-title-id=\"e-n-tab-title-263319203\" class=\"e-n-tab-title\" aria-selected=\"false\" data-tab-index=\"3\" role=\"tab\" tabindex=\"-1\" aria-controls=\"e-n-tab-content-263319203\" style=\"--n-tabs-title-order: 3;\">\n\t\t\t\t\t\t<span class=\"e-n-tab-title-text\">\n\t\t\t\tservice personnalis\u00e9\t\t\t<\/span>\n\t\t<\/button>\n\t\t\t\t\t<\/div>\n\t\t\t<div class=\"e-n-tabs-content\">\n\t\t\t\t<div id=\"e-n-tab-content-263319201\" role=\"tabpanel\" aria-labelledby=\"e-n-tab-title-263319201\" data-tab-index=\"1\" style=\"--n-tabs-title-order: 1;\" class=\"e-active elementor-element elementor-element-c1473e6 e-con-full e-flex e-con e-child\" data-id=\"c1473e6\" data-element_type=\"container\" data-e-type=\"container\">\n\t\t<div class=\"elementor-element elementor-element-fb50155 e-flex e-con-boxed e-con e-child\" data-id=\"fb50155\" data-element_type=\"container\" data-e-type=\"container\">\n\t\t\t\t\t<div class=\"e-con-inner\">\n\t\t\t\t<div class=\"elementor-element elementor-element-77423d8 elementor-widget elementor-widget-text-editor\" data-id=\"77423d8\" data-element_type=\"widget\" data-e-type=\"widget\" data-widget_type=\"text-editor.default\">\n\t\t\t\t<div class=\"elementor-widget-container\">\n\t\t\t\t\t\t\t\t\t<p><span style=\"color: var( --e-global-color-primary ); background-color: var( --e-global-color-52bdbc7 );\">BSGH Granulator contr\u00f4le rigoureusement chaque d\u00e9tail du processus de production. De la fabrication des pi\u00e8ces \u00e0 l&#039;assemblage de la machine, chaque pi\u00e8ce est fabriqu\u00e9e selon les normes de qualit\u00e9 les plus strictes et soumise \u00e0 de multiples contr\u00f4les qualit\u00e9. Nous recherchons toujours le parfait \u00e9quilibre entre qualit\u00e9 et prix abordables. Que vous utilisiez une machine \u00e0 d\u00e9nuder BX ou une machine \u00e0 d\u00e9nuder classique, vous pouvez faire confiance \u00e0 BSGH Granulator pour vos futurs projets.<\/span><\/p>\t\t\t\t\t\t\t\t<\/div>\n\t\t\t\t<\/div>\n\t\t\t\t\t<\/div>\n\t\t\t\t<\/div>\n\t\t\t\t<\/div>\n\t\t<div id=\"e-n-tab-content-263319202\" role=\"tabpanel\" aria-labelledby=\"e-n-tab-title-263319202\" data-tab-index=\"2\" style=\"--n-tabs-title-order: 2;\" class=\"elementor-element elementor-element-32a125d e-con-full e-flex e-con e-child\" data-id=\"32a125d\" data-element_type=\"container\" data-e-type=\"container\">\n\t\t<div class=\"elementor-element elementor-element-d4e9c69 e-flex e-con-boxed e-con e-child\" data-id=\"d4e9c69\" data-element_type=\"container\" data-e-type=\"container\">\n\t\t\t\t\t<div class=\"e-con-inner\">\n\t\t\t\t<div class=\"elementor-element elementor-element-8e5c4ba elementor-widget elementor-widget-text-editor\" data-id=\"8e5c4ba\" data-element_type=\"widget\" data-e-type=\"widget\" data-widget_type=\"text-editor.default\">\n\t\t\t\t<div class=\"elementor-widget-container\">\n\t\t\t\t\t\t\t\t\t<p>Nous proposons des formations pour les op\u00e9rateurs, des conseils d&#039;utilisation et de maintenance, etc., pour vous aider \u00e0 mieux utiliser la machine. De plus, nous offrons une assistance technique en ligne en temps r\u00e9el, et nos techniciens professionnels r\u00e9soudront tous les probl\u00e8mes rencontr\u00e9s lors de l&#039;utilisation.<\/p>\t\t\t\t\t\t\t\t<\/div>\n\t\t\t\t<\/div>\n\t\t\t\t\t<\/div>\n\t\t\t\t<\/div>\n\t\t\t\t<\/div>\n\t\t<div id=\"e-n-tab-content-263319203\" role=\"tabpanel\" aria-labelledby=\"e-n-tab-title-263319203\" data-tab-index=\"3\" style=\"--n-tabs-title-order: 3;\" class=\"elementor-element elementor-element-b500ee8 e-con-full e-flex e-con e-child\" data-id=\"b500ee8\" data-element_type=\"container\" data-e-type=\"container\">\n\t\t<div class=\"elementor-element elementor-element-2253e8d e-flex e-con-boxed e-con e-child\" data-id=\"2253e8d\" data-element_type=\"container\" data-e-type=\"container\">\n\t\t\t\t\t<div class=\"e-con-inner\">\n\t\t\t\t<div class=\"elementor-element elementor-element-5d24c8d elementor-widget elementor-widget-text-editor\" data-id=\"5d24c8d\" data-element_type=\"widget\" data-e-type=\"widget\" data-widget_type=\"text-editor.default\">\n\t\t\t\t<div class=\"elementor-widget-container\">\n\t\t\t\t\t\t\t\t\t<p>Si vous avez des exigences particuli\u00e8res pour votre machine, notre \u00e9quipe de conception professionnelle cr\u00e9era une solution de recyclage sur mesure. Nous proposons une personnalisation flexible\u00a0: mat\u00e9riau de la lame, tension, marque du moteur, puissance, couleur, etc.<\/p>\t\t\t\t\t\t\t\t<\/div>\n\t\t\t\t<\/div>\n\t\t\t\t\t<\/div>\n\t\t\t\t<\/div>\n\t\t\t\t<\/div>\n\t\t\t\t\t<\/div>\n\t\t<\/div>\n\t\t\t\t\t\t<\/div>\n\t\t\t\t<\/div>\n\t\t\t\t<\/div>\n\t\t\t\t\t<\/div>\n\t\t\t\t<\/div>\n\t\t\t\t<section class=\"elementor-section elementor-top-section elementor-element elementor-element-e4c03e9 custom-ele-section-css elementor-section-boxed elementor-section-height-default elementor-section-height-default\" data-id=\"e4c03e9\" data-element_type=\"section\" data-e-type=\"section\">\n\t\t\t\t\t\t<div class=\"elementor-container elementor-column-gap-default\">\n\t\t\t\t\t<div class=\"elementor-column elementor-col-100 elementor-top-column elementor-element elementor-element-57d6def\" data-id=\"57d6def\" data-element_type=\"column\" data-e-type=\"column\">\n\t\t\t<div class=\"elementor-widget-wrap elementor-element-populated\">\n\t\t\t\t\t\t<div class=\"elementor-element elementor-element-599521d elementor-widget elementor-widget-heading\" data-id=\"599521d\" data-element_type=\"widget\" data-e-type=\"widget\" data-widget_type=\"heading.default\">\n\t\t\t\t<div class=\"elementor-widget-container\">\n\t\t\t\t\t<h2 class=\"elementor-heading-title elementor-size-default\">Machine \u00e0 d\u00e9nuder les fils bX Emballage<\/h2>\t\t\t\t<\/div>\n\t\t\t\t<\/div>\n\t\t\t\t<div class=\"elementor-element elementor-element-b5c3eb7 elementor-widget elementor-widget-text-editor\" data-id=\"b5c3eb7\" data-element_type=\"widget\" data-e-type=\"widget\" data-widget_type=\"text-editor.default\">\n\t\t\t\t<div class=\"elementor-widget-container\">\n\t\t\t\t\t\t\t\t\t<p>Tout comme les autres machines \u00e0 d\u00e9nuder, la machine \u00e0 d\u00e9nuder les fils BX a \u00e9t\u00e9 emball\u00e9e dans une bo\u00eete en contreplaqu\u00e9.<\/p>\t\t\t\t\t\t\t\t<\/div>\n\t\t\t\t<\/div>\n\t\t\t\t<div class=\"elementor-element elementor-element-744587b elementor-widget elementor-widget-gallery\" data-id=\"744587b\" data-element_type=\"widget\" data-e-type=\"widget\" data-settings=\"{&quot;columns&quot;:3,&quot;gap&quot;:{&quot;unit&quot;:&quot;px&quot;,&quot;size&quot;:12,&quot;sizes&quot;:[]},&quot;aspect_ratio&quot;:&quot;4:3&quot;,&quot;lazyload&quot;:&quot;yes&quot;,&quot;gallery_layout&quot;:&quot;grid&quot;,&quot;columns_tablet&quot;:2,&quot;columns_mobile&quot;:1,&quot;gap_tablet&quot;:{&quot;unit&quot;:&quot;px&quot;,&quot;size&quot;:10,&quot;sizes&quot;:[]},&quot;gap_mobile&quot;:{&quot;unit&quot;:&quot;px&quot;,&quot;size&quot;:10,&quot;sizes&quot;:[]},&quot;link_to&quot;:&quot;file&quot;,&quot;overlay_background&quot;:&quot;yes&quot;,&quot;content_hover_animation&quot;:&quot;fade-in&quot;}\" data-widget_type=\"gallery.default\">\n\t\t\t\t<div class=\"elementor-widget-container\">\n\t\t\t\t\t\t\t<div class=\"elementor-gallery__container\">\n\t\t\t\t\t\t\t<a class=\"e-gallery-item elementor-gallery-item elementor-animated-content\" href=\"https:\/\/bsghgranulator.com\/wp-content\/uploads\/2025\/01\/shredder-packing-on-the-truck.jpg\" data-elementor-open-lightbox=\"no\">\n\t\t\t\t\t<div class=\"e-gallery-image elementor-gallery-item__image\" data-thumbnail=\"https:\/\/bsghgranulator.com\/wp-content\/uploads\/2025\/01\/shredder-packing-on-the-truck.jpg\" data-width=\"600\" data-height=\"400\" aria-label=\"motor dismantling machine packing on the truck\" role=\"img\" ><\/div>\n\t\t\t\t\t\t\t\t\t\t\t<div class=\"elementor-gallery-item__overlay\"><\/div>\n\t\t\t\t\t\t\t\t\t\t\t\t\t\t<\/a>\n\t\t\t\t\t\t\t<a class=\"e-gallery-item elementor-gallery-item elementor-animated-content\" href=\"https:\/\/bsghgranulator.com\/wp-content\/uploads\/2025\/01\/shredder-packing-from-bsgh-manufactory.jpg\" data-elementor-open-lightbox=\"no\">\n\t\t\t\t\t<div class=\"e-gallery-image elementor-gallery-item__image\" data-thumbnail=\"https:\/\/bsghgranulator.com\/wp-content\/uploads\/2025\/01\/shredder-packing-from-bsgh-manufactory.jpg\" data-width=\"500\" data-height=\"500\" aria-label=\"emballage de d\u00e9chiquetage de l&#039;usine BSGH\" role=\"img\" ><\/div>\n\t\t\t\t\t\t\t\t\t\t\t<div class=\"elementor-gallery-item__overlay\"><\/div>\n\t\t\t\t\t\t\t\t\t\t\t\t\t\t<\/a>\n\t\t\t\t\t\t\t<a class=\"e-gallery-item elementor-gallery-item elementor-animated-content\" href=\"https:\/\/bsghgranulator.com\/wp-content\/uploads\/2022\/11\/packing.jpg\" data-elementor-open-lightbox=\"no\">\n\t\t\t\t\t<div class=\"e-gallery-image elementor-gallery-item__image\" data-thumbnail=\"https:\/\/bsghgranulator.com\/wp-content\/uploads\/2022\/11\/packing.jpg\" data-width=\"400\" data-height=\"500\" aria-label=\"emballage et livraison\" role=\"img\" ><\/div>\n\t\t\t\t\t\t\t\t\t\t\t<div class=\"elementor-gallery-item__overlay\"><\/div>\n\t\t\t\t\t\t\t\t\t\t\t\t\t\t<\/a>\n\t\t\t\t\t<\/div>\n\t\t\t\t\t<\/div>\n\t\t\t\t<\/div>\n\t\t\t\t\t<\/div>\n\t\t<\/div>\n\t\t\t\t\t<\/div>\n\t\t<\/section>\n\t\t\t\t<section class=\"elementor-section elementor-top-section elementor-element elementor-element-920c1e2 custom-ele-section-css elementor-section-boxed elementor-section-height-default elementor-section-height-default\" data-id=\"920c1e2\" data-element_type=\"section\" data-e-type=\"section\">\n\t\t\t\t\t\t<div class=\"elementor-container elementor-column-gap-default\">\n\t\t\t\t\t<div class=\"elementor-column elementor-col-100 elementor-top-column elementor-element elementor-element-ebc86ec\" data-id=\"ebc86ec\" data-element_type=\"column\" data-e-type=\"column\">\n\t\t\t<div class=\"elementor-widget-wrap elementor-element-populated\">\n\t\t\t\t\t\t<div class=\"elementor-element elementor-element-54bd2c5 elementor-widget elementor-widget-heading\" data-id=\"54bd2c5\" data-element_type=\"widget\" data-e-type=\"widget\" data-widget_type=\"heading.default\">\n\t\t\t\t<div class=\"elementor-widget-container\">\n\t\t\t\t\t<h2 class=\"elementor-heading-title elementor-size-default\">FAQ<\/h2>\t\t\t\t<\/div>\n\t\t\t\t<\/div>\n\t\t\t\t<div class=\"elementor-element elementor-element-36ca822 elementor-widget elementor-widget-elementskit-faq\" data-id=\"36ca822\" data-element_type=\"widget\" data-e-type=\"widget\" data-widget_type=\"elementskit-faq.default\">\n\t\t\t\t<div class=\"elementor-widget-container\">\n\t\t\t\t\t<div class=\"ekit-wid-con\" >\n                <div class=\"elementskit-single-faq elementor-repeater-item-db6ae07\">\n            <div class=\"elementskit-faq-header\">\n                <h2 class=\"elementskit-faq-title\">La machine \u00e0 d\u00e9nuder les fils BS-30A BX peut-elle traiter les types courants de c\u00e2bles ?<\/h2>\n            <\/div>\n            <div class=\"elementskit-faq-body\">\n                Nous ne pouvons pas le recommander. La machine \u00e0 d\u00e9nuder BS-30A BX est un mod\u00e8le sp\u00e9cialement con\u00e7u pour les fils BX et les c\u00e2bles gain\u00e9s. Pour les c\u00e2bles courants, nous proposons des mod\u00e8les plus adapt\u00e9s et moins chers.            <\/div>\n        <\/div>\n                <div class=\"elementskit-single-faq elementor-repeater-item-99d874e\">\n            <div class=\"elementskit-faq-header\">\n                <h2 class=\"elementskit-faq-title\">Quelles sont les pi\u00e8ces consommables de la machine ?<\/h2>\n            <\/div>\n            <div class=\"elementskit-faq-body\">\n                Lames. Nous recommandons g\u00e9n\u00e9ralement d&#039;acheter des lames suppl\u00e9mentaires pour une utilisation \u00e0 long terme.            <\/div>\n        <\/div>\n                <div class=\"elementskit-single-faq elementor-repeater-item-852ea38\">\n            <div class=\"elementskit-faq-header\">\n                <h2 class=\"elementskit-faq-title\">Y aura-t-il une r\u00e9duction si j&#039;en ach\u00e8te plusieurs ?<\/h2>\n            <\/div>\n            <div class=\"elementskit-faq-body\">\n                Oui, plus la quantit\u00e9 est importante, plus la remise est importante. Veuillez nous indiquer la quantit\u00e9 souhait\u00e9e et nous vous proposerons le meilleur prix.            <\/div>\n        <\/div>\n                <div class=\"elementskit-single-faq elementor-repeater-item-7610a55\">\n            <div class=\"elementskit-faq-header\">\n                <h2 class=\"elementskit-faq-title\">\u00c0 quelle fr\u00e9quence dois-je changer la lame ?<\/h2>\n            <\/div>\n            <div class=\"elementskit-faq-body\">\n                Cela d\u00e9pend de votre utilisation. Lorsque la lame est \u00e9mouss\u00e9e et que l&#039;effet de d\u00e9capage n&#039;est pas optimal, vous devez la remplacer.            <\/div>\n        <\/div>\n                \n    <\/div>\t\t\t\t<\/div>\n\t\t\t\t<\/div>\n\t\t\t\t\t<\/div>\n\t\t<\/div>\n\t\t\t\t\t<\/div>\n\t\t<\/section>\n\t\t\t\t<\/div>","protected":false},"excerpt":{"rendered":"<ul>\n<li>Sp\u00e9cialement con\u00e7u pour d\u00e9nuder les fils BX et les c\u00e2bles gain\u00e9s de m\u00e9tal (c\u00e2ble MC).<\/li>\n<li>\u00c9quip\u00e9 de 4 ports d&#039;alimentation de tailles diff\u00e9rentes, l&#039;op\u00e9rateur n&#039;a qu&#039;\u00e0 pousser le fil BX dans la machine \u00e0 partir d&#039;un port de taille similaire, il est pratique et facile \u00e0 utiliser.<\/li>\n<li>La machine est \u00e9quip\u00e9e de roues universelles, qui permettent un d\u00e9placement facile.<\/li>\n<li>Le bouton d&#039;arr\u00eat d&#039;urgence permet \u00e0 l&#039;\u00e9quipement de s&#039;arr\u00eater rapidement en cas d&#039;urgence, minimisant ainsi les risques de s\u00e9curit\u00e9.<\/li>\n<li>La machine \u00e0 d\u00e9nuder les fils BS-30A BX dispose d&#039;un interrupteur inverse pour emp\u00eacher les mati\u00e8res premi\u00e8res de se coincer dans la machine et assurer un fonctionnement en douceur.<\/li>\n<li>Nous offrons une garantie d&#039;un an.<\/li>\n<\/ul>","protected":false},"featured_media":94598,"comment_status":"open","ping_status":"closed","template":"","meta":{"_seopress_robots_primary_cat":"none","_seopress_titles_title":"BS-30A BX Wire Stripping Machine, Industrial MC Cable Copper Wire Stripper","_seopress_titles_desc":"","_seopress_robots_index":""},"product_brand":[],"product_cat":[85],"product_tag":[],"class_list":{"0":"post-94551","1":"product","2":"type-product","3":"status-publish","4":"has-post-thumbnail","6":"product_cat-wire-stripper-machine","8":"first","9":"instock","10":"shipping-taxable","11":"product-type-simple"},"_links":{"self":[{"href":"https:\/\/bsghgranulator.com\/fr\/wp-json\/wp\/v2\/product\/94551","targetHints":{"allow":["GET"]}}],"collection":[{"href":"https:\/\/bsghgranulator.com\/fr\/wp-json\/wp\/v2\/product"}],"about":[{"href":"https:\/\/bsghgranulator.com\/fr\/wp-json\/wp\/v2\/types\/product"}],"replies":[{"embeddable":true,"href":"https:\/\/bsghgranulator.com\/fr\/wp-json\/wp\/v2\/comments?post=94551"}],"version-history":[{"count":4,"href":"https:\/\/bsghgranulator.com\/fr\/wp-json\/wp\/v2\/product\/94551\/revisions"}],"predecessor-version":[{"id":101665,"href":"https:\/\/bsghgranulator.com\/fr\/wp-json\/wp\/v2\/product\/94551\/revisions\/101665"}],"wp:featuredmedia":[{"embeddable":true,"href":"https:\/\/bsghgranulator.com\/fr\/wp-json\/wp\/v2\/media\/94598"}],"wp:attachment":[{"href":"https:\/\/bsghgranulator.com\/fr\/wp-json\/wp\/v2\/media?parent=94551"}],"wp:term":[{"taxonomy":"product_brand","embeddable":true,"href":"https:\/\/bsghgranulator.com\/fr\/wp-json\/wp\/v2\/product_brand?post=94551"},{"taxonomy":"product_cat","embeddable":true,"href":"https:\/\/bsghgranulator.com\/fr\/wp-json\/wp\/v2\/product_cat?post=94551"},{"taxonomy":"product_tag","embeddable":true,"href":"https:\/\/bsghgranulator.com\/fr\/wp-json\/wp\/v2\/product_tag?post=94551"}],"curies":[{"name":"wp","href":"https:\/\/api.w.org\/{rel}","templated":true}]}}