{"id":112027,"date":"2026-03-24T10:43:29","date_gmt":"2026-03-24T02:43:29","guid":{"rendered":"https:\/\/bsghgranulator.com\/?page_id=112027"},"modified":"2026-03-24T11:25:54","modified_gmt":"2026-03-24T03:25:54","slug":"ac-radiator-recycling-line-for-5t-h-output-installed-in-malaysia","status":"publish","type":"page","link":"https:\/\/bsghgranulator.com\/pt\/case-studies\/ac-radiator-recycling-line-for-5t-h-output-installed-in-malaysia\/","title":{"rendered":"5T\/H High-Efficiency AC Radiator Recycling Line Installed in Malaysia"},"content":{"rendered":"<div data-elementor-type=\"wp-page\" data-elementor-id=\"112027\" class=\"elementor elementor-112027\" data-elementor-post-type=\"page\">\n\t\t\t\t<div class=\"elementor-element elementor-element-f4db6ac e-con-full e-flex e-con e-parent\" data-id=\"f4db6ac\" data-element_type=\"container\" data-e-type=\"container\" data-settings=\"{&quot;background_background&quot;:&quot;video&quot;,&quot;background_video_start&quot;:1,&quot;background_video_end&quot;:60,&quot;background_video_link&quot;:&quot;https:\\\/\\\/www.youtube.com\\\/watch?v=tV6W6li9cy0&amp;t=5s&quot;}\">\n\t\t<div class=\"elementor-background-video-container elementor-hidden-mobile\">\n\t\t\t\t\t\t\t<div class=\"elementor-background-video-embed\" role=\"presentation\"><\/div>\n\t\t\t\t\t\t<\/div><div class=\"elementor-element elementor-element-68f1aaa e-con-full e-flex e-con e-child\" data-id=\"68f1aaa\" data-element_type=\"container\" data-e-type=\"container\">\n\t\t\t\t<div class=\"elementor-element elementor-element-372e2d5 elementor-widget__width-initial elementor-widget elementor-widget-heading\" data-id=\"372e2d5\" data-element_type=\"widget\" data-e-type=\"widget\" data-widget_type=\"heading.default\">\n\t\t\t\t<div class=\"elementor-widget-container\">\n\t\t\t\t\t<h1 class=\"elementor-heading-title elementor-size-default\">Scrap Radiator Recycling: 5T\/H AC Radiator recycling Line in Malaysia<\/h1>\t\t\t\t<\/div>\n\t\t\t\t<\/div>\n\t\t\t\t<div class=\"elementor-element elementor-element-fc40f74 elementor-widget elementor-widget-text-editor\" data-id=\"fc40f74\" data-element_type=\"widget\" data-e-type=\"widget\" data-widget_type=\"text-editor.default\">\n\t\t\t\t<div class=\"elementor-widget-container\">\n\t\t\t\t\t\t\t\t\t<p>Mr. Huang from Malaysia ordered newest BS-ACP1200 ac radiator crushing and separating line, he has become local leading radiator recycler:<br \/>+ 99.9% separation rate and purity for copper-aluminum<br \/>+ Environment-friendly, fits government standard<br \/>+ 5T\/H large-scale processing capacity<br \/>+ Customize motor, size, color, blades<br \/>+ Professional team &amp; fast delivery<\/p>\t\t\t\t\t\t\t\t<\/div>\n\t\t\t\t<\/div>\n\t\t\t\t<div class=\"elementor-element elementor-element-68193b4 elementor-align-center elementor-invisible elementor-widget elementor-widget-button\" data-id=\"68193b4\" data-element_type=\"widget\" data-e-type=\"widget\" data-settings=\"{&quot;_animation&quot;:&quot;fadeInUp&quot;,&quot;_animation_delay&quot;:600}\" data-widget_type=\"button.default\">\n\t\t\t\t<div class=\"elementor-widget-container\">\n\t\t\t\t\t\t\t\t\t<div class=\"elementor-button-wrapper\">\n\t\t\t\t\t<a class=\"elementor-button elementor-button-link elementor-size-sm elementor-animation-sink\" href=\"#elementor-action:action=popup:open&settings=eyJpZCI6Ijc1MDg5IiwidG9nZ2xlIjpmYWxzZX0=\">\n\t\t\t\t\t\t<span class=\"elementor-button-content-wrapper\">\n\t\t\t\t\t\t\t\t\t<span class=\"elementor-button-text\">Saber mais<\/span>\n\t\t\t\t\t<\/span>\n\t\t\t\t\t<\/a>\n\t\t\t\t<\/div>\n\t\t\t\t\t\t\t\t<\/div>\n\t\t\t\t<\/div>\n\t\t\t\t<\/div>\n\t\t\t\t<\/div>\n\t\t\t\t<section class=\"elementor-section elementor-top-section elementor-element elementor-element-45f93581 custom-ele-section-css elementor-section-boxed elementor-section-height-default elementor-section-height-default\" data-id=\"45f93581\" data-element_type=\"section\" data-e-type=\"section\" data-settings=\"{&quot;background_background&quot;:&quot;classic&quot;}\">\n\t\t\t\t\t\t<div class=\"elementor-container elementor-column-gap-default\">\n\t\t\t\t\t<div class=\"elementor-column elementor-col-100 elementor-top-column elementor-element elementor-element-225e190b\" data-id=\"225e190b\" data-element_type=\"column\" data-e-type=\"column\">\n\t\t\t<div class=\"elementor-widget-wrap elementor-element-populated\">\n\t\t\t\t\t\t<div class=\"elementor-element elementor-element-7d95379d elementor-widget elementor-widget-heading\" data-id=\"7d95379d\" data-element_type=\"widget\" data-e-type=\"widget\" data-widget_type=\"heading.default\">\n\t\t\t\t<div class=\"elementor-widget-container\">\n\t\t\t\t\t<h2 class=\"elementor-heading-title elementor-size-default\">About  Client<\/h2>\t\t\t\t<\/div>\n\t\t\t\t<\/div>\n\t\t\t\t<div class=\"elementor-element elementor-element-4ce566e5 elementor-widget elementor-widget-text-editor\" data-id=\"4ce566e5\" data-element_type=\"widget\" data-e-type=\"widget\" data-widget_type=\"text-editor.default\">\n\t\t\t\t<div class=\"elementor-widget-container\">\n\t\t\t\t\t\t\t\t\t<ul><li>Client: Mr. Huang, a prominent AC radiator recycling center director based in Malaysia.<\/li><li>Industry Context: In Malaysia&#8217;s competitive metal recycling fields, maximizing the purity of recycled copper and aluminum is essential for profitability.<\/li><li>The Problem: The existing radiator shredding and separating equipment produced low-quality output with significant impurities. Additionally, the lower recycling effiency and higher copper losss make the big problem.<\/li><li>The Goal: To source and implement a high-performance radiator recycling line capable of achieving a 99% separation rate while significantly reducing copper loss to ensure maximum material recovery.<\/li><\/ul>\t\t\t\t\t\t\t\t<\/div>\n\t\t\t\t<\/div>\n\t\t\t\t\t<\/div>\n\t\t<\/div>\n\t\t\t\t\t<\/div>\n\t\t<\/section>\n\t\t<div class=\"elementor-element elementor-element-29c6f35 e-flex e-con-boxed e-con e-parent\" data-id=\"29c6f35\" data-element_type=\"container\" data-e-type=\"container\">\n\t\t\t\t\t<div class=\"e-con-inner\">\n\t\t\t\t<div class=\"elementor-element elementor-element-39b1b1e elementor-widget elementor-widget-heading\" data-id=\"39b1b1e\" data-element_type=\"widget\" data-e-type=\"widget\" data-widget_type=\"heading.default\">\n\t\t\t\t<div class=\"elementor-widget-container\">\n\t\t\t\t\t<h2 class=\"elementor-heading-title elementor-size-default\">Solution: industrial AC Radiator recycling Line <\/h2>\t\t\t\t<\/div>\n\t\t\t\t<\/div>\n\t\t\t\t<div class=\"elementor-element elementor-element-467ec3c elementor-widget elementor-widget-text-editor\" data-id=\"467ec3c\" data-element_type=\"widget\" data-e-type=\"widget\" data-widget_type=\"text-editor.default\">\n\t\t\t\t<div class=\"elementor-widget-container\">\n\t\t\t\t\t\t\t\t\t<p>Mr. Huang began searching LinkedIn for advanced &#8220;new radiator recycling lines.&#8221; Impressed by\u00a0<span style=\"margin: 0px; padding: 0px;\">the robust engineering in our online video, he navigated to the\u00a0<a href=\"https:\/\/bsghgranulator.com\/pt\" target=\"_blank\" rel=\"noopener\">Granulador BSGH<\/a>\u00a0official website and confirmed that the\u00a0<a href=\"https:\/\/bsghgranulator.com\/pt\/product\/5tph-ac-radiator-recycling-line-bs-acp1200\/\" target=\"_blank\" rel=\"noopener\">BS-ACP1200 AC radiator crushing and separating recycling line<\/a><\/span> is optimal for his recycling center, but still needed to confirm some details. Mr. Huang and his wife directly flew to China and took a deep-dive technical discussion with us covering following aspects:<\/p>\t\t\t\t\t\t\t\t<\/div>\n\t\t\t\t<\/div>\n\t\t\t\t<div class=\"elementor-element elementor-element-0d9babe elementor-widget elementor-widget-heading\" data-id=\"0d9babe\" data-element_type=\"widget\" data-e-type=\"widget\" data-widget_type=\"heading.default\">\n\t\t\t\t<div class=\"elementor-widget-container\">\n\t\t\t\t\t<h3 class=\"elementor-heading-title elementor-size-default\">BS-ACP1200 Radiator Recycling Line agreed data<\/h3>\t\t\t\t<\/div>\n\t\t\t\t<\/div>\n\t\t\t\t<div class=\"elementor-element elementor-element-7ee3366 elementor-widget elementor-widget-text-editor\" data-id=\"7ee3366\" data-element_type=\"widget\" data-e-type=\"widget\" data-widget_type=\"text-editor.default\">\n\t\t\t\t<div class=\"elementor-widget-container\">\n\t\t\t\t\t\t\t\t\t<table style=\"width: 100%; border-collapse: collapse; margin: 20px 0;\"><thead><tr style=\"background-color: #f2f2f2;\"><th style=\"border: 1px solid #ddd; padding: 12px; text-align: left;\">Especifica\u00e7\u00f5es t\u00e9cnicas<\/th><th style=\"border: 1px solid #ddd; padding: 12px; text-align: left;\">Details (Model: BS-ACP1200)<\/th><\/tr><\/thead><tbody><tr><td style=\"border: 1px solid #ddd; padding: 10px;\">Capacidade de Processamento<\/td><td style=\"border: 1px solid #ddd; padding: 10px;\"><strong>5,000 kg\/h (5 T\/H)<\/strong><\/td><\/tr><tr><td style=\"border: 1px solid #ddd; padding: 10px;\">Separation Purity Rate<\/td><td style=\"border: 1px solid #ddd; padding: 10px;\"><strong>\u2265 99.9% (Copper &amp; Aluminum)<\/strong><\/td><\/tr><tr><td style=\"border: 1px solid #ddd; padding: 10px;\">Environmental Standard<\/td><td style=\"border: 1px solid #ddd; padding: 10px;\">Integrated Pulse Dust Collection System<\/td><\/tr><tr><td style=\"border: 1px solid #ddd; padding: 10px;\">Container Loading<\/td><td style=\"border: 1px solid #ddd; padding: 10px;\">2 * 40HQ Containers<\/td><\/tr><tr><td style=\"border: 1px solid #ddd; padding: 10px;\">Key Features<\/td><td style=\"border: 1px solid #ddd; padding: 10px;\">Special Heavy Duty Shredder + Hammer Mill Crusher + Magnetic Separator<\/td><\/tr><\/tbody><\/table>\t\t\t\t\t\t\t\t<\/div>\n\t\t\t\t<\/div>\n\t\t\t\t<div class=\"elementor-element elementor-element-740ff5f elementor-widget elementor-widget-text-editor\" data-id=\"740ff5f\" data-element_type=\"widget\" data-e-type=\"widget\" data-widget_type=\"text-editor.default\">\n\t\t\t\t<div class=\"elementor-widget-container\">\n\t\t\t\t\t\t\t\t\t<p>Fully confident in our high-efficient solution, Mr. Huang made order and paid.<\/p>\t\t\t\t\t\t\t\t<\/div>\n\t\t\t\t<\/div>\n\t\t\t\t<div class=\"elementor-element elementor-element-2dd46ce elementor-arrows-position-inside elementor-pagination-position-outside elementor-widget elementor-widget-image-carousel\" data-id=\"2dd46ce\" data-element_type=\"widget\" data-e-type=\"widget\" data-settings=\"{&quot;slides_to_show&quot;:&quot;3&quot;,&quot;image_spacing_custom&quot;:{&quot;unit&quot;:&quot;px&quot;,&quot;size&quot;:4,&quot;sizes&quot;:[]},&quot;navigation&quot;:&quot;both&quot;,&quot;autoplay&quot;:&quot;yes&quot;,&quot;pause_on_hover&quot;:&quot;yes&quot;,&quot;pause_on_interaction&quot;:&quot;yes&quot;,&quot;autoplay_speed&quot;:5000,&quot;infinite&quot;:&quot;yes&quot;,&quot;speed&quot;:500,&quot;image_spacing_custom_tablet&quot;:{&quot;unit&quot;:&quot;px&quot;,&quot;size&quot;:&quot;&quot;,&quot;sizes&quot;:[]},&quot;image_spacing_custom_mobile&quot;:{&quot;unit&quot;:&quot;px&quot;,&quot;size&quot;:&quot;&quot;,&quot;sizes&quot;:[]}}\" data-widget_type=\"image-carousel.default\">\n\t\t\t\t<div class=\"elementor-widget-container\">\n\t\t\t\t\t\t\t<div class=\"elementor-image-carousel-wrapper swiper\" role=\"region\" aria-roledescription=\"carousel\" aria-label=\"Carrossel de imagens\" dir=\"ltr\">\n\t\t\t<div class=\"elementor-image-carousel swiper-wrapper\" aria-live=\"off\">\n\t\t\t\t\t\t\t\t<div class=\"swiper-slide\" role=\"group\" aria-roledescription=\"slide\" aria-label=\"1 of 4\"><figure class=\"swiper-slide-inner\"><img decoding=\"async\" class=\"swiper-slide-image\" src=\"https:\/\/bsghgranulator.com\/wp-content\/uploads\/2024\/12\/ACP-1000-radiator-granulator-machine-from-bsgh-factory.jpg\" alt=\"Copper and aluminum separator output testing for 5T\/H production line\" \/><\/figure><\/div><div class=\"swiper-slide\" role=\"group\" aria-roledescription=\"slide\" aria-label=\"2 of 4\"><figure class=\"swiper-slide-inner\"><img decoding=\"async\" class=\"swiper-slide-image\" src=\"https:\/\/bsghgranulator.com\/wp-content\/uploads\/2024\/12\/ACP-1000-radiator-recycling-plant-from-bsgh.jpg\" alt=\"BS-ACP1200 AC radiator recycling line installation in Malaysia\" \/><\/figure><\/div><div class=\"swiper-slide\" role=\"group\" aria-roledescription=\"slide\" aria-label=\"3 of 4\"><figure class=\"swiper-slide-inner\"><img decoding=\"async\" class=\"swiper-slide-image\" src=\"https:\/\/bsghgranulator.com\/wp-content\/uploads\/2026\/03\/Malaysia-client-satisfied-with-bsgh-radiator-large-recycling-lines-effect.jpg\" alt=\"Malaysia client satisfied with bsgh radiator large recycling line&#039;s effect\" \/><\/figure><\/div><div class=\"swiper-slide\" role=\"group\" aria-roledescription=\"slide\" aria-label=\"4 of 4\"><figure class=\"swiper-slide-inner\"><img decoding=\"async\" class=\"swiper-slide-image\" src=\"https:\/\/bsghgranulator.com\/wp-content\/uploads\/2026\/03\/Malaysia-client-visit-our-ac-radiator-crush-and-separate-line-factory.jpg\" alt=\"Malaysia client visit our ac radiator crush and separate line factory\" \/><\/figure><\/div>\t\t\t<\/div>\n\t\t\t\t\t\t\t\t\t\t\t\t<div class=\"elementor-swiper-button elementor-swiper-button-prev\" role=\"button\" tabindex=\"0\">\n\t\t\t\t\t\t<i aria-hidden=\"true\" class=\"eicon-chevron-left\"><\/i>\t\t\t\t\t<\/div>\n\t\t\t\t\t<div class=\"elementor-swiper-button elementor-swiper-button-next\" role=\"button\" tabindex=\"0\">\n\t\t\t\t\t\t<i aria-hidden=\"true\" class=\"eicon-chevron-right\"><\/i>\t\t\t\t\t<\/div>\n\t\t\t\t\n\t\t\t\t\t\t\t\t\t<div class=\"swiper-pagination\"><\/div>\n\t\t\t\t\t\t\t\t\t<\/div>\n\t\t\t\t\t\t<\/div>\n\t\t\t\t<\/div>\n\t\t\t\t\t<\/div>\n\t\t\t\t<\/div>\n\t\t<div class=\"elementor-element elementor-element-064b16f e-con-full e-flex e-con e-parent\" data-id=\"064b16f\" data-element_type=\"container\" data-e-type=\"container\" data-settings=\"{&quot;background_background&quot;:&quot;classic&quot;}\">\n\t\t<div class=\"elementor-element elementor-element-e92d263 e-flex e-con-boxed e-con e-child\" data-id=\"e92d263\" data-element_type=\"container\" data-e-type=\"container\">\n\t\t\t\t\t<div class=\"e-con-inner\">\n\t\t\t\t<div class=\"elementor-element elementor-element-4680184 elementor-widget elementor-widget-heading\" data-id=\"4680184\" data-element_type=\"widget\" data-e-type=\"widget\" data-widget_type=\"heading.default\">\n\t\t\t\t<div class=\"elementor-widget-container\">\n\t\t\t\t\t<h3 class=\"elementor-heading-title elementor-size-default\">large AC radiator crushing and separation line Testing video after production finished<\/h3>\t\t\t\t<\/div>\n\t\t\t\t<\/div>\n\t\t\t\t<div class=\"elementor-element elementor-element-9ba8ba5 elementor-widget__width-initial elementor-widget elementor-widget-text-editor\" data-id=\"9ba8ba5\" data-element_type=\"widget\" data-e-type=\"widget\" data-widget_type=\"text-editor.default\">\n\t\t\t\t<div class=\"elementor-widget-container\">\n\t\t\t\t\t\t\t\t\t<p>When Mr. Huang&#8217;s BS-ACP1200 was ready without painting, we tested the bare machine for him, our machine can crush scrap curved and wide ac radiators into copper and aluminum pcs in order for following copper and aluminum separator, then iron removal, lastly pure aluminum foil and copper chips discharges from different vibrating table outlets, no copper-aluminum clad, after watching the video, Huang was looking forward to receiving his machine soon.<\/p>\t\t\t\t\t\t\t\t<\/div>\n\t\t\t\t<\/div>\n\t\t<div class=\"elementor-element elementor-element-12ac7bc e-grid e-con-boxed e-con e-child\" data-id=\"12ac7bc\" data-element_type=\"container\" data-e-type=\"container\">\n\t\t\t\t\t<div class=\"e-con-inner\">\n\t\t\t\t<div class=\"elementor-element elementor-element-e35b435 elementor-widget elementor-widget-video\" data-id=\"e35b435\" data-element_type=\"widget\" data-e-type=\"widget\" data-settings=\"{&quot;youtube_url&quot;:&quot;https:\\\/\\\/www.youtube.com\\\/watch?v=tV6W6li9cy0&amp;t=5s&quot;,&quot;end&quot;:60,&quot;video_type&quot;:&quot;youtube&quot;,&quot;controls&quot;:&quot;yes&quot;}\" data-widget_type=\"video.default\">\n\t\t\t\t<div class=\"elementor-widget-container\">\n\t\t\t\t\t\t\t<div class=\"elementor-wrapper elementor-open-inline\">\n\t\t\t<div class=\"elementor-video\"><\/div>\t\t<\/div>\n\t\t\t\t\t\t<\/div>\n\t\t\t\t<\/div>\n\t\t\t\t<div class=\"elementor-element elementor-element-37b9b8b elementor-widget elementor-widget-video\" data-id=\"37b9b8b\" data-element_type=\"widget\" data-e-type=\"widget\" data-settings=\"{&quot;youtube_url&quot;:&quot;https:\\\/\\\/www.youtube.com\\\/watch?v=61-MzQnHZK0&amp;t=7s&quot;,&quot;end&quot;:150,&quot;start&quot;:1,&quot;video_type&quot;:&quot;youtube&quot;,&quot;controls&quot;:&quot;yes&quot;}\" data-widget_type=\"video.default\">\n\t\t\t\t<div class=\"elementor-widget-container\">\n\t\t\t\t\t\t\t<div class=\"elementor-wrapper elementor-open-inline\">\n\t\t\t<div class=\"elementor-video\"><\/div>\t\t<\/div>\n\t\t\t\t\t\t<\/div>\n\t\t\t\t<\/div>\n\t\t\t\t\t<\/div>\n\t\t\t\t<\/div>\n\t\t\t\t\t<\/div>\n\t\t\t\t<\/div>\n\t\t\t\t<\/div>\n\t\t<div class=\"elementor-element elementor-element-c20c025 e-flex e-con-boxed e-con e-parent\" data-id=\"c20c025\" data-element_type=\"container\" data-e-type=\"container\" data-settings=\"{&quot;background_background&quot;:&quot;classic&quot;}\">\n\t\t\t\t\t<div class=\"e-con-inner\">\n\t\t\t\t<div class=\"elementor-element elementor-element-8efc8d6 elementor-widget elementor-widget-heading\" data-id=\"8efc8d6\" data-element_type=\"widget\" data-e-type=\"widget\" data-widget_type=\"heading.default\">\n\t\t\t\t<div class=\"elementor-widget-container\">\n\t\t\t\t\t<h2 class=\"elementor-heading-title elementor-size-default\">heavy duty radiator recycling line production and loading<\/h2>\t\t\t\t<\/div>\n\t\t\t\t<\/div>\n\t\t<div class=\"elementor-element elementor-element-b564c52 e-grid e-con-boxed e-con e-child\" data-id=\"b564c52\" data-element_type=\"container\" data-e-type=\"container\">\n\t\t\t\t\t<div class=\"e-con-inner\">\n\t\t\t\t<div class=\"elementor-element elementor-element-67957cd elementor-arrows-position-inside elementor-pagination-position-outside elementor-widget elementor-widget-image-carousel\" data-id=\"67957cd\" data-element_type=\"widget\" data-e-type=\"widget\" data-settings=\"{&quot;slides_to_show&quot;:&quot;2&quot;,&quot;image_spacing_custom&quot;:{&quot;unit&quot;:&quot;px&quot;,&quot;size&quot;:6,&quot;sizes&quot;:[]},&quot;navigation&quot;:&quot;both&quot;,&quot;autoplay&quot;:&quot;yes&quot;,&quot;pause_on_hover&quot;:&quot;yes&quot;,&quot;pause_on_interaction&quot;:&quot;yes&quot;,&quot;autoplay_speed&quot;:5000,&quot;infinite&quot;:&quot;yes&quot;,&quot;speed&quot;:500,&quot;image_spacing_custom_tablet&quot;:{&quot;unit&quot;:&quot;px&quot;,&quot;size&quot;:&quot;&quot;,&quot;sizes&quot;:[]},&quot;image_spacing_custom_mobile&quot;:{&quot;unit&quot;:&quot;px&quot;,&quot;size&quot;:&quot;&quot;,&quot;sizes&quot;:[]}}\" data-widget_type=\"image-carousel.default\">\n\t\t\t\t<div class=\"elementor-widget-container\">\n\t\t\t\t\t\t\t<div class=\"elementor-image-carousel-wrapper swiper\" role=\"region\" aria-roledescription=\"carousel\" aria-label=\"Carrossel de imagens\" dir=\"ltr\">\n\t\t\t<div class=\"elementor-image-carousel swiper-wrapper\" aria-live=\"off\">\n\t\t\t\t\t\t\t\t<div class=\"swiper-slide\" role=\"group\" aria-roledescription=\"slide\" aria-label=\"1 of 6\"><figure class=\"swiper-slide-inner\"><img decoding=\"async\" class=\"swiper-slide-image\" src=\"https:\/\/bsghgranulator.com\/wp-content\/uploads\/2025\/09\/second-crusher-of-heavy-duty-radiator-recycling-line-acp1000-from-bsgh-300x300.jpg\" alt=\"vertical crusher of heavy duty ac radiator recycling line acp1200 from bsgh\" \/><\/figure><\/div><div class=\"swiper-slide\" role=\"group\" aria-roledescription=\"slide\" aria-label=\"2 of 6\"><figure class=\"swiper-slide-inner\"><img decoding=\"async\" class=\"swiper-slide-image\" src=\"https:\/\/bsghgranulator.com\/wp-content\/uploads\/2026\/03\/bsgh-granulator-factory-direct-sales-ac-radiator-recycling-line-loading-for-Malaysia-client-300x300.jpg\" alt=\"bsgh granulator factory direct sales ac radiator recycling line loading for Malaysia client\" \/><\/figure><\/div><div class=\"swiper-slide\" role=\"group\" aria-roledescription=\"slide\" aria-label=\"3 of 6\"><figure class=\"swiper-slide-inner\"><img decoding=\"async\" class=\"swiper-slide-image\" src=\"https:\/\/bsghgranulator.com\/wp-content\/uploads\/2026\/03\/heavy-duty-ac-radiator-recycling-line-loading-in-container-for-Malaysia-client-300x300.jpg\" alt=\"heavy duty ac radiator recycling line loading in container for Malaysia client\" \/><\/figure><\/div><div class=\"swiper-slide\" role=\"group\" aria-roledescription=\"slide\" aria-label=\"4 of 6\"><figure class=\"swiper-slide-inner\"><img decoding=\"async\" class=\"swiper-slide-image\" src=\"https:\/\/bsghgranulator.com\/wp-content\/uploads\/2026\/03\/heavy-duty-ac-radiator-crush-and-separate-line-on-site-installation-in-Malaysia-300x300.jpg\" alt=\"heavy duty ac radiator crush and separate line on-site installation in Malaysia\" \/><\/figure><\/div><div class=\"swiper-slide\" role=\"group\" aria-roledescription=\"slide\" aria-label=\"5 of 6\"><figure class=\"swiper-slide-inner\"><img decoding=\"async\" class=\"swiper-slide-image\" src=\"https:\/\/bsghgranulator.com\/wp-content\/uploads\/2026\/03\/bsgh-granulator-5T-per-hour-AC-Radiator-recycling-Line-BS-ACP1200-install-in-Malaysia--300x300.jpg\" alt=\"bsgh granulator 5T per hour AC Radiator recycling Line BS-ACP1200 install in Malaysia\" \/><\/figure><\/div><div class=\"swiper-slide\" role=\"group\" aria-roledescription=\"slide\" aria-label=\"6 of 6\"><figure class=\"swiper-slide-inner\"><img decoding=\"async\" class=\"swiper-slide-image\" src=\"https:\/\/bsghgranulator.com\/wp-content\/uploads\/2026\/03\/Malaysia-client-crush-and-separate-radiator-scrap-with-our-industrial-recycling-line-BS-ACP1200-300x300.jpg\" alt=\"production for industrial ac radiator recycling line BS-ACP1200 for our Malaysia client\" \/><\/figure><\/div>\t\t\t<\/div>\n\t\t\t\t\t\t\t\t\t\t\t\t<div class=\"elementor-swiper-button elementor-swiper-button-prev\" role=\"button\" tabindex=\"0\">\n\t\t\t\t\t\t<i aria-hidden=\"true\" class=\"eicon-chevron-left\"><\/i>\t\t\t\t\t<\/div>\n\t\t\t\t\t<div class=\"elementor-swiper-button elementor-swiper-button-next\" role=\"button\" tabindex=\"0\">\n\t\t\t\t\t\t<i aria-hidden=\"true\" class=\"eicon-chevron-right\"><\/i>\t\t\t\t\t<\/div>\n\t\t\t\t\n\t\t\t\t\t\t\t\t\t<div class=\"swiper-pagination\"><\/div>\n\t\t\t\t\t\t\t\t\t<\/div>\n\t\t\t\t\t\t<\/div>\n\t\t\t\t<\/div>\n\t\t<div class=\"elementor-element elementor-element-9b94978 e-con-full e-flex e-con e-child\" data-id=\"9b94978\" data-element_type=\"container\" data-e-type=\"container\">\n\t\t\t\t<div class=\"elementor-element elementor-element-79faf03 elementor-widget elementor-widget-text-editor\" data-id=\"79faf03\" data-element_type=\"widget\" data-e-type=\"widget\" data-widget_type=\"text-editor.default\">\n\t\t\t\t<div class=\"elementor-widget-container\">\n\t\t\t\t\t\t\t\t\t<p>To meet Mr. Huang\u2019s urgent schedule without compromising precision, we optimized our production workflow for the BS-ACP1200 line, providing transparent updates from material selection to final assembly. The entire system was securely loaded into 2*40HQ containers and delivered to Malaysia ahead of the deadline. Mr. Huang was highly impressed by our ability to balance rapid delivery with rigorous quality control, reinforcing his trust in our professional partnership.<\/p>\t\t\t\t\t\t\t\t<\/div>\n\t\t\t\t<\/div>\n\t\t\t\t<div class=\"elementor-element elementor-element-8fe5c00 elementor-align-justify elementor-invisible elementor-widget elementor-widget-button\" data-id=\"8fe5c00\" data-element_type=\"widget\" data-e-type=\"widget\" data-settings=\"{&quot;_animation&quot;:&quot;fadeInUp&quot;,&quot;_animation_delay&quot;:600}\" data-widget_type=\"button.default\">\n\t\t\t\t<div class=\"elementor-widget-container\">\n\t\t\t\t\t\t\t\t\t<div class=\"elementor-button-wrapper\">\n\t\t\t\t\t<a class=\"elementor-button elementor-button-link elementor-size-sm elementor-animation-sink\" href=\"#elementor-action:action=popup:open&settings=eyJpZCI6Ijc1MDg5IiwidG9nZ2xlIjpmYWxzZX0=\">\n\t\t\t\t\t\t<span class=\"elementor-button-content-wrapper\">\n\t\t\t\t\t\t\t\t\t<span class=\"elementor-button-text\">Or\u00e7amento Gratuito<\/span>\n\t\t\t\t\t<\/span>\n\t\t\t\t\t<\/a>\n\t\t\t\t<\/div>\n\t\t\t\t\t\t\t\t<\/div>\n\t\t\t\t<\/div>\n\t\t\t\t<\/div>\n\t\t\t\t\t<\/div>\n\t\t\t\t<\/div>\n\t\t\t\t\t<\/div>\n\t\t\t\t<\/div>\n\t\t<div class=\"elementor-element elementor-element-f48b109 e-flex e-con-boxed e-con e-parent\" data-id=\"f48b109\" data-element_type=\"container\" data-e-type=\"container\">\n\t\t\t\t\t<div class=\"e-con-inner\">\n\t\t\t\t<div class=\"elementor-element elementor-element-358eaa6 elementor-widget elementor-widget-text-editor\" data-id=\"358eaa6\" data-element_type=\"widget\" data-e-type=\"widget\" data-widget_type=\"text-editor.default\">\n\t\t\t\t<div class=\"elementor-widget-container\">\n\t\t\t\t\t\t\t\t\t<p><strong>Explore more <a href=\"https:\/\/bsghgranulator.com\/pt\/case-studies\/\">Case Studies<\/a> of our recycling solutions worldwide.<\/strong><\/p>\t\t\t\t\t\t\t\t<\/div>\n\t\t\t\t<\/div>\n\t\t\t\t\t<\/div>\n\t\t\t\t<\/div>\n\t\t\t\t<\/div>","protected":false},"excerpt":{"rendered":"<p>Scrap Radiator Recycling: 5T\/H AC Radiator recycling Line in Malaysia Mr. Huang from Malaysia ordered newest BS-ACP1200 ac radiator crushing and separating line, he has become local leading radiator recycler:+ 99.9% separation rate and purity for copper-aluminum+ Environment-friendly, fits government standard+ 5T\/H large-scale processing capacity+ Customize motor, size, color, blades+ Professional team &amp; fast delivery [&hellip;]<\/p>","protected":false},"author":1,"featured_media":85519,"parent":98277,"menu_order":0,"comment_status":"closed","ping_status":"closed","template":"","meta":{"_seopress_robots_primary_cat":"","_seopress_titles_title":"Technician's Choice: 5T\/H Radiator Shredding & Separating Line in Malaysia","_seopress_titles_desc":"","_seopress_robots_index":"","footnotes":""},"class_list":["post-112027","page","type-page","status-publish","has-post-thumbnail","hentry"],"_links":{"self":[{"href":"https:\/\/bsghgranulator.com\/pt\/wp-json\/wp\/v2\/pages\/112027","targetHints":{"allow":["GET"]}}],"collection":[{"href":"https:\/\/bsghgranulator.com\/pt\/wp-json\/wp\/v2\/pages"}],"about":[{"href":"https:\/\/bsghgranulator.com\/pt\/wp-json\/wp\/v2\/types\/page"}],"author":[{"embeddable":true,"href":"https:\/\/bsghgranulator.com\/pt\/wp-json\/wp\/v2\/users\/1"}],"replies":[{"embeddable":true,"href":"https:\/\/bsghgranulator.com\/pt\/wp-json\/wp\/v2\/comments?post=112027"}],"version-history":[{"count":131,"href":"https:\/\/bsghgranulator.com\/pt\/wp-json\/wp\/v2\/pages\/112027\/revisions"}],"predecessor-version":[{"id":112440,"href":"https:\/\/bsghgranulator.com\/pt\/wp-json\/wp\/v2\/pages\/112027\/revisions\/112440"}],"up":[{"embeddable":true,"href":"https:\/\/bsghgranulator.com\/pt\/wp-json\/wp\/v2\/pages\/98277"}],"wp:featuredmedia":[{"embeddable":true,"href":"https:\/\/bsghgranulator.com\/pt\/wp-json\/wp\/v2\/media\/85519"}],"wp:attachment":[{"href":"https:\/\/bsghgranulator.com\/pt\/wp-json\/wp\/v2\/media?parent=112027"}],"curies":[{"name":"wp","href":"https:\/\/api.w.org\/{rel}","templated":true}]}}