{"id":94551,"date":"2025-05-27T10:57:38","date_gmt":"2025-05-27T02:57:38","guid":{"rendered":"https:\/\/bsghgranulator.com\/?post_type=product&#038;p=94551"},"modified":"2025-09-21T12:58:13","modified_gmt":"2025-09-21T04:58:13","slug":"bs-30a-bx-wire-stripping-machine","status":"publish","type":"product","link":"https:\/\/bsghgranulator.com\/pt\/product\/maquina-de-decapagem-de-fios-bs-30a-bx\/","title":{"rendered":"M\u00e1quina de decapagem de fios BS-30A BX"},"content":{"rendered":"<div data-elementor-type=\"product-post\" data-elementor-id=\"94551\" class=\"elementor elementor-94551\" data-elementor-post-type=\"product\">\n\t\t\t\t\t\t<section class=\"elementor-section elementor-top-section elementor-element elementor-element-c4f2b4a custom-ele-section-css elementor-section-boxed elementor-section-height-default elementor-section-height-default\" data-id=\"c4f2b4a\" data-element_type=\"section\" data-e-type=\"section\">\n\t\t\t\t\t\t<div class=\"elementor-container elementor-column-gap-default\">\n\t\t\t\t\t<div class=\"elementor-column elementor-col-100 elementor-top-column elementor-element elementor-element-f0c4d8e\" data-id=\"f0c4d8e\" data-element_type=\"column\" data-e-type=\"column\">\n\t\t\t<div class=\"elementor-widget-wrap elementor-element-populated\">\n\t\t\t\t\t\t<div class=\"elementor-element elementor-element-945d417 elementor-widget elementor-widget-heading\" data-id=\"945d417\" data-element_type=\"widget\" data-e-type=\"widget\" data-widget_type=\"heading.default\">\n\t\t\t\t<div class=\"elementor-widget-container\">\n\t\t\t\t\t<h2 class=\"elementor-heading-title elementor-size-default\">BS-30A wire stripping machine for sale<\/h2>\t\t\t\t<\/div>\n\t\t\t\t<\/div>\n\t\t\t\t<div class=\"elementor-element elementor-element-e8d190d elementor-widget elementor-widget-text-editor\" data-id=\"e8d190d\" data-element_type=\"widget\" data-e-type=\"widget\" data-widget_type=\"text-editor.default\">\n\t\t\t\t<div class=\"elementor-widget-container\">\n\t\t\t\t\t\t\t\t\t<p>Para descascar fios BX, \u00e9 necess\u00e1rio muito pouco decapador, pois s\u00e3o cabos muito especiais.<\/p>\t\t\t\t\t\t\t\t<\/div>\n\t\t\t\t<\/div>\n\t\t\t\t<div class=\"elementor-element elementor-element-ba7af1b elementor-widget elementor-widget-text-editor\" data-id=\"ba7af1b\" data-element_type=\"widget\" data-e-type=\"widget\" data-widget_type=\"text-editor.default\">\n\t\t\t\t<div class=\"elementor-widget-container\">\n\t\t\t\t\t\t\t\t\t<table><tbody><tr><td width=\"287\"><p><strong><b>Modelo<\/b><\/strong><\/p><\/td><td width=\"287\"><p>M\u00e1quina de decapagem de fios BS-30A BX<\/p><\/td><\/tr><tr><td width=\"287\"><p><strong><b>Poder<\/b><\/strong><\/p><\/td><td width=\"287\"><p>3 kW<\/p><\/td><\/tr><tr><td width=\"287\"><p><strong><b>Tamanho da m\u00e1quina<\/b><\/strong><\/p><\/td><td width=\"287\"><p>C800 mm * L650 mm * A980 mm<\/p><\/td><\/tr><tr><td width=\"287\"><p><strong><b>Peso<\/b><\/strong><\/p><\/td><td width=\"287\"><p>200 kg<\/p><\/td><\/tr><tr><td width=\"287\"><p><strong><b>Faixa de processamento<\/b><\/strong><\/p><\/td><td width=\"287\"><p>&lt;\u03c630mm<\/p><\/td><\/tr><tr><td width=\"287\"><p><strong><b>Velocidade de decapagem<\/b><\/strong><\/p><\/td><td width=\"287\"><p>m\u00e1x. 25 m\/min<\/p><\/td><\/tr><\/tbody><\/table>\t\t\t\t\t\t\t\t<\/div>\n\t\t\t\t<\/div>\n\t\t\t\t<div class=\"elementor-element elementor-element-395ff29 elementor-widget elementor-widget-heading\" data-id=\"395ff29\" data-element_type=\"widget\" data-e-type=\"widget\" data-widget_type=\"heading.default\">\n\t\t\t\t<div class=\"elementor-widget-container\">\n\t\t\t\t\t<h2 class=\"elementor-heading-title elementor-size-default\">Como descascar o cabo BX?<\/h2>\t\t\t\t<\/div>\n\t\t\t\t<\/div>\n\t\t\t\t<div class=\"elementor-element elementor-element-b2249ba elementor-widget elementor-widget-text-editor\" data-id=\"b2249ba\" data-element_type=\"widget\" data-e-type=\"widget\" data-widget_type=\"text-editor.default\">\n\t\t\t\t<div class=\"elementor-widget-container\">\n\t\t\t\t\t\t\t\t\t<p>Recomendamos que voc\u00ea use a m\u00e1quina de decapagem de fios BX BS-30A junto com uma m\u00e1quina de decapagem de cabos para garantir que todos os materiais valiosos em cabos BX descartados sejam reciclados.<\/p><ul><li>Etapa 1: use o decapador de cabos BX BS-30A para descascar a armadura de alum\u00ednio ou a\u00e7o na parte externa do cabo BX.<\/li><li>O inv\u00f3lucro de metal pode ser separado em 100%, e as part\u00edculas de alum\u00ednio ou de a\u00e7o removidas podem ser posteriormente recicladas.<\/li><\/ul>\t\t\t\t\t\t\t\t<\/div>\n\t\t\t\t<\/div>\n\t\t\t\t<div class=\"elementor-element elementor-element-11b120c elementor-widget elementor-widget-image\" data-id=\"11b120c\" data-element_type=\"widget\" data-e-type=\"widget\" data-widget_type=\"image.default\">\n\t\t\t\t<div class=\"elementor-widget-container\">\n\t\t\t\t\t\t\t\t\t\t\t\t\t\t\t<img fetchpriority=\"high\" decoding=\"async\" width=\"500\" height=\"500\" src=\"https:\/\/bsghgranulator.com\/wp-content\/uploads\/2025\/05\/bx-cable-stripping-amchine-details.jpg\" class=\"attachment-large size-large wp-image-94599\" alt=\"Detalhes da m\u00e1quina de decapagem de cabos bx\" srcset=\"https:\/\/bsghgranulator.com\/wp-content\/uploads\/2025\/05\/bx-cable-stripping-amchine-details.jpg 500w, https:\/\/bsghgranulator.com\/wp-content\/uploads\/2025\/05\/bx-cable-stripping-amchine-details-300x300.jpg 300w, https:\/\/bsghgranulator.com\/wp-content\/uploads\/2025\/05\/bx-cable-stripping-amchine-details-150x150.jpg 150w, https:\/\/bsghgranulator.com\/wp-content\/uploads\/2025\/05\/bx-cable-stripping-amchine-details-12x12.jpg 12w, https:\/\/bsghgranulator.com\/wp-content\/uploads\/2025\/05\/bx-cable-stripping-amchine-details-100x100.jpg 100w\" sizes=\"(max-width: 500px) 100vw, 500px\" \/>\t\t\t\t\t\t\t\t\t\t\t\t\t\t\t<\/div>\n\t\t\t\t<\/div>\n\t\t\t\t<div class=\"elementor-element elementor-element-676ae32 elementor-widget elementor-widget-text-editor\" data-id=\"676ae32\" data-element_type=\"widget\" data-e-type=\"widget\" data-widget_type=\"text-editor.default\">\n\t\t\t\t<div class=\"elementor-widget-container\">\n\t\t\t\t\t\t\t\t\t<p>Etapa 2: Passe o cabo interno para um <a href=\"https:\/\/bsghgranulator.com\/pt\/maquina-de-decapagem-automatica-de-fios-ac-revolucionaria\/\">m\u00e1quina de decapagem de cabos comum<\/a> para separar ainda mais o isolamento pl\u00e1stico e o n\u00facleo de cobre. Ap\u00f3s essa etapa, voc\u00ea pode obter fios de cobre completos, que geralmente s\u00e3o vendidos a um pre\u00e7o mais alto.<\/p><p>Ou se voc\u00ea quiser maior efici\u00eancia e processamento autom\u00e1tico, voc\u00ea pode usar <a href=\"https:\/\/bsghgranulator.com\/pt\/maquina-de-reciclagem-de-fio-de-cobre-medio\/\">m\u00e1quina granuladora de cabos<\/a> para processar os cabos de sucata internos para obter gr\u00e2nulos de cobre puro e gr\u00e2nulos de pl\u00e1stico puro.<\/p>\t\t\t\t\t\t\t\t<\/div>\n\t\t\t\t<\/div>\n\t\t\t\t\t<\/div>\n\t\t<\/div>\n\t\t\t\t\t<\/div>\n\t\t<\/section>\n\t\t<div class=\"elementor-element elementor-element-4e94f6c e-flex e-con-boxed e-con e-parent\" data-id=\"4e94f6c\" data-element_type=\"container\" data-e-type=\"container\">\n\t\t\t\t\t<div class=\"e-con-inner\">\n\t\t<div class=\"elementor-element elementor-element-4457e3f e-con-full e-flex e-con e-child\" data-id=\"4457e3f\" data-element_type=\"container\" data-e-type=\"container\">\n\t\t\t\t<div class=\"elementor-element elementor-element-d3e24a3 elementor-widget elementor-widget-heading\" data-id=\"d3e24a3\" data-element_type=\"widget\" data-e-type=\"widget\" data-widget_type=\"heading.default\">\n\t\t\t\t<div class=\"elementor-widget-container\">\n\t\t\t\t\t<h2 class=\"elementor-heading-title elementor-size-default\">Por que nos escolher<\/h2>\t\t\t\t<\/div>\n\t\t\t\t<\/div>\n\t\t\t\t<div class=\"elementor-element elementor-element-191cb10 e-n-tabs-mobile elementor-widget elementor-widget-n-tabs\" data-id=\"191cb10\" data-element_type=\"widget\" data-e-type=\"widget\" data-settings=\"{&quot;horizontal_scroll&quot;:&quot;disable&quot;}\" data-widget_type=\"nested-tabs.default\">\n\t\t\t\t<div class=\"elementor-widget-container\">\n\t\t\t\t\t\t\t<div class=\"e-n-tabs\" data-widget-number=\"26331920\" aria-label=\"Guias. Abra itens com Enter ou Espa\u00e7o, feche com Escape e navegue usando as teclas de Seta.\">\n\t\t\t<div class=\"e-n-tabs-heading\" role=\"tablist\">\n\t\t\t\t\t<button id=\"e-n-tab-title-263319201\" data-tab-title-id=\"e-n-tab-title-263319201\" class=\"e-n-tab-title\" aria-selected=\"true\" data-tab-index=\"1\" role=\"tab\" tabindex=\"0\" aria-controls=\"e-n-tab-content-263319201\" style=\"--n-tabs-title-order: 1;\">\n\t\t\t\t\t\t<span class=\"e-n-tab-title-text\">\n\t\t\t\tRigoroso controle de qualidade\t\t\t<\/span>\n\t\t<\/button>\n\t\t\t\t<button id=\"e-n-tab-title-263319202\" data-tab-title-id=\"e-n-tab-title-263319202\" class=\"e-n-tab-title\" aria-selected=\"false\" data-tab-index=\"2\" role=\"tab\" tabindex=\"-1\" aria-controls=\"e-n-tab-content-263319202\" style=\"--n-tabs-title-order: 2;\">\n\t\t\t\t\t\t<span class=\"e-n-tab-title-text\">\n\t\t\t\tServi\u00e7o p\u00f3s-venda perfeito\t\t\t<\/span>\n\t\t<\/button>\n\t\t\t\t<button id=\"e-n-tab-title-263319203\" data-tab-title-id=\"e-n-tab-title-263319203\" class=\"e-n-tab-title\" aria-selected=\"false\" data-tab-index=\"3\" role=\"tab\" tabindex=\"-1\" aria-controls=\"e-n-tab-content-263319203\" style=\"--n-tabs-title-order: 3;\">\n\t\t\t\t\t\t<span class=\"e-n-tab-title-text\">\n\t\t\t\tservi\u00e7o personalizado\t\t\t<\/span>\n\t\t<\/button>\n\t\t\t\t\t<\/div>\n\t\t\t<div class=\"e-n-tabs-content\">\n\t\t\t\t<div id=\"e-n-tab-content-263319201\" role=\"tabpanel\" aria-labelledby=\"e-n-tab-title-263319201\" data-tab-index=\"1\" style=\"--n-tabs-title-order: 1;\" class=\"e-active elementor-element elementor-element-c1473e6 e-con-full e-flex e-con e-child\" data-id=\"c1473e6\" data-element_type=\"container\" data-e-type=\"container\">\n\t\t<div class=\"elementor-element elementor-element-fb50155 e-flex e-con-boxed e-con e-child\" data-id=\"fb50155\" data-element_type=\"container\" data-e-type=\"container\">\n\t\t\t\t\t<div class=\"e-con-inner\">\n\t\t\t\t<div class=\"elementor-element elementor-element-77423d8 elementor-widget elementor-widget-text-editor\" data-id=\"77423d8\" data-element_type=\"widget\" data-e-type=\"widget\" data-widget_type=\"text-editor.default\">\n\t\t\t\t<div class=\"elementor-widget-container\">\n\t\t\t\t\t\t\t\t\t<p><span style=\"color: var( --e-global-color-primary ); background-color: var( --e-global-color-52bdbc7 );\">A BSGH Granulator controla rigorosamente cada detalhe do processo de produ\u00e7\u00e3o. Da fabrica\u00e7\u00e3o das pe\u00e7as \u00e0 montagem completa da m\u00e1quina, cada pe\u00e7a \u00e9 fabricada de acordo com os mais altos padr\u00f5es de qualidade e passa por diversas inspe\u00e7\u00f5es de qualidade. Buscamos sempre o equil\u00edbrio perfeito entre alta qualidade e pre\u00e7os acess\u00edveis. Seja uma m\u00e1quina de decapagem de fios BX ou uma m\u00e1quina de decapagem comum, voc\u00ea pode confiar na BSGH Granulator como sua parceira confi\u00e1vel no futuro.<\/span><\/p>\t\t\t\t\t\t\t\t<\/div>\n\t\t\t\t<\/div>\n\t\t\t\t\t<\/div>\n\t\t\t\t<\/div>\n\t\t\t\t<\/div>\n\t\t<div id=\"e-n-tab-content-263319202\" role=\"tabpanel\" aria-labelledby=\"e-n-tab-title-263319202\" data-tab-index=\"2\" style=\"--n-tabs-title-order: 2;\" class=\"elementor-element elementor-element-32a125d e-con-full e-flex e-con e-child\" data-id=\"32a125d\" data-element_type=\"container\" data-e-type=\"container\">\n\t\t<div class=\"elementor-element elementor-element-d4e9c69 e-flex e-con-boxed e-con e-child\" data-id=\"d4e9c69\" data-element_type=\"container\" data-e-type=\"container\">\n\t\t\t\t\t<div class=\"e-con-inner\">\n\t\t\t\t<div class=\"elementor-element elementor-element-8e5c4ba elementor-widget elementor-widget-text-editor\" data-id=\"8e5c4ba\" data-element_type=\"widget\" data-e-type=\"widget\" data-widget_type=\"text-editor.default\">\n\t\t\t\t<div class=\"elementor-widget-container\">\n\t\t\t\t\t\t\t\t\t<p>Oferecemos treinamento para funcion\u00e1rios, m\u00e9todos de uso, m\u00e9todos de manuten\u00e7\u00e3o, etc., para ajud\u00e1-lo a usar melhor a m\u00e1quina. Al\u00e9m disso, oferecemos suporte t\u00e9cnico online em tempo real, com t\u00e9cnicos profissionais resolvendo quaisquer problemas que voc\u00ea encontrar durante o uso online.<\/p>\t\t\t\t\t\t\t\t<\/div>\n\t\t\t\t<\/div>\n\t\t\t\t\t<\/div>\n\t\t\t\t<\/div>\n\t\t\t\t<\/div>\n\t\t<div id=\"e-n-tab-content-263319203\" role=\"tabpanel\" aria-labelledby=\"e-n-tab-title-263319203\" data-tab-index=\"3\" style=\"--n-tabs-title-order: 3;\" class=\"elementor-element elementor-element-b500ee8 e-con-full e-flex e-con e-child\" data-id=\"b500ee8\" data-element_type=\"container\" data-e-type=\"container\">\n\t\t<div class=\"elementor-element elementor-element-2253e8d e-flex e-con-boxed e-con e-child\" data-id=\"2253e8d\" data-element_type=\"container\" data-e-type=\"container\">\n\t\t\t\t\t<div class=\"e-con-inner\">\n\t\t\t\t<div class=\"elementor-element elementor-element-5d24c8d elementor-widget elementor-widget-text-editor\" data-id=\"5d24c8d\" data-element_type=\"widget\" data-e-type=\"widget\" data-widget_type=\"text-editor.default\">\n\t\t\t\t<div class=\"elementor-widget-container\">\n\t\t\t\t\t\t\t\t\t<p>Caso tenha requisitos especiais para a m\u00e1quina, nossa equipe profissional de design criar\u00e1 uma solu\u00e7\u00e3o de reciclagem exclusiva para voc\u00ea. Oferecemos personaliza\u00e7\u00e3o flex\u00edvel do material da l\u00e2mina da m\u00e1quina, voltagem, marca do motor, pot\u00eancia, cor da m\u00e1quina, etc.<\/p>\t\t\t\t\t\t\t\t<\/div>\n\t\t\t\t<\/div>\n\t\t\t\t\t<\/div>\n\t\t\t\t<\/div>\n\t\t\t\t<\/div>\n\t\t\t\t\t<\/div>\n\t\t<\/div>\n\t\t\t\t\t\t<\/div>\n\t\t\t\t<\/div>\n\t\t\t\t<\/div>\n\t\t\t\t\t<\/div>\n\t\t\t\t<\/div>\n\t\t\t\t<section class=\"elementor-section elementor-top-section elementor-element elementor-element-e4c03e9 custom-ele-section-css elementor-section-boxed elementor-section-height-default elementor-section-height-default\" data-id=\"e4c03e9\" data-element_type=\"section\" data-e-type=\"section\">\n\t\t\t\t\t\t<div class=\"elementor-container elementor-column-gap-default\">\n\t\t\t\t\t<div class=\"elementor-column elementor-col-100 elementor-top-column elementor-element elementor-element-57d6def\" data-id=\"57d6def\" data-element_type=\"column\" data-e-type=\"column\">\n\t\t\t<div class=\"elementor-widget-wrap elementor-element-populated\">\n\t\t\t\t\t\t<div class=\"elementor-element elementor-element-599521d elementor-widget elementor-widget-heading\" data-id=\"599521d\" data-element_type=\"widget\" data-e-type=\"widget\" data-widget_type=\"heading.default\">\n\t\t\t\t<div class=\"elementor-widget-container\">\n\t\t\t\t\t<h2 class=\"elementor-heading-title elementor-size-default\">M\u00e1quina de decapagem de fios bX Embalagem<\/h2>\t\t\t\t<\/div>\n\t\t\t\t<\/div>\n\t\t\t\t<div class=\"elementor-element elementor-element-b5c3eb7 elementor-widget elementor-widget-text-editor\" data-id=\"b5c3eb7\" data-element_type=\"widget\" data-e-type=\"widget\" data-widget_type=\"text-editor.default\">\n\t\t\t\t<div class=\"elementor-widget-container\">\n\t\t\t\t\t\t\t\t\t<p>Assim como outras m\u00e1quinas de decapagem, a m\u00e1quina de decapagem de fios BX foi embalada em caixa de madeira compensada.<\/p>\t\t\t\t\t\t\t\t<\/div>\n\t\t\t\t<\/div>\n\t\t\t\t<div class=\"elementor-element elementor-element-744587b elementor-widget elementor-widget-gallery\" data-id=\"744587b\" data-element_type=\"widget\" data-e-type=\"widget\" data-settings=\"{&quot;columns&quot;:3,&quot;gap&quot;:{&quot;unit&quot;:&quot;px&quot;,&quot;size&quot;:12,&quot;sizes&quot;:[]},&quot;aspect_ratio&quot;:&quot;4:3&quot;,&quot;lazyload&quot;:&quot;yes&quot;,&quot;gallery_layout&quot;:&quot;grid&quot;,&quot;columns_tablet&quot;:2,&quot;columns_mobile&quot;:1,&quot;gap_tablet&quot;:{&quot;unit&quot;:&quot;px&quot;,&quot;size&quot;:10,&quot;sizes&quot;:[]},&quot;gap_mobile&quot;:{&quot;unit&quot;:&quot;px&quot;,&quot;size&quot;:10,&quot;sizes&quot;:[]},&quot;link_to&quot;:&quot;file&quot;,&quot;overlay_background&quot;:&quot;yes&quot;,&quot;content_hover_animation&quot;:&quot;fade-in&quot;}\" data-widget_type=\"gallery.default\">\n\t\t\t\t<div class=\"elementor-widget-container\">\n\t\t\t\t\t\t\t<div class=\"elementor-gallery__container\">\n\t\t\t\t\t\t\t<a class=\"e-gallery-item elementor-gallery-item elementor-animated-content\" href=\"https:\/\/bsghgranulator.com\/wp-content\/uploads\/2025\/01\/shredder-packing-on-the-truck.jpg\" data-elementor-open-lightbox=\"no\">\n\t\t\t\t\t<div class=\"e-gallery-image elementor-gallery-item__image\" data-thumbnail=\"https:\/\/bsghgranulator.com\/wp-content\/uploads\/2025\/01\/shredder-packing-on-the-truck.jpg\" data-width=\"600\" data-height=\"400\" aria-label=\"motor dismantling machine packing on the truck\" role=\"img\" ><\/div>\n\t\t\t\t\t\t\t\t\t\t\t<div class=\"elementor-gallery-item__overlay\"><\/div>\n\t\t\t\t\t\t\t\t\t\t\t\t\t\t<\/a>\n\t\t\t\t\t\t\t<a class=\"e-gallery-item elementor-gallery-item elementor-animated-content\" href=\"https:\/\/bsghgranulator.com\/wp-content\/uploads\/2025\/01\/shredder-packing-from-bsgh-manufactory.jpg\" data-elementor-open-lightbox=\"no\">\n\t\t\t\t\t<div class=\"e-gallery-image elementor-gallery-item__image\" data-thumbnail=\"https:\/\/bsghgranulator.com\/wp-content\/uploads\/2025\/01\/shredder-packing-from-bsgh-manufactory.jpg\" data-width=\"500\" data-height=\"500\" aria-label=\"embalagem trituradora da f\u00e1brica BSGH\" role=\"img\" ><\/div>\n\t\t\t\t\t\t\t\t\t\t\t<div class=\"elementor-gallery-item__overlay\"><\/div>\n\t\t\t\t\t\t\t\t\t\t\t\t\t\t<\/a>\n\t\t\t\t\t\t\t<a class=\"e-gallery-item elementor-gallery-item elementor-animated-content\" href=\"https:\/\/bsghgranulator.com\/wp-content\/uploads\/2022\/11\/packing.jpg\" data-elementor-open-lightbox=\"no\">\n\t\t\t\t\t<div class=\"e-gallery-image elementor-gallery-item__image\" data-thumbnail=\"https:\/\/bsghgranulator.com\/wp-content\/uploads\/2022\/11\/packing.jpg\" data-width=\"400\" data-height=\"500\" aria-label=\"embalagem e entrega\" role=\"img\" ><\/div>\n\t\t\t\t\t\t\t\t\t\t\t<div class=\"elementor-gallery-item__overlay\"><\/div>\n\t\t\t\t\t\t\t\t\t\t\t\t\t\t<\/a>\n\t\t\t\t\t<\/div>\n\t\t\t\t\t<\/div>\n\t\t\t\t<\/div>\n\t\t\t\t\t<\/div>\n\t\t<\/div>\n\t\t\t\t\t<\/div>\n\t\t<\/section>\n\t\t\t\t<section class=\"elementor-section elementor-top-section elementor-element elementor-element-920c1e2 custom-ele-section-css elementor-section-boxed elementor-section-height-default elementor-section-height-default\" data-id=\"920c1e2\" data-element_type=\"section\" data-e-type=\"section\">\n\t\t\t\t\t\t<div class=\"elementor-container elementor-column-gap-default\">\n\t\t\t\t\t<div class=\"elementor-column elementor-col-100 elementor-top-column elementor-element elementor-element-ebc86ec\" data-id=\"ebc86ec\" data-element_type=\"column\" data-e-type=\"column\">\n\t\t\t<div class=\"elementor-widget-wrap elementor-element-populated\">\n\t\t\t\t\t\t<div class=\"elementor-element elementor-element-54bd2c5 elementor-widget elementor-widget-heading\" data-id=\"54bd2c5\" data-element_type=\"widget\" data-e-type=\"widget\" data-widget_type=\"heading.default\">\n\t\t\t\t<div class=\"elementor-widget-container\">\n\t\t\t\t\t<h2 class=\"elementor-heading-title elementor-size-default\">Perguntas frequentes<\/h2>\t\t\t\t<\/div>\n\t\t\t\t<\/div>\n\t\t\t\t<div class=\"elementor-element elementor-element-36ca822 elementor-widget elementor-widget-elementskit-faq\" data-id=\"36ca822\" data-element_type=\"widget\" data-e-type=\"widget\" data-widget_type=\"elementskit-faq.default\">\n\t\t\t\t<div class=\"elementor-widget-container\">\n\t\t\t\t\t<div class=\"ekit-wid-con\" >\n                <div class=\"elementskit-single-faq elementor-repeater-item-db6ae07\">\n            <div class=\"elementskit-faq-header\">\n                <h2 class=\"elementskit-faq-title\">A m\u00e1quina de decapagem de fios BS-30A BX pode processar tipos comuns de cabos?<\/h2>\n            <\/div>\n            <div class=\"elementskit-faq-body\">\n                N\u00e3o \u00e9 poss\u00edvel, mas n\u00e3o \u00e9 recomend\u00e1vel. A m\u00e1quina de decapagem de fios BX BS-30A \u00e9 um modelo especialmente projetado para fios BX e cabos revestidos de metal. Para cabos comuns, temos modelos mais adequados e baratos para voc\u00ea.            <\/div>\n        <\/div>\n                <div class=\"elementskit-single-faq elementor-repeater-item-99d874e\">\n            <div class=\"elementskit-faq-header\">\n                <h2 class=\"elementskit-faq-title\">Quais s\u00e3o as pe\u00e7as consum\u00edveis da m\u00e1quina?<\/h2>\n            <\/div>\n            <div class=\"elementskit-faq-body\">\n                L\u00e2minas. Geralmente, recomendamos que voc\u00ea compre algumas l\u00e2minas extras para uso a longo prazo.            <\/div>\n        <\/div>\n                <div class=\"elementskit-single-faq elementor-repeater-item-852ea38\">\n            <div class=\"elementskit-faq-header\">\n                <h2 class=\"elementskit-faq-title\">Terei desconto se comprar mais de um?<\/h2>\n            <\/div>\n            <div class=\"elementskit-faq-body\">\n                Sim, quanto maior a quantidade, maior o desconto. Informe a quantidade que deseja encomendar e lhe daremos o melhor pre\u00e7o.            <\/div>\n        <\/div>\n                <div class=\"elementskit-single-faq elementor-repeater-item-7610a55\">\n            <div class=\"elementskit-faq-header\">\n                <h2 class=\"elementskit-faq-title\">Com que frequ\u00eancia devo trocar a l\u00e2mina?<\/h2>\n            <\/div>\n            <div class=\"elementskit-faq-body\">\n                Depende do seu uso. Quando a l\u00e2mina ficar cega e o efeito de descascamento n\u00e3o for o ideal, voc\u00ea precisar\u00e1 substitu\u00ed-la.            <\/div>\n        <\/div>\n                \n    <\/div>\t\t\t\t<\/div>\n\t\t\t\t<\/div>\n\t\t\t\t\t<\/div>\n\t\t<\/div>\n\t\t\t\t\t<\/div>\n\t\t<\/section>\n\t\t\t\t<\/div>","protected":false},"excerpt":{"rendered":"<ul>\n<li>Especialmente projetado para descascar fios BX e cabos revestidos de metal (cabo MC).<\/li>\n<li>Equipado com 4 portas de alimenta\u00e7\u00e3o de tamanhos diferentes, o operador s\u00f3 precisa empurrar o fio BX para dentro da m\u00e1quina a partir de uma porta de tamanho semelhante, \u00e9 pr\u00e1tico e f\u00e1cil de operar.<\/li>\n<li>A m\u00e1quina \u00e9 equipada com rodas universais, que permitem f\u00e1cil movimenta\u00e7\u00e3o.<\/li>\n<li>O bot\u00e3o de parada de emerg\u00eancia permite que o equipamento pare rapidamente em uma situa\u00e7\u00e3o de emerg\u00eancia, minimizando os riscos de seguran\u00e7a.<\/li>\n<li>A m\u00e1quina de decapagem de fios BS-30A BX possui um interruptor reverso para evitar que as mat\u00e9rias-primas fiquem presas na m\u00e1quina e garantir uma opera\u00e7\u00e3o suave.<\/li>\n<li>Oferecemos garantia de um ano.<\/li>\n<\/ul>","protected":false},"featured_media":94598,"comment_status":"open","ping_status":"closed","template":"","meta":{"_seopress_robots_primary_cat":"none","_seopress_titles_title":"BS-30A BX Wire Stripping Machine, Industrial MC Cable Copper Wire Stripper","_seopress_titles_desc":"","_seopress_robots_index":""},"product_brand":[],"product_cat":[85],"product_tag":[],"class_list":{"0":"post-94551","1":"product","2":"type-product","3":"status-publish","4":"has-post-thumbnail","6":"product_cat-wire-stripper-machine","8":"first","9":"instock","10":"shipping-taxable","11":"product-type-simple"},"_links":{"self":[{"href":"https:\/\/bsghgranulator.com\/pt\/wp-json\/wp\/v2\/product\/94551","targetHints":{"allow":["GET"]}}],"collection":[{"href":"https:\/\/bsghgranulator.com\/pt\/wp-json\/wp\/v2\/product"}],"about":[{"href":"https:\/\/bsghgranulator.com\/pt\/wp-json\/wp\/v2\/types\/product"}],"replies":[{"embeddable":true,"href":"https:\/\/bsghgranulator.com\/pt\/wp-json\/wp\/v2\/comments?post=94551"}],"version-history":[{"count":4,"href":"https:\/\/bsghgranulator.com\/pt\/wp-json\/wp\/v2\/product\/94551\/revisions"}],"predecessor-version":[{"id":101665,"href":"https:\/\/bsghgranulator.com\/pt\/wp-json\/wp\/v2\/product\/94551\/revisions\/101665"}],"wp:featuredmedia":[{"embeddable":true,"href":"https:\/\/bsghgranulator.com\/pt\/wp-json\/wp\/v2\/media\/94598"}],"wp:attachment":[{"href":"https:\/\/bsghgranulator.com\/pt\/wp-json\/wp\/v2\/media?parent=94551"}],"wp:term":[{"taxonomy":"product_brand","embeddable":true,"href":"https:\/\/bsghgranulator.com\/pt\/wp-json\/wp\/v2\/product_brand?post=94551"},{"taxonomy":"product_cat","embeddable":true,"href":"https:\/\/bsghgranulator.com\/pt\/wp-json\/wp\/v2\/product_cat?post=94551"},{"taxonomy":"product_tag","embeddable":true,"href":"https:\/\/bsghgranulator.com\/pt\/wp-json\/wp\/v2\/product_tag?post=94551"}],"curies":[{"name":"wp","href":"https:\/\/api.w.org\/{rel}","templated":true}]}}